{"id":582881,"date":"2025-10-10T12:39:54","date_gmt":"2025-10-10T09:39:54","guid":{"rendered":"https:\/\/nbg.eu\/product\/barwarus-muzzle-break-bulldog-m24x1-5rh-black\/"},"modified":"2026-01-21T11:34:38","modified_gmt":"2026-01-21T08:34:38","slug":"barwarus-muzzle-break-bulldog-m24x1-5rh-black","status":"publish","type":"product","link":"https:\/\/nbg.eu\/sv\/produkt\/barwarus-muzzle-break-bulldog-m24x1-5rh-black\/","title":{"rendered":"BARWARUS MUZZLE BREAK BULLDOG M24X1.5RH BLACK"},"content":{"rendered":"<div class=\"product-description\">\n<h1>BARWARUS Bulldog 021 St\u00e5l M24x1.5 RH Rysk Kompensator<\/h1>\n<p>Version II av BARWARUS Bulldog mynningsbroms, f\u00f6r 5.45 och 7.62 kaliber gev\u00e4r. Denna kompensator \u00e4r tillverkad av st\u00e5l och har en svart skyddsbel\u00e4ggning.<\/p>\n<h2>Egenskaper:<\/h2>\n<ul>\n<li>M24x1.5 RH (h\u00f6gerg\u00e4ngad) extern g\u00e4nga<\/li>\n<li>Utformad f\u00f6r att minska rekyl<\/li>\n<li>Tillverkad av st\u00e5l<\/li>\n<li>Svart skyddsbel\u00e4ggning<\/li>\n<\/ul>\n<p>BARWARUS Bulldog 021 kompensator minskar rekyl, vilket m\u00f6jligg\u00f6r snabbare uppf\u00f6ljningsskott och f\u00f6rb\u00e4ttrad precision. Den \u00e4r konstruerad f\u00f6r att fungera i olika skjutf\u00f6rh\u00e5llanden.<\/p>\n<p>BARWARUS Bulldog 021 kan f\u00f6rb\u00e4ttra skjutprecision och kontroll.<\/p>\n<\/div>\n","protected":false},"excerpt":{"rendered":"<p>Mynningsbroms i st\u00e5l f\u00f6r gev\u00e4r. Reducerar rekyl. M24x1,5 h\u00f6gerg\u00e4ngad.<\/p>\n","protected":false},"featured_media":582915,"template":"","meta":{"_acf_changed":false},"product_brand":[],"product_cat":[13069],"product_tag":[],"class_list":{"0":"post-582881","1":"product","2":"type-product","3":"status-publish","4":"has-post-thumbnail","6":"product_cat-okategoriserad","8":"first","9":"outofstock","10":"taxable","11":"shipping-taxable","12":"purchasable","13":"product-type-simple"},"acf":[],"_links":{"self":[{"href":"https:\/\/nbg.eu\/sv\/wp-json\/wp\/v2\/product\/582881","targetHints":{"allow":["GET"]}}],"collection":[{"href":"https:\/\/nbg.eu\/sv\/wp-json\/wp\/v2\/product"}],"about":[{"href":"https:\/\/nbg.eu\/sv\/wp-json\/wp\/v2\/types\/product"}],"wp:featuredmedia":[{"embeddable":true,"href":"https:\/\/nbg.eu\/sv\/wp-json\/wp\/v2\/media\/582915"}],"wp:attachment":[{"href":"https:\/\/nbg.eu\/sv\/wp-json\/wp\/v2\/media?parent=582881"}],"wp:term":[{"taxonomy":"product_brand","embeddable":true,"href":"https:\/\/nbg.eu\/sv\/wp-json\/wp\/v2\/product_brand?post=582881"},{"taxonomy":"product_cat","embeddable":true,"href":"https:\/\/nbg.eu\/sv\/wp-json\/wp\/v2\/product_cat?post=582881"},{"taxonomy":"product_tag","embeddable":true,"href":"https:\/\/nbg.eu\/sv\/wp-json\/wp\/v2\/product_tag?post=582881"}],"curies":[{"name":"wp","href":"https:\/\/api.w.org\/{rel}","templated":true}]}}