{"id":58315,"date":"2024-02-20T19:05:47","date_gmt":"2024-02-20T19:05:47","guid":{"rendered":"https:\/\/nbg.eu\/product\/grovtec-heavy-duty-push-button-qd-sling-swivel\/"},"modified":"2026-05-13T16:02:35","modified_gmt":"2026-05-13T13:02:35","slug":"grovtec-heavy-duty-push-button-qd-sling-swivel","status":"publish","type":"product","link":"https:\/\/nbg.eu\/sv\/produkt\/grovtec-heavy-duty-push-button-qd-sling-swivel\/","title":{"rendered":"Geissele QD Rembeslag GROVTEC Heavy Duty"},"content":{"rendered":"<p>GROVTEC Push Button QD Sling Swivel \u00e4r ett tillbeh\u00f6r f\u00f6r 1-1\/4&#8243; remmar. Denna individuellt f\u00f6rpackade svivel har f\u00f6ljande egenskaper:<\/p>\n<ul>\n<li>Dragtestad upp till 204 kg<\/li>\n<li>Manganfosfaterad yta<\/li>\n<li>Tryckknappsmekanism f\u00f6r snabb avtagning<\/li>\n<li>H\u00e5llbar konstruktion<\/li>\n<\/ul>\n<p>Ett tillbeh\u00f6r f\u00f6r ditt skjutvapen.<\/p>\n","protected":false},"excerpt":{"rendered":"<p>Robust 1,25&#8243; gev\u00e4rsrem, testad f\u00f6r 204 kg, snabbkoppling med tryckknapp, matt finish.<\/p>\n","protected":false},"featured_media":58316,"template":"","meta":{"_acf_changed":false},"product_brand":[11396],"product_cat":[13014,12989,14935],"product_tag":[],"class_list":{"0":"post-58315","1":"product","2":"type-product","3":"status-publish","4":"has-post-thumbnail","6":"product_brand-geissele","7":"product_cat-gevaerstuning","8":"product_cat-remmar","9":"product_cat-sling-swivels-sv","11":"first","12":"instock","13":"taxable","14":"shipping-taxable","15":"product-type-simple"},"acf":[],"_links":{"self":[{"href":"https:\/\/nbg.eu\/sv\/wp-json\/wp\/v2\/product\/58315","targetHints":{"allow":["GET"]}}],"collection":[{"href":"https:\/\/nbg.eu\/sv\/wp-json\/wp\/v2\/product"}],"about":[{"href":"https:\/\/nbg.eu\/sv\/wp-json\/wp\/v2\/types\/product"}],"wp:featuredmedia":[{"embeddable":true,"href":"https:\/\/nbg.eu\/sv\/wp-json\/wp\/v2\/media\/58316"}],"wp:attachment":[{"href":"https:\/\/nbg.eu\/sv\/wp-json\/wp\/v2\/media?parent=58315"}],"wp:term":[{"taxonomy":"product_brand","embeddable":true,"href":"https:\/\/nbg.eu\/sv\/wp-json\/wp\/v2\/product_brand?post=58315"},{"taxonomy":"product_cat","embeddable":true,"href":"https:\/\/nbg.eu\/sv\/wp-json\/wp\/v2\/product_cat?post=58315"},{"taxonomy":"product_tag","embeddable":true,"href":"https:\/\/nbg.eu\/sv\/wp-json\/wp\/v2\/product_tag?post=58315"}],"curies":[{"name":"wp","href":"https:\/\/api.w.org\/{rel}","templated":true}]}}