{"id":58491,"date":"2024-02-17T21:23:00","date_gmt":"2024-02-17T18:23:00","guid":{"rendered":"https:\/\/nbg.eu\/product\/magazine-well-reaction-block-geissele-vise-block\/"},"modified":"2026-04-22T11:42:30","modified_gmt":"2026-04-22T08:42:30","slug":"magazine-well-reaction-block-geissele-vise-block","status":"publish","type":"product","link":"https:\/\/nbg.eu\/sv\/produkt\/magazine-well-reaction-block-geissele-vise-block\/","title":{"rendered":"Geissele Skruvst\u00e4dsblock Vise Block"},"content":{"rendered":"<p><strong>Geissele Automatics magasinbrunnsskruvstycke<\/strong> \u00e4r ett verktyg f\u00f6r AR15\/M4 och AR10\/SR25 mottagare. Denna USA-tillverkade enhet erbjuder:<\/p>\n<ul>\n<li>Stabil plattform f\u00f6r undre mottagaroperationer<\/li>\n<li>Enkel installation av MLOK-muttrar<\/li>\n<li>F\u00f6renklad montering av bufferttuben<\/li>\n<li>M\u00f6jlighet att arbeta utan h\u00e4nderna<\/li>\n<\/ul>\n<p>Montera den p\u00e5 din arbetsb\u00e4nk f\u00f6r effektivt vapensmide.<\/p>\n","protected":false},"excerpt":{"rendered":"<p>S\u00e4kra AR15\/M4\/AR10\/SR25 lowers f\u00f6r handsfritt arbete. Tillverkad i USA.<\/p>\n","protected":false},"featured_media":58492,"template":"","meta":{"_acf_changed":false},"product_brand":[11396],"product_cat":[13033],"product_tag":[],"class_list":{"0":"post-58491","1":"product","2":"type-product","3":"status-publish","4":"has-post-thumbnail","6":"product_brand-geissele","7":"product_cat-verktyg","9":"first","10":"outofstock","11":"taxable","12":"shipping-taxable","13":"product-type-simple"},"acf":[],"_links":{"self":[{"href":"https:\/\/nbg.eu\/sv\/wp-json\/wp\/v2\/product\/58491","targetHints":{"allow":["GET"]}}],"collection":[{"href":"https:\/\/nbg.eu\/sv\/wp-json\/wp\/v2\/product"}],"about":[{"href":"https:\/\/nbg.eu\/sv\/wp-json\/wp\/v2\/types\/product"}],"wp:featuredmedia":[{"embeddable":true,"href":"https:\/\/nbg.eu\/sv\/wp-json\/wp\/v2\/media\/58492"}],"wp:attachment":[{"href":"https:\/\/nbg.eu\/sv\/wp-json\/wp\/v2\/media?parent=58491"}],"wp:term":[{"taxonomy":"product_brand","embeddable":true,"href":"https:\/\/nbg.eu\/sv\/wp-json\/wp\/v2\/product_brand?post=58491"},{"taxonomy":"product_cat","embeddable":true,"href":"https:\/\/nbg.eu\/sv\/wp-json\/wp\/v2\/product_cat?post=58491"},{"taxonomy":"product_tag","embeddable":true,"href":"https:\/\/nbg.eu\/sv\/wp-json\/wp\/v2\/product_tag?post=58491"}],"curies":[{"name":"wp","href":"https:\/\/api.w.org\/{rel}","templated":true}]}}