{"id":60147,"date":"2024-02-15T10:54:43","date_gmt":"2024-02-15T07:54:43","guid":{"rendered":"https:\/\/nbg.eu\/product\/geissele-super-charging-handle-sch-7-62\/"},"modified":"2026-04-22T11:48:13","modified_gmt":"2026-04-22T08:48:13","slug":"geissele-super-charging-handle-sch-7-62","status":"publish","type":"product","link":"https:\/\/nbg.eu\/sv\/produkt\/geissele-super-charging-handle-sch-7-62\/","title":{"rendered":"Geissele Laddhandtag (SCH) 7.62"},"content":{"rendered":"<div class=\"product-description\">\n<h2>Geissele Laddhandtag (SCH\u00ae) 7.62<\/h2>\n<p>SCH\u00ae 7.62 \u00e4r ett ambidextr\u00f6st laddhandtag tillverkat av 7075-T6 aluminium. Det har dubbla spakar med r\u00e4fflade greppytor f\u00f6r enkel anv\u00e4ndning med handskar. Den f\u00f6rh\u00f6jda bakkanten minskar gasl\u00e4ckage, l\u00e4mpligt f\u00f6r korta pipor och ljudd\u00e4mpade system. Anodiserad yta f\u00f6r h\u00e5llbarhet, tillg\u00e4nglig i svart och \u00f6kengr\u00e5 f\u00e4rg.<\/p>\n<p>Kompatibel med de flesta SR25, DPMS\/LR308 och AR10-m\u00f6nstrade vapen. Kontrollera passformen med vapentillverkaren f\u00f6re installation.<\/p>\n<p><strong>Ej kompatibel med:<\/strong> HK 762, Colt 901, DPMS GII, Adams Arms .308 Patrol Rifle, Daniel Defense DD5, Sig 716, BPM Long Range Marksman .308, Smith &amp; Wesson MP-10, Bushmaster BAR-10, Rock River Arms LAR-8.<\/p>\n<\/div>\n","protected":false},"excerpt":{"rendered":"<p>Ambidextert laddhandtag i 7075-T6 aluminium f\u00f6r 7,62 mm gev\u00e4r.<\/p>\n","protected":false},"featured_media":60148,"template":"","meta":{"_acf_changed":false},"product_brand":[11396],"product_cat":[13053,13014,13048],"product_tag":[],"class_list":{"0":"post-60147","1":"product","2":"type-product","3":"status-publish","4":"has-post-thumbnail","6":"product_brand-geissele","7":"product_cat-gevaer","8":"product_cat-gevaerstuning","9":"product_cat-laddhandtag","11":"first","12":"instock","13":"taxable","14":"shipping-taxable","15":"product-type-variable","16":"wvs-archive-product-wrapper"},"acf":[],"_links":{"self":[{"href":"https:\/\/nbg.eu\/sv\/wp-json\/wp\/v2\/product\/60147","targetHints":{"allow":["GET"]}}],"collection":[{"href":"https:\/\/nbg.eu\/sv\/wp-json\/wp\/v2\/product"}],"about":[{"href":"https:\/\/nbg.eu\/sv\/wp-json\/wp\/v2\/types\/product"}],"wp:featuredmedia":[{"embeddable":true,"href":"https:\/\/nbg.eu\/sv\/wp-json\/wp\/v2\/media\/60148"}],"wp:attachment":[{"href":"https:\/\/nbg.eu\/sv\/wp-json\/wp\/v2\/media?parent=60147"}],"wp:term":[{"taxonomy":"product_brand","embeddable":true,"href":"https:\/\/nbg.eu\/sv\/wp-json\/wp\/v2\/product_brand?post=60147"},{"taxonomy":"product_cat","embeddable":true,"href":"https:\/\/nbg.eu\/sv\/wp-json\/wp\/v2\/product_cat?post=60147"},{"taxonomy":"product_tag","embeddable":true,"href":"https:\/\/nbg.eu\/sv\/wp-json\/wp\/v2\/product_tag?post=60147"}],"curies":[{"name":"wp","href":"https:\/\/api.w.org\/{rel}","templated":true}]}}