{"id":60373,"date":"2024-02-15T10:27:09","date_gmt":"2024-02-15T07:27:09","guid":{"rendered":"https:\/\/nbg.eu\/product\/geissele-super-charging-handle-sch-5-56\/"},"modified":"2026-01-21T12:20:20","modified_gmt":"2026-01-21T09:20:20","slug":"geissele-super-charging-handle-sch-5-56","status":"publish","type":"product","link":"https:\/\/nbg.eu\/sv\/produkt\/geissele-super-charging-handle-sch-5-56\/","title":{"rendered":"Geissele Super Charging Handle (SCH\u00ae) 5.56"},"content":{"rendered":"<div class=\"product-description\">\n<h2>Geissele Laddningshandtag (SCH\u00ae) 5.56<\/h2>\n<p>Tillverkad av 7075-T6 aluminium, detta ambidextr\u00f6sa laddningshandtag har f\u00f6ljande egenskaper:<\/p>\n<ul>\n<li>Dubbla konturerade spakar med r\u00e4fflat grepp<\/li>\n<li>F\u00f6rb\u00e4ttrad gasreducering f\u00f6r system med ljudd\u00e4mpare<\/li>\n<li>Typ 3 h\u00e5rdanodiserad yta<\/li>\n<li>Tillg\u00e4nglig i svart och DDC<\/li>\n<\/ul>\n<p>F\u00f6rb\u00e4ttrar din AR-15:s ergonomi och h\u00e5llbarhet.<\/p>\n<\/div>\n","protected":false},"excerpt":{"rendered":"<p>Ambidextert laddhandtag i 7075-T6 aluminium. Gasreducerande design.<\/p>\n","protected":false},"featured_media":60374,"template":"","meta":{"_acf_changed":false},"product_brand":[11396],"product_cat":[13053,13014,13048],"product_tag":[],"class_list":{"0":"post-60373","1":"product","2":"type-product","3":"status-publish","4":"has-post-thumbnail","6":"product_brand-geissele","7":"product_cat-gevaer","8":"product_cat-gevaerstuning","9":"product_cat-laddhandtag","11":"first","12":"instock","13":"taxable","14":"shipping-taxable","15":"product-type-variable","16":"wvs-archive-product-wrapper"},"acf":[],"_links":{"self":[{"href":"https:\/\/nbg.eu\/sv\/wp-json\/wp\/v2\/product\/60373","targetHints":{"allow":["GET"]}}],"collection":[{"href":"https:\/\/nbg.eu\/sv\/wp-json\/wp\/v2\/product"}],"about":[{"href":"https:\/\/nbg.eu\/sv\/wp-json\/wp\/v2\/types\/product"}],"wp:featuredmedia":[{"embeddable":true,"href":"https:\/\/nbg.eu\/sv\/wp-json\/wp\/v2\/media\/60374"}],"wp:attachment":[{"href":"https:\/\/nbg.eu\/sv\/wp-json\/wp\/v2\/media?parent=60373"}],"wp:term":[{"taxonomy":"product_brand","embeddable":true,"href":"https:\/\/nbg.eu\/sv\/wp-json\/wp\/v2\/product_brand?post=60373"},{"taxonomy":"product_cat","embeddable":true,"href":"https:\/\/nbg.eu\/sv\/wp-json\/wp\/v2\/product_cat?post=60373"},{"taxonomy":"product_tag","embeddable":true,"href":"https:\/\/nbg.eu\/sv\/wp-json\/wp\/v2\/product_tag?post=60373"}],"curies":[{"name":"wp","href":"https:\/\/api.w.org\/{rel}","templated":true}]}}