{"id":672186,"date":"2025-11-17T17:17:59","date_gmt":"2025-11-17T14:17:59","guid":{"rendered":"https:\/\/nbg.eu\/product\/termisk-kamera-nocpix-vista-s50r-med-lrf-1280x1024-15mk-netd\/"},"modified":"2026-04-14T16:22:32","modified_gmt":"2026-04-14T13:22:32","slug":"termisk-kamera-nocpix-vista-s50r-med-lrf-1280x1024-15mk-netd","status":"publish","type":"product","link":"https:\/\/nbg.eu\/sv\/produkt\/termisk-kamera-nocpix-vista-s50r-med-lrf-1280x1024-15mk-netd\/","title":{"rendered":"Nocpix V\u00e4rmekamera VISTA S50R LRF"},"content":{"rendered":"<h2>Termisk kamera Nocpix VISTA S50R med LRF 1280&#215;1024 \u226415mK NETD<\/h2>\n<p>Vista&#8217;s Vision+-system, med dess 2560\u00d72560 AMOLED-display och 8 mm pupilldiameter, erbjuder en immersiv tittupplevelse. Utrustad med en \u00f6verl\u00e4gsen sensor och integrerad LRF levererar Vista den h\u00f6gsta prestandan i branschen. Dess anv\u00e4ndarv\u00e4nliga design och f\u00f6rb\u00e4ttrad batteril\u00f6sning g\u00f6r den till den perfekta f\u00f6ljeslagaren f\u00f6r att \u00f6vervinna utmaningar utomhus.<\/p>\n<h2>Vision+-system: Immersiv syn<\/h2>\n<p>En cirkul\u00e4r AMOLED 2560\u00d72560-display optimerar den rumsliga effektiviteten och levererar livfulla visuella upplevelser. Med en 8 mm pupilldiameter och Pure Vision-l\u00e4ge ger Vista en bekv\u00e4m och immersiv tittupplevelse.<\/p>\n<h2>\u00d6verl\u00e4gsen sensor: Toppkvalitet p\u00e5 bildkvaliteten<\/h2>\n<p>V\u00e5r sj\u00e4lvutvecklade NETD \u226415mk 1280\u00d71024@12\u03bcm-sensor s\u00e4kerst\u00e4ller h\u00f6g bildkvalitet och stabil prestanda. Djurkonturer, anatomi och beteendeegenskaper blir l\u00e4tt urskiljbara.<\/p>\n<h2>Integrerad LRF: Precision och b\u00e4rbarhet<\/h2>\n<p>V\u00e5r 2-i-1 integrerade avst\u00e5ndsm\u00e4tare (LRF 1200m) kombinerar estetik med korrekt optisk axeljustering. Denna l\u00e4ttviktiga, kompakta konstruktion s\u00e4kerst\u00e4ller minimal linsutrymme samtidigt som den uppr\u00e4tth\u00e5ller en f\u00f6rstklassig bildkvalitet.<\/p>\n<h2>60 Hz bildfrekvens: Smidig r\u00f6relsef\u00e5ngst<\/h2>\n<p>Utrustad med en 60 Hz-detektor erbjuder Vista \u00f6verl\u00e4gsen mjukhet, vilket m\u00f6jligg\u00f6r precis f\u00e5ngst av r\u00f6rliga djur och h\u00f6ghastighetsscenarion. Denna betydande uppgradering fr\u00e5n 50 Hz ger j\u00e4mnare och mer exakta visualiseringar.<\/p>\n<h2>F0,9-objektiv: F\u00f6rb\u00e4ttrad ljusupptagning<\/h2>\n<p>F0,9-objektivet \u00e4r utformat f\u00f6r att f\u00f6rb\u00e4ttra ljusupptagningen med 20%, vilket avsev\u00e4rt f\u00f6rb\u00e4ttrar ljusstyrka och bildkvalitet j\u00e4mf\u00f6rt med traditionella F1,0-objektiv. Denna f\u00f6rb\u00e4ttring s\u00e4kerst\u00e4ller att varje detalj \u00e4r str\u00e5lande tydlig, vilket g\u00f6r Vista till den idealiska f\u00f6ljeslagaren f\u00f6r nattobservationer.<\/p>\n<h2>Flexibel laddning: Utbytbara batterier f\u00f6r f\u00f6rl\u00e4ngd drift<\/h2>\n<p>Vista erbjuder tv\u00e5 laddningsalternativ: utbytbara IBP-7\/4400mAh-batterier som l\u00e4tt kan bytas ut, eller direkt laddning via den inbyggda porten. Detta s\u00e4kerst\u00e4ller kontinuerlig drift s\u00e5 att du kan fokusera p\u00e5 jakt utan batteriproblem.<\/p>\n<h2>Stort synf\u00e4lt: F\u00f6rb\u00e4ttrad scenamedvetenhet<\/h2>\n<p>Med sin \u00f6verl\u00e4gsen 2X prim\u00e4rf\u00f6rstoring och expansiva synf\u00e4lt ger Vista S50R en exceptionell perspektivvy av omgivningen. Detta g\u00f6r det enkelt att uppt\u00e4cka och \u00f6vervaka flera m\u00e5l \u00f6ver stora landskap, vilket s\u00e4kerst\u00e4ller att varje r\u00f6relse f\u00e5ngas i klarhet.<\/p>\n<h2>Olika f\u00e4rgpaletter<\/h2>\n<p>Vista erbjuder 7 olika f\u00e4rgpaletter, inklusive r\u00f6d och ren gr\u00f6n monokrom-l\u00e4ge. Dessa \u00f6gonv\u00e4nliga alternativ hj\u00e4lper till att minska \u00f6gontr\u00f6tthet, vilket s\u00e4kerst\u00e4ller anstr\u00e4ngningsfri anv\u00e4ndning under l\u00e4ngre perioder.<\/p>\n<h2>Anv\u00e4ndarv\u00e4nlig design<\/h2>\n<p>Vistas tysta knappar s\u00e4kerst\u00e4ller tyst anv\u00e4ndning i m\u00f6rker, medan den roterande \u00f6gonmasken f\u00f6rhindrar ljusl\u00e4ckage och h\u00e5ller din n\u00e4rvaro dold f\u00f6r djur. Den helkl\u00e4dda TPU-l\u00e4dertexturen ger ett bekv\u00e4mt grepp, vilket g\u00f6r l\u00e5ngvarig anv\u00e4ndning enkel.<\/p>\n","protected":false},"excerpt":{"rendered":"<p>Nocpix VISTA S50R med LRF 1280&#215;1024 &lt;15mK NETD: Immersiv 2560&#215;2560 AMOLED-sk\u00e4rm, \u00f6verl\u00e4gsen 1280&#215;1024-sensor, integrerad LRF, F0.9-objektiv, 60 Hz bildfrekvens, flexibel laddning, stort synf\u00e4lt och anv\u00e4ndarv\u00e4nlig design.<\/p>\n<p>Om produkten inte finns tillg\u00e4nglig, kontakta oss: shop@nbg.eu eller +359896147790<\/p>\n","protected":false},"featured_media":673026,"template":"","meta":{"_acf_changed":false},"product_brand":[14465],"product_cat":[13024,16104],"product_tag":[],"class_list":{"0":"post-672186","1":"product","2":"type-product","3":"status-publish","4":"has-post-thumbnail","6":"product_brand-nocpix","7":"product_cat-termisk","8":"product_cat-thermal-cameras-sv","10":"first","11":"instock","12":"taxable","13":"shipping-taxable","14":"purchasable","15":"product-type-simple"},"acf":[],"_links":{"self":[{"href":"https:\/\/nbg.eu\/sv\/wp-json\/wp\/v2\/product\/672186","targetHints":{"allow":["GET"]}}],"collection":[{"href":"https:\/\/nbg.eu\/sv\/wp-json\/wp\/v2\/product"}],"about":[{"href":"https:\/\/nbg.eu\/sv\/wp-json\/wp\/v2\/types\/product"}],"wp:featuredmedia":[{"embeddable":true,"href":"https:\/\/nbg.eu\/sv\/wp-json\/wp\/v2\/media\/673026"}],"wp:attachment":[{"href":"https:\/\/nbg.eu\/sv\/wp-json\/wp\/v2\/media?parent=672186"}],"wp:term":[{"taxonomy":"product_brand","embeddable":true,"href":"https:\/\/nbg.eu\/sv\/wp-json\/wp\/v2\/product_brand?post=672186"},{"taxonomy":"product_cat","embeddable":true,"href":"https:\/\/nbg.eu\/sv\/wp-json\/wp\/v2\/product_cat?post=672186"},{"taxonomy":"product_tag","embeddable":true,"href":"https:\/\/nbg.eu\/sv\/wp-json\/wp\/v2\/product_tag?post=672186"}],"curies":[{"name":"wp","href":"https:\/\/api.w.org\/{rel}","templated":true}]}}