{"id":673418,"date":"2025-11-17T17:24:54","date_gmt":"2025-11-17T14:24:54","guid":{"rendered":"https:\/\/nbg.eu\/product\/termisk-kamera-nocpix-vista-h50r-med-lrf-50mm-12um-640x512-15mk-netd\/"},"modified":"2026-04-14T16:22:29","modified_gmt":"2026-04-14T13:22:29","slug":"termisk-kamera-nocpix-vista-h50r-med-lrf-50mm-12um-640x512-15mk-netd","status":"publish","type":"product","link":"https:\/\/nbg.eu\/sv\/produkt\/termisk-kamera-nocpix-vista-h50r-med-lrf-50mm-12um-640x512-15mk-netd\/","title":{"rendered":"Nocpix V\u00e4rmekamera VISTA H50R LRF"},"content":{"rendered":"<h2>Nocpix VISTA H50R &#8211; Avancerad v\u00e4rmekamera med laseravst\u00e5ndsm\u00e4tare<\/h2>\n<p>Nocpix VISTA H50R \u00e4r en avancerad v\u00e4rmekamera med en inbyggd laseravst\u00e5ndsm\u00e4tare (LRF) som \u00e4r utformad f\u00f6r anv\u00e4ndning b\u00e5de dag och natt. Den ger exceptionell bildkvalitet \u00e4ven under sv\u00e5ra v\u00e4derf\u00f6rh\u00e5llanden som dimma, smog och regn, och kan uppt\u00e4cka m\u00e5l genom hinder som grenar, h\u00f6gt gr\u00e4s och t\u00e4t v\u00e4xtlighet som normalt sett skymmer sikten.<\/p>\n<p>VISTA H50R \u00e4r mycket allsidigt och l\u00e4mpligt f\u00f6r ett brett spektrum av anv\u00e4ndningsomr\u00e5den, inklusive jakt, s\u00e4kerhet, \u00f6vervakning, terr\u00e4ninavigering och s\u00f6k- och r\u00e4ddningsinsatser. Den avancerade v\u00e4rmetekniken s\u00e4kerst\u00e4ller p\u00e5litlig prestanda och ger tydliga bilder och noggranna m\u00e4tningar i utmanande milj\u00f6er.<\/p>\n<h2>Specifikationer:<\/h2>\n<p>Uppl\u00f6sning: 640 x 512<br \/>\nPixelstorlek: 12<br \/>\nNETD, mK: \u226415<br \/>\nBildfrekvens: 50<br \/>\nLins: 50mm F0.9<br \/>\nSynf\u00e4lt: 8.8 x 7.0<br \/>\nSynf\u00e4lt (linj\u00e4rt): 15 x 12<br \/>\nF\u00f6rstoring: 4~40<br \/>\nDetektionsr\u00e4ckvidd: 2600<br \/>\n\u00d6gonmunstycke: 25<br \/>\nPupilldiameter: 8<br \/>\nDiopter: -4 ~ +6<br \/>\nDisplaytyp: AMOLED<br \/>\nDisplayuppl\u00f6sning: 2560 x 2560<br \/>\nBatteri: Utbytbart litiumjonbatteri IBP-7 \/ 4400mAh<br \/>\nMax drifttid: 5.5<br \/>\nAvst\u00e5ndsm\u00e4tningsavst\u00e5nd: 1200<br \/>\nLaser: Klass 1<br \/>\nWi-Fi\/App: JA<br \/>\nMikrofon: JA<br \/>\nMinneskapacitet: 64GB<br \/>\nIP-klassning: IP67<br \/>\nMax driftstemperatur: -20 ~ +50<br \/>\nVikt (uns): 22.93<br \/>\nVikt (g): 650<br \/>\nDimensioner (tum): 7.64 x 2.76 x 3.23<br \/>\nDimensioner (mm): 194 x 70 x 82<\/p>\n<p>640\u00d7512 12\u03bcm detektor<br \/>\nNETD\u226415mK<br \/>\n60Hz h\u00f6g bildfrekvens<br \/>\nF0.9 lins<br \/>\nAMOLED 2560\u00d72560 cirkul\u00e4r display<br \/>\nIBP-7 snabbladdat uppladdningsbart batteri<br \/>\nSmidig digital zoom: 1\u00d7~8\u00d7<br \/>\nUltraren l\u00e4ge<br \/>\n\u00d6gonsskydd med l\u00e5g ljusstyrka, f\u00e4rgpalett och varm ton<br \/>\nElektronisk bildstabilisering<\/p>\n","protected":false},"excerpt":{"rendered":"<p>Nocpix VISTA H50R \u00e4r en 640&#215;512 12um v\u00e4rmekamera med \u226415mK NETD, 50mm F0.9-objektiv och inbyggd lasravst\u00e5ndsm\u00e4tare, f\u00f6r jakt, s\u00e4kerhet och mer.<\/p>\n<p>Om varan inte finns tillg\u00e4nglig, kontakta oss: shop@nbg.eu eller +359896147790<\/p>\n","protected":false},"featured_media":673788,"template":"","meta":{"_acf_changed":false},"product_brand":[14465],"product_cat":[13024,16104],"product_tag":[],"class_list":{"0":"post-673418","1":"product","2":"type-product","3":"status-publish","4":"has-post-thumbnail","6":"product_brand-nocpix","7":"product_cat-termisk","8":"product_cat-thermal-cameras-sv","10":"first","11":"instock","12":"taxable","13":"shipping-taxable","14":"purchasable","15":"product-type-simple"},"acf":[],"_links":{"self":[{"href":"https:\/\/nbg.eu\/sv\/wp-json\/wp\/v2\/product\/673418","targetHints":{"allow":["GET"]}}],"collection":[{"href":"https:\/\/nbg.eu\/sv\/wp-json\/wp\/v2\/product"}],"about":[{"href":"https:\/\/nbg.eu\/sv\/wp-json\/wp\/v2\/types\/product"}],"wp:featuredmedia":[{"embeddable":true,"href":"https:\/\/nbg.eu\/sv\/wp-json\/wp\/v2\/media\/673788"}],"wp:attachment":[{"href":"https:\/\/nbg.eu\/sv\/wp-json\/wp\/v2\/media?parent=673418"}],"wp:term":[{"taxonomy":"product_brand","embeddable":true,"href":"https:\/\/nbg.eu\/sv\/wp-json\/wp\/v2\/product_brand?post=673418"},{"taxonomy":"product_cat","embeddable":true,"href":"https:\/\/nbg.eu\/sv\/wp-json\/wp\/v2\/product_cat?post=673418"},{"taxonomy":"product_tag","embeddable":true,"href":"https:\/\/nbg.eu\/sv\/wp-json\/wp\/v2\/product_tag?post=673418"}],"curies":[{"name":"wp","href":"https:\/\/api.w.org\/{rel}","templated":true}]}}