{"id":673800,"date":"2025-11-17T17:24:57","date_gmt":"2025-11-17T14:24:57","guid":{"rendered":"https:\/\/nbg.eu\/product\/termisk-kamera-nocpix-vista-h35r-med-lrf-35-mm-12-um-640x512-15-mk-net\/"},"modified":"2026-04-14T16:22:26","modified_gmt":"2026-04-14T13:22:26","slug":"termisk-kamera-nocpix-vista-h35r-med-lrf-35-mm-12-um-640x512-15-mk-net","status":"publish","type":"product","link":"https:\/\/nbg.eu\/sv\/produkt\/termisk-kamera-nocpix-vista-h35r-med-lrf-35-mm-12-um-640x512-15-mk-net\/","title":{"rendered":"Nocpix V\u00e4rmekamera VISTA H35R LRF"},"content":{"rendered":"<h2>Nocpix VISTA H35R Termisk monokul\u00e4r med laserm\u00e4tare<\/h2>\n<p>Nocpix VISTA H35R \u00e4r en m\u00e5ngsidig termisk monokul\u00e4r utrustad med en inbyggd laserm\u00e4tare (LRF), utformad f\u00f6r tillf\u00f6rlitlig anv\u00e4ndning b\u00e5de dag och natt. Denna avancerade enhet erbjuder exceptionell termisk bildprestanda och ger tydliga och detaljerade bilder \u00e4ven under utmanande v\u00e4derf\u00f6rh\u00e5llanden som dimma, smog och regn. Den kan uppt\u00e4cka m\u00e5l genom hinder som grenar, h\u00f6gt gr\u00e4s och t\u00e4t v\u00e4xtlighet, vilket s\u00e4kerst\u00e4ller effektiv anv\u00e4ndning i milj\u00f6er d\u00e4r traditionella optiska system \u00e4r otillr\u00e4ckliga.<\/p>\n<p>Ideal f\u00f6r en rad till\u00e4mpningar, \u00e4r VISTA H35R perfekt f\u00f6r jakt, \u00f6vervakning, s\u00e4kerhet, terr\u00e4ngnavigering och r\u00e4ddningsinsatser. Med sin banbrytande teknik och robusta konstruktion garanterar VISTA H35R exakt detektion och m\u00e4tning under de sv\u00e5raste f\u00f6rh\u00e5llanden.<\/p>\n<h2>Specifikationer<\/h2>\n<p>Uppl\u00f6sning: 640 x 512<br \/>\nPixelstorlek: 12<br \/>\nNETD, mK: \u226415<br \/>\nBildfrekvens: 50<br \/>\nLins: 35mm F0.9<br \/>\nSynf\u00e4lt: 12.5 x 10.0<br \/>\nSynf\u00e4lt (linj\u00e4rt): 22 x 18<br \/>\nF\u00f6rstoring: 3~28<br \/>\nDetekteringsomr\u00e5de: 1800<br \/>\n\u00d6gonpunktavst\u00e5nd: 25<br \/>\nUtg\u00e5ngs\u00f6ppningsdiameter: 8<br \/>\nDioptri: -4 ~ +6<br \/>\nSk\u00e4rmtyp: AMOLED<br \/>\nSk\u00e4rmuppl\u00f6sning: 2560 x 2560<br \/>\nBatteri: Utbytbart litiumjonbatteri IBP-7 \/ 4400mAh<br \/>\nMax driftstid: 5.5<br \/>\nLaserm\u00e4tomr\u00e5de: 1200<br \/>\nLaser: Klass 1<br \/>\nWi-Fi\/App: JA<br \/>\nMikrofon: JA<br \/>\nMinneskapacitet: 64GB<br \/>\nIP-klass: IP67<br \/>\nMax driftstemperatur: -20 ~ +50<br \/>\nVikt (oz): 22.58<br \/>\nVikt (g): 640<br \/>\nDimensioner (tum): 7.48 x 2.64 x 3.11<br \/>\nDimensioner (mm): 190 x 67 x 79<\/p>\n<h2>Funktioner<\/h2>\n<p>640\u00d7512 12\u03bcm detektor<br \/>\nNETD\u226415mK<br \/>\n60Hz h\u00f6g bildfrekvens<br \/>\nF0.9 lins<br \/>\nAMOLED 2560\u00d72560 cirkul\u00e4r sk\u00e4rm<br \/>\nIBP-7 l\u00e4ttbytt uppladdningsbart batteri<br \/>\nSmidig digital zoom: 1\u00d7~8\u00d7<br \/>\nUltra ren l\u00e4ge<br \/>\n\u00d6gonbeskydd med l\u00e5g ljusstyrka, f\u00e4rgpalett och varm ton<br \/>\nElektronisk bildstabilisering<\/p>\n","protected":false},"excerpt":{"rendered":"<p>Termisk kamera Nocpix VISTA H35R med 35mm 12um 640&#215;512 &lt;15mk NET och LRF, f\u00f6r tillf\u00f6rlitlig dag\/natt-anv\u00e4ndning under utmanande f\u00f6rh\u00e5llanden.<\/p>\n","protected":false},"featured_media":673964,"template":"","meta":{"_acf_changed":false},"product_brand":[14465],"product_cat":[13024,16104],"product_tag":[],"class_list":{"0":"post-673800","1":"product","2":"type-product","3":"status-publish","4":"has-post-thumbnail","6":"product_brand-nocpix","7":"product_cat-termisk","8":"product_cat-thermal-cameras-sv","10":"first","11":"instock","12":"taxable","13":"shipping-taxable","14":"purchasable","15":"product-type-simple"},"acf":[],"_links":{"self":[{"href":"https:\/\/nbg.eu\/sv\/wp-json\/wp\/v2\/product\/673800","targetHints":{"allow":["GET"]}}],"collection":[{"href":"https:\/\/nbg.eu\/sv\/wp-json\/wp\/v2\/product"}],"about":[{"href":"https:\/\/nbg.eu\/sv\/wp-json\/wp\/v2\/types\/product"}],"wp:featuredmedia":[{"embeddable":true,"href":"https:\/\/nbg.eu\/sv\/wp-json\/wp\/v2\/media\/673964"}],"wp:attachment":[{"href":"https:\/\/nbg.eu\/sv\/wp-json\/wp\/v2\/media?parent=673800"}],"wp:term":[{"taxonomy":"product_brand","embeddable":true,"href":"https:\/\/nbg.eu\/sv\/wp-json\/wp\/v2\/product_brand?post=673800"},{"taxonomy":"product_cat","embeddable":true,"href":"https:\/\/nbg.eu\/sv\/wp-json\/wp\/v2\/product_cat?post=673800"},{"taxonomy":"product_tag","embeddable":true,"href":"https:\/\/nbg.eu\/sv\/wp-json\/wp\/v2\/product_tag?post=673800"}],"curies":[{"name":"wp","href":"https:\/\/api.w.org\/{rel}","templated":true}]}}