{"id":673982,"date":"2025-11-17T17:25:01","date_gmt":"2025-11-17T14:25:01","guid":{"rendered":"https:\/\/nbg.eu\/product\/termisk-sikt-nocpix-slim-l35\/"},"modified":"2026-04-14T16:22:22","modified_gmt":"2026-04-14T13:22:22","slug":"termisk-sikt-nocpix-slim-l35","status":"publish","type":"product","link":"https:\/\/nbg.eu\/sv\/produkt\/termisk-sikt-nocpix-slim-l35\/","title":{"rendered":"Nocpix V\u00e4rmesikte Slim L35"},"content":{"rendered":"<h2>Thermal Sight Nocpix Slim L35: \u00d6verl\u00e4gsen jaktniv\u00e5<\/h2>\n<p>Presenterar SLIM-serien kikarsikten: ett 2-i-1 handh\u00e5llet MONOKUL\u00c4R eller 3,5x (L35)-kikare. V\u00e4lj mellan tv\u00e5 h\u00f6gpresterande k\u00e4rnor, njut av en 1024&#215;768 OLED-sk\u00e4rm och dra nytta av ett utbytbart 18650-batteri f\u00f6r 10 timmars str\u00f6mf\u00f6rs\u00f6rjning. F\u00e5nga varje \u00f6gonblick med inspelning av st\u00f6tar f\u00f6r att se till att inga bilder missas.<\/p>\n<p>V\u00e4xla s\u00f6ml\u00f6st mellan manuella och optiska riktmedel utan att beh\u00f6va nollst\u00e4lla om, tack vare 2-i-1-designen med QD-f\u00e4ste. Njut av tr\u00f6tthetsbefriad visning med en 1024&#215;768 AMOLED-sk\u00e4rm, ny okularkonstruktion och en bekv\u00e4m 10 mm utg\u00e5ngspupill. Med en vikt p\u00e5 endast 500 g g\u00f6r den ultral\u00e4tta designen ut\u00f6kad anv\u00e4ndning utan anstr\u00e4ngning, vilket h\u00e5ller dig r\u00f6rlig p\u00e5 f\u00e4ltet.<\/p>\n<p>H\u00f6gpresterande huvudalternativ &#8211; 384\u00d7288@12\u03bcm eller 640\u00d7512@12\u03bcm, NETD\u226418 mK ger \u00f6verl\u00e4gsen bildkvalitet, vilket s\u00e4kerst\u00e4ller att varje detalj f\u00e5ngas med sl\u00e5ende klarhet, oavsett jaktf\u00f6rh\u00e5llanden. Med den extra kraften i Reality+-teknologi uppn\u00e5r Slim bildkvalitet som \u00f6vertr\u00e4ffar andra varum\u00e4rken med givare i samma klass.<\/p>\n<p>Missa aldrig ett skott med RAV-funktionen, som l\u00e5ter dig uppleva och dela dina mest sp\u00e4nnande jakt\u00f6gonblick. Forts\u00e4tt jaga med ett l\u00f6stagbart, l\u00e5gtemperaturbest\u00e4ndigt 18650-batteri som erbjuder upp till 8 timmars standbytid, \u00e4ven under extrema f\u00f6rh\u00e5llanden. Med 3,5x prim\u00e4r f\u00f6rstoring \u00e4r SLIM L35 ditt val f\u00f6r jakt p\u00e5 l\u00e5nga avst\u00e5nd, vilket g\u00f6r vargjakt mer exakt och effektiv.<\/p>\n","protected":false},"excerpt":{"rendered":"<p>SLIM-seriens kikarsikten: en 2-i-1 handh\u00e5llen MONOKUL\u00c4R eller 3,5x (L35) kikare med 1024\u00d7768 OLED, 18650-batteri, st\u00f6tvideo, v\u00e4rmesensor och snabb-byte-funktion.<\/p>\n<p>Om varan inte finns tillg\u00e4nglig, v\u00e4nligen kontakta oss: shop@nbg.eu eller +359896147790<\/p>\n","protected":false},"featured_media":674751,"template":"","meta":{"_acf_changed":false},"product_brand":[14465],"product_cat":[16104],"product_tag":[],"class_list":{"0":"post-673982","1":"product","2":"type-product","3":"status-publish","4":"has-post-thumbnail","6":"product_brand-nocpix","7":"product_cat-thermal-cameras-sv","9":"first","10":"instock","11":"taxable","12":"shipping-taxable","13":"purchasable","14":"product-type-simple"},"acf":[],"_links":{"self":[{"href":"https:\/\/nbg.eu\/sv\/wp-json\/wp\/v2\/product\/673982","targetHints":{"allow":["GET"]}}],"collection":[{"href":"https:\/\/nbg.eu\/sv\/wp-json\/wp\/v2\/product"}],"about":[{"href":"https:\/\/nbg.eu\/sv\/wp-json\/wp\/v2\/types\/product"}],"wp:featuredmedia":[{"embeddable":true,"href":"https:\/\/nbg.eu\/sv\/wp-json\/wp\/v2\/media\/674751"}],"wp:attachment":[{"href":"https:\/\/nbg.eu\/sv\/wp-json\/wp\/v2\/media?parent=673982"}],"wp:term":[{"taxonomy":"product_brand","embeddable":true,"href":"https:\/\/nbg.eu\/sv\/wp-json\/wp\/v2\/product_brand?post=673982"},{"taxonomy":"product_cat","embeddable":true,"href":"https:\/\/nbg.eu\/sv\/wp-json\/wp\/v2\/product_cat?post=673982"},{"taxonomy":"product_tag","embeddable":true,"href":"https:\/\/nbg.eu\/sv\/wp-json\/wp\/v2\/product_tag?post=673982"}],"curies":[{"name":"wp","href":"https:\/\/api.w.org\/{rel}","templated":true}]}}