{"id":674756,"date":"2025-11-17T17:25:02","date_gmt":"2025-11-17T14:25:02","guid":{"rendered":"https:\/\/nbg.eu\/product\/thermal-sight-nocpix-slim-h35\/"},"modified":"2026-04-14T16:22:19","modified_gmt":"2026-04-14T13:22:19","slug":"thermal-sight-nocpix-slim-h35","status":"publish","type":"product","link":"https:\/\/nbg.eu\/sv\/produkt\/thermal-sight-nocpix-slim-h35\/","title":{"rendered":"Nocpix V\u00e4rmesikte Slim H35"},"content":{"rendered":"<h2>Termisk sikte Nocpix Slim H35 &#8211; Ultral\u00e4tt termisk bildtagning med imponerande bildkvalitet<\/h2>\n<p>Vi presenterar SLIM-serien av kikarsikten: en 2-i-1 handh\u00e5llen MONOCUL\u00c4R eller 3,5x (L35) kikare. V\u00e4lj mellan tv\u00e5 h\u00f6gpresterande k\u00e4rnor, njut av en 1024&#215;768 OLED-sk\u00e4rm och dra nytta av ett utbytbart 18650-batteri f\u00f6r 10 timmars str\u00f6m. F\u00e5nga varje \u00f6gonblick med inspelning av p\u00e5verkan f\u00f6r att se till att inget enda \u00f6gonblick missas.<\/p>\n<p>Njut av utvilobefriad visning med en 1024&#215;768 AMOLED-sk\u00e4rm, nytt okulardesign och en bekv\u00e4m 10 mm pupilldiameter.<\/p>\n<p>Genom att v\u00e4ga endast 500 g g\u00f6r denna ultral\u00e4tta design ut\u00f6kad anv\u00e4ndning till en enkel uppgift och h\u00e5ller dig r\u00f6rlig ute i f\u00e4ltet.<\/p>\n<p>H\u00f6gpresterande huvudalternativ &#8211; 384\u00d7288@12\u03bcm eller 640\u00d7512@12\u03bcm, NETD\u226418 mK ger en \u00f6verl\u00e4gsen bildkvalitet, vilket s\u00e4kerst\u00e4ller att varje detalj f\u00e5ngas med h\u00e4pnadsv\u00e4ckande tydlighet, oavsett jaktf\u00f6rh\u00e5llanden. Med den extra kraften hos Reality+-teknik uppn\u00e5r Slim en bildkvalitet som \u00f6vertr\u00e4ffar andra varum\u00e4rken med sensorer i samma klass.<\/p>\n<p>Missa aldrig ett skott tack vare RAV-funktionen, som l\u00e5ter dig \u00e5teruppleva och dela dina mest sp\u00e4nnande jakt\u00f6gonblick.<\/p>\n<p>Forts\u00e4tt jaga med ett l\u00f6stagbart, temperaturbest\u00e4ndigt 18650-batteri som erbjuder upp till 8 timmars standby-tid, \u00e4ven under extrema f\u00f6rh\u00e5llanden. Den har ocks\u00e5 en magnetisk laddningsport f\u00f6r enkel laddning, \u00e4ven i fullst\u00e4ndigt m\u00f6rker.<\/p>\n","protected":false},"excerpt":{"rendered":"<p>Termisk Sikt Nocpix Slim H35: 2-i-1 monokul\u00e4r\/3.5x kikare med 1024&#215;768 OLED, 18650-batteri, st\u00f6t-inspelning.<\/p>\n<p>Om varan inte finns tillg\u00e4nglig, kontakta oss: shop@nbg.eu eller +359896147790<\/p>\n","protected":false},"featured_media":676446,"template":"","meta":{"_acf_changed":false},"product_brand":[14465],"product_cat":[16104],"product_tag":[],"class_list":{"0":"post-674756","1":"product","2":"type-product","3":"status-publish","4":"has-post-thumbnail","6":"product_brand-nocpix","7":"product_cat-thermal-cameras-sv","9":"first","10":"instock","11":"taxable","12":"shipping-taxable","13":"purchasable","14":"product-type-simple"},"acf":[],"_links":{"self":[{"href":"https:\/\/nbg.eu\/sv\/wp-json\/wp\/v2\/product\/674756","targetHints":{"allow":["GET"]}}],"collection":[{"href":"https:\/\/nbg.eu\/sv\/wp-json\/wp\/v2\/product"}],"about":[{"href":"https:\/\/nbg.eu\/sv\/wp-json\/wp\/v2\/types\/product"}],"wp:featuredmedia":[{"embeddable":true,"href":"https:\/\/nbg.eu\/sv\/wp-json\/wp\/v2\/media\/676446"}],"wp:attachment":[{"href":"https:\/\/nbg.eu\/sv\/wp-json\/wp\/v2\/media?parent=674756"}],"wp:term":[{"taxonomy":"product_brand","embeddable":true,"href":"https:\/\/nbg.eu\/sv\/wp-json\/wp\/v2\/product_brand?post=674756"},{"taxonomy":"product_cat","embeddable":true,"href":"https:\/\/nbg.eu\/sv\/wp-json\/wp\/v2\/product_cat?post=674756"},{"taxonomy":"product_tag","embeddable":true,"href":"https:\/\/nbg.eu\/sv\/wp-json\/wp\/v2\/product_tag?post=674756"}],"curies":[{"name":"wp","href":"https:\/\/api.w.org\/{rel}","templated":true}]}}