{"id":676601,"date":"2025-11-17T17:25:14","date_gmt":"2025-11-17T14:25:14","guid":{"rendered":"https:\/\/nbg.eu\/product\/termisk-sikt-nocpix-rico-2-s75r\/"},"modified":"2026-04-14T16:22:16","modified_gmt":"2026-04-14T13:22:16","slug":"termisk-sikt-nocpix-rico-2-s75r","status":"publish","type":"product","link":"https:\/\/nbg.eu\/sv\/produkt\/termisk-sikt-nocpix-rico-2-s75r\/","title":{"rendered":"Nocpix V\u00e4rmesikte Rico 2 S75R"},"content":{"rendered":"<h2>Nocpix Rico 2 S75R: Precision f\u00f6r skjutning p\u00e5 l\u00e5ngt avst\u00e5nd<\/h2>\n<p>Serien Nocpix RICO 2 S75R av termiska avst\u00e5ndsm\u00e4tare \u00e4r utformad f\u00f6r j\u00e4gare som kr\u00e4ver det b\u00e4sta i fr\u00e5ga om klarhet, r\u00e4ckvidd och komfort. Utformad med en branschledande termisk sensor och h\u00f6g bildhastighet levererar den en ultra\u00f6verl\u00e4gsen bildkvalitet som g\u00f6r m\u00e5lidentifiering och sp\u00e5rning till en enkel uppgift. Dess l\u00e5nga br\u00e4nnvidd och inbyggda laseravst\u00e5ndsm\u00e4tare s\u00e4kerst\u00e4ller att du kan m\u00e4ta avst\u00e5nd till fj\u00e4rran m\u00e5l exakt, medan den avancerade optiska designen ger en omslutande tittupplevelse utan distorsion. Med en trappfri zoomspak och exceptionell \u00f6gonavst\u00e5nd l\u00e5ter Nocpix RICO 2 S75R-serien j\u00e4gare att enkelt justera f\u00f6rstoring och k\u00e4nna sig bekv\u00e4ma under l\u00e5nga jakter. Tack vare sina innovativa teknologier och anv\u00e4ndarfokuserade design l\u00e5ter Nocpix RICO 2 S75R-serien dig jaga bortom gr\u00e4nserna f\u00f6r vad som \u00e4r m\u00f6jligt.<\/p>\n<h2>Banbrytande prestanda<\/h2>\n<p>Dra nytta av den f\u00f6rstklassiga sensorn fr\u00e5n andra generationen 12\u03bcm@60Hz, med NETD \u226415mK, f\u00f6r rakhyvlade, h\u00f6gkontrastbilder och f\u00f6rb\u00e4ttrad m\u00e5lidentifiering. Nocpix RICO 2 S75R \u00e4r utrustad med st\u00f6rre objektivlinser (75 mm\/F1.0, 50 mm\/F1.0, 42 mm\/F1.0), vilket ger \u00f6kad ljusupptagningsf\u00f6rm\u00e5ga f\u00f6r exceptionell bildklarhet och ut\u00f6kad detekteringsr\u00e4ckvidd. RICO 2-serien l\u00e5ter dig finjustera f\u00f6rstoringen utan problem med en trappfri LPVO-liknande zoomspak, vilket ger snabba och problemfria justeringar f\u00f6r att s\u00e4kert engagera m\u00e5l p\u00e5 varje avst\u00e5nd med precision. RICO 2-serien kan uppt\u00e4cka m\u00e5l p\u00e5 upp till 3896 m, vilket ger dig en betydande f\u00f6rdel vid jakt p\u00e5 l\u00e5ngt avst\u00e5nd och exakt m\u00e5langivelse.<\/p>\n<h2>Flexibel och precis m\u00e5langivelse<\/h2>\n<p>Nocpix RICO 2 S75R \u00e4r utrustad med en integrerad laseravst\u00e5ndsm\u00e4tare som erbjuder laserdetektion p\u00e5 avst\u00e5nd upp till 1200 m med riktig optisk axelinriktning, vilket s\u00e4kerst\u00e4ller exakta avst\u00e5ndsm\u00e4tningar samtidigt som en smidig och elegant design bibeh\u00e5lls. F\u00f6renkla dina skott med automatiska balistiska ber\u00e4kningar genom att anv\u00e4nda den integrerade laseravst\u00e5ndsm\u00e4taren f\u00f6r att enkelt leverera precisa tr\u00e4ffar p\u00e5 l\u00e5nga avst\u00e5nd.<\/p>\n<h2>Extremt klar och bekv\u00e4m tittupplevelse<\/h2>\n<p>Den 1,03-tums 2560&#215;2560 OLED-displayen (S75R), distorsionsfria okularet, 70 mm \u00f6gonavst\u00e5nd och 23 mm utg\u00e5ngspupill ger en skarp och bekv\u00e4m tittupplevelse under l\u00e5nga sessioner. S75R-modellen \u00e4r utrustad med ett otroligt 70 mm \u00f6gonavst\u00e5nd, vilket ger maximal komfort f\u00f6r l\u00e5ngvarig anv\u00e4ndning utan anstr\u00e4ngning f\u00f6r \u00f6gonen och s\u00e4kerst\u00e4ller \u00f6gons\u00e4kerhet.<\/p>\n","protected":false},"excerpt":{"rendered":"<p>Banbrytande 1280&#215;1024 sensor i andra generationen, flexibel och precis integrerad LRF, extremt klar och bekv\u00e4m visning, s\u00e4kerhet och bekv\u00e4m \u00f6gonrelief. Nocpix Rico 2 S75R &#8211; Expertskyttevapen p\u00e5 l\u00e5ngt h\u00e5ll.<\/p>\n<p>Om varan inte finns tillg\u00e4nglig, kontakta oss: shop@nbg.eu eller +359896147790<\/p>\n","protected":false},"featured_media":676743,"template":"","meta":{"_acf_changed":false},"product_brand":[14465],"product_cat":[16104],"product_tag":[],"class_list":{"0":"post-676601","1":"product","2":"type-product","3":"status-publish","4":"has-post-thumbnail","6":"product_brand-nocpix","7":"product_cat-thermal-cameras-sv","9":"first","10":"instock","11":"taxable","12":"shipping-taxable","13":"purchasable","14":"product-type-simple"},"acf":[],"_links":{"self":[{"href":"https:\/\/nbg.eu\/sv\/wp-json\/wp\/v2\/product\/676601","targetHints":{"allow":["GET"]}}],"collection":[{"href":"https:\/\/nbg.eu\/sv\/wp-json\/wp\/v2\/product"}],"about":[{"href":"https:\/\/nbg.eu\/sv\/wp-json\/wp\/v2\/types\/product"}],"wp:featuredmedia":[{"embeddable":true,"href":"https:\/\/nbg.eu\/sv\/wp-json\/wp\/v2\/media\/676743"}],"wp:attachment":[{"href":"https:\/\/nbg.eu\/sv\/wp-json\/wp\/v2\/media?parent=676601"}],"wp:term":[{"taxonomy":"product_brand","embeddable":true,"href":"https:\/\/nbg.eu\/sv\/wp-json\/wp\/v2\/product_brand?post=676601"},{"taxonomy":"product_cat","embeddable":true,"href":"https:\/\/nbg.eu\/sv\/wp-json\/wp\/v2\/product_cat?post=676601"},{"taxonomy":"product_tag","embeddable":true,"href":"https:\/\/nbg.eu\/sv\/wp-json\/wp\/v2\/product_tag?post=676601"}],"curies":[{"name":"wp","href":"https:\/\/api.w.org\/{rel}","templated":true}]}}