{"id":676847,"date":"2025-11-17T17:25:15","date_gmt":"2025-11-17T14:25:15","guid":{"rendered":"https:\/\/nbg.eu\/product\/termisk-sikt-nocpix-rico-2-h75r\/"},"modified":"2026-04-14T16:22:12","modified_gmt":"2026-04-14T13:22:12","slug":"termisk-sikt-nocpix-rico-2-h75r","status":"publish","type":"product","link":"https:\/\/nbg.eu\/sv\/produkt\/termisk-sikt-nocpix-rico-2-h75r\/","title":{"rendered":"Nocpix V\u00e4rmesikte Rico 2 H75R"},"content":{"rendered":"<h2>Nocpix Rico 2 H75R: Precision f\u00f6r l\u00e5ngdistansskytte<\/h2>\n<p>Serien Nocpix RICO 2 H75R av v\u00e4rmesikten \u00e4r utformad f\u00f6r j\u00e4gare som kr\u00e4ver det b\u00e4sta i fr\u00e5ga om tydlighet, r\u00e4ckvidd och komfort. Med en v\u00e4rldsledande v\u00e4rmesensor och h\u00f6g bildfrekvens levererar den en ultratydlig bildkvalitet som g\u00f6r m\u00e5lidentifiering och sp\u00e5rning enkel. Den l\u00e5nga br\u00e4nnvidden och den inbyggda avst\u00e5ndsm\u00e4taren s\u00e4kerst\u00e4ller att du kan m\u00e4ta avst\u00e5nd till avl\u00e4gsna m\u00e5l noggrant, medan den avancerade optiska utformningen ger en helt\u00e4ckande tittupplevelse utan f\u00f6rvr\u00e4ngning. Med en stegl\u00f6s zoomspak och utm\u00e4rkt \u00f6gonrelief g\u00f6r Nocpix RICO 2 H75R-serien att j\u00e4gare l\u00e4tt kan justera f\u00f6rstoring och k\u00e4nna sig bekv\u00e4ma under l\u00e5nga jakter. Innovativ teknik och ett anv\u00e4ndarv\u00e4nligt design g\u00f6r Nocpix RICO 2 H75R-serien till toppresultatet n\u00e4r det g\u00e4ller l\u00e5ngdistansjakt.<\/p>\n<h2>Banbrytande v\u00e4rmekamera<\/h2>\n<p>Dra nytta av den premi\u00e4ra andra generationens 640@12\u03bcm@60Hz-sensor, b\u00e5da med NETD \u226415mK, f\u00f6r skarp, h\u00f6gkontrastbild och f\u00f6rb\u00e4ttrad m\u00e5lidentifiering.<\/p>\n<h2>F\u00f6rb\u00e4ttrad tydlighet med st\u00f6rre objektiv<\/h2>\n<p>Nocpix RICO 2 H75R \u00e4r utrustad med st\u00f6rre objektiv (75 mm\/F1.0, 50 mm\/F1.0, 42 mm\/F1.0), vilket ger f\u00f6rb\u00e4ttrad ljussamling f\u00f6r utm\u00e4rkt bildklarhet och f\u00f6rl\u00e4ngd detektionsr\u00e4ckvidd.<\/p>\n<h2>L\u00e4ttjusterad f\u00f6rstoring<\/h2>\n<p>RICO 2-serien l\u00e5ter dig finjustera f\u00f6rstoringen smidigt med en stegl\u00f6s LPVO-liknande zoomspak, vilket ger snabba och enkla justeringar f\u00f6r att med precision kunna engagera m\u00e5l p\u00e5 alla avst\u00e5nd.<\/p>\n<h2>Skapad f\u00f6r l\u00e5ngdistansjakt<\/h2>\n<p>RICO 2-serien har en imponerande detektionsr\u00e4ckvidd p\u00e5 upp till 3896 m, vilket ger dig en betydande f\u00f6rdel i l\u00e5ngdistansjakt och precisionsskjutning.<\/p>\n<h2>Flexibel och precis integrerad avst\u00e5ndsm\u00e4tare<\/h2>\n<p>Nocpix RICO 2 H75R \u00e4r utrustad med en integrerad avst\u00e5ndsm\u00e4tare, som erbjuder laseravst\u00e5ndsm\u00e4tning upp till 1200 m med \u00e4kta optisk axelinriktning, vilket s\u00e4kerst\u00e4ller exakta avst\u00e5ndsm\u00e4tningar samtidigt som den beh\u00e5ller en smidig och elegant design.<\/p>\n<h2>Str\u00f6mlinjeformade ballistiska ber\u00e4kningar<\/h2>\n<p>Effektivisera din skottplacering med automatiska ballistiska ber\u00e4kningar, med hj\u00e4lp av den integrerade avst\u00e5ndsm\u00e4taren f\u00f6r att l\u00e4tt n\u00e5 precisa tr\u00e4ffar p\u00e5 l\u00e5nga avst\u00e5nd.<\/p>\n<h2>Extremt tydlig, bekv\u00e4m tittupplevelse<\/h2>\n<p>1,03&#8243; 2560\u00d72560 OLED-sk\u00e4rm (S75R), f\u00f6rvr\u00e4niningsfri okular, 70 mm \u00f6gonrelief och 23 mm pupill\u00f6ppning ger skarp, bekv\u00e4m tittupplevelse under l\u00e5nga pass.<\/p>\n<h2>S\u00e4kerhet och komfort<\/h2>\n<p>H75R-modellen \u00e4r utrustad med en osedvanlig 70 mm \u00f6gonrelief, vilket ger maximal komfort f\u00f6r l\u00e5ngvarig anv\u00e4ndning utan \u00f6gontr\u00f6tthet och s\u00e4kerst\u00e4ller \u00f6gons\u00e4kerhet.<\/p>\n","protected":false},"excerpt":{"rendered":"<p>Nocpix Rico 2 H75R &#8211; Expertskjutare p\u00e5 l\u00e5ngt h\u00e5ll med 640\u00d7512-sensor, 60 Hz, integrerad LRF och kontinuerlig zoom.<\/p>\n<p>Om artikeln inte finns tillg\u00e4nglig, kontakta oss g\u00e4rna: shop@nbg.eu eller +359896147790<\/p>\n","protected":false},"featured_media":676863,"template":"","meta":{"_acf_changed":false},"product_brand":[14465],"product_cat":[16104],"product_tag":[],"class_list":{"0":"post-676847","1":"product","2":"type-product","3":"status-publish","4":"has-post-thumbnail","6":"product_brand-nocpix","7":"product_cat-thermal-cameras-sv","9":"first","10":"instock","11":"taxable","12":"shipping-taxable","13":"purchasable","14":"product-type-simple"},"acf":[],"_links":{"self":[{"href":"https:\/\/nbg.eu\/sv\/wp-json\/wp\/v2\/product\/676847","targetHints":{"allow":["GET"]}}],"collection":[{"href":"https:\/\/nbg.eu\/sv\/wp-json\/wp\/v2\/product"}],"about":[{"href":"https:\/\/nbg.eu\/sv\/wp-json\/wp\/v2\/types\/product"}],"wp:featuredmedia":[{"embeddable":true,"href":"https:\/\/nbg.eu\/sv\/wp-json\/wp\/v2\/media\/676863"}],"wp:attachment":[{"href":"https:\/\/nbg.eu\/sv\/wp-json\/wp\/v2\/media?parent=676847"}],"wp:term":[{"taxonomy":"product_brand","embeddable":true,"href":"https:\/\/nbg.eu\/sv\/wp-json\/wp\/v2\/product_brand?post=676847"},{"taxonomy":"product_cat","embeddable":true,"href":"https:\/\/nbg.eu\/sv\/wp-json\/wp\/v2\/product_cat?post=676847"},{"taxonomy":"product_tag","embeddable":true,"href":"https:\/\/nbg.eu\/sv\/wp-json\/wp\/v2\/product_tag?post=676847"}],"curies":[{"name":"wp","href":"https:\/\/api.w.org\/{rel}","templated":true}]}}