{"id":676983,"date":"2025-11-17T17:25:28","date_gmt":"2025-11-17T14:25:28","guid":{"rendered":"https:\/\/nbg.eu\/product\/termisk-sikt-nocpix-ace-s60r-rail-zeiss\/"},"modified":"2026-04-14T17:21:51","modified_gmt":"2026-04-14T14:21:51","slug":"termisk-sikt-nocpix-ace-s60r-rail-zeiss","status":"publish","type":"product","link":"https:\/\/nbg.eu\/sv\/produkt\/termisk-sikt-nocpix-ace-s60r-rail-zeiss\/","title":{"rendered":"Nocpix V\u00e4rmesikte ACE S60R ZEISS RAIL"},"content":{"rendered":"<h2>NocPix ACE S60R Termisk Kikare<\/h2>\n<p>NocPix ACE S60R Termisk Kikare \u00e4r ett helt nytt, banbrytande verktyg utformat f\u00f6r elitj\u00e4gare som kr\u00e4ver topprestanda i de mest utmanande milj\u00f6erna. Med sin avancerade teknik och robusta konstruktion \u00e4r denna ledande termiska kikare utformad f\u00f6r att hj\u00e4lpa dig att beh\u00e4rska natten och t\u00e4mja vildlivet. Oavsett om du s\u00f6ker byte p\u00e5 l\u00e5nga avst\u00e5nd eller sp\u00e5rar snabbr\u00f6rliga m\u00e5l, erbjuder ACE S60R oslagbar tydlighet, precision och p\u00e5litlighet.<\/p>\n<p>K\u00e4rnan i denna extraordin\u00e4ra kikare \u00e4r en Gen-2 HD-termisk sensor med en imponerande uppl\u00f6sning p\u00e5 1280&#215;1024 och en ultrak\u00e4nslig NETD p\u00e5 \u226415mK. Denna sensor i n\u00e4sta generation l\u00e5ter ACE S60R uppt\u00e4cka \u00e4ven de minsta temperaturskillnaderna och ger klara, detaljerade termiska bilder i realtid. Med en bildfrekvens p\u00e5 50 Hz ger kikaren j\u00e4mna bilder som h\u00e5ller j\u00e4mna steg med hastigheten hos ditt m\u00e5l, vilket l\u00e5ter dig l\u00e5sa in med oslagbar precision.<\/p>\n<p>NocPix ACE S60R har ocks\u00e5 ett 60 mm\/F1.0-objektiv som samlar in 20 % mer ljus \u00e4n standardkikare, vilket ger dig ljusare och tydligare bilder \u00e4ven i de m\u00f6rkaste f\u00f6rh\u00e5llanden. Dess \u00f6verl\u00e4gsen l\u00e5ngdistansdetektering p\u00e5 upp till 3100 meter l\u00e5ter dig l\u00e4tt identifiera och sp\u00e5ra avl\u00e4gsna m\u00e5l, vilket ger dig en avg\u00f6rande f\u00f6rdel i jakt- och skjutscenarier p\u00e5 l\u00e5ngt h\u00e5ll. Tillsammans med NocPix egenutvecklade Reality+ bildbehandlingsalgoritm minskar ACE S60R effektivt omgivande brus och levererar skarpare, h\u00f6gkontrastbilder varje g\u00e5ng.<\/p>\n<p>F\u00f6r dem som vill ha \u00e4nnu mer visuell tydlighet \u00e4r ACE S60R utrustad med det innovativa Vision+-systemet. Den runda 1,03-tums 2560&#215;2560 AMOLED-displayen, kombinerad med branschledande okul\u00e4rf\u00f6rstoring, ger oslagbar optisk f\u00f6rstoring utan suddighet eller distorsion som normalt f\u00f6rknippas med elektronisk zoom. Denna banbrytande teknik s\u00e4kerst\u00e4ller att du njuter av en kristallklar vy och brett synf\u00e4lt, oavsett om du n\u00e4rmar dig ditt m\u00e5l eller skannar din omgivning.<\/p>\n<p>Precision \u00e4r nyckeln n\u00e4r det g\u00e4ller jakt, och ACE S60R lever upp till f\u00f6rv\u00e4ntningarna. Den inbyggda lasravst\u00e5ndsm\u00e4taren (LRF) ger noggranna m\u00e4tningar p\u00e5 upp till 1200 meter. LRF \u00e4r s\u00f6ml\u00f6st integrerad i den eleganta designen och bibeh\u00e5ller korrekt optisk axelinriktning, samtidigt som du kan ber\u00e4kna exakta avst\u00e5nd utan att st\u00f6ra fokus. Och med inbyggd ballistisk ber\u00e4kningsfunktion s\u00e4kerst\u00e4ller ACE S60R att dina skott \u00e4r precisa och tar h\u00e4nsyn till alla faktorer f\u00f6r felfri tr\u00e4ffs\u00e4kerhet.<\/p>\n<p>Utformad med j\u00e4gare i \u00e5tanke har NocPix ACE S60R ocks\u00e5 ett dubbelt batterisystem med ett inbyggt 4000 mAh-batteri och ett l\u00f6stagbart 18650-batteri f\u00f6r f\u00f6rl\u00e4ngd anv\u00e4ndning i f\u00e4lt. Ingen mer oro f\u00f6r att g\u00e5 tom p\u00e5 str\u00f6m mitt under jakten &#8211; detta system \u00e4r utformat f\u00f6r att h\u00e5lla lika l\u00e4nge som ditt \u00e4ventyr. Ytterligare funktioner som automatisk sk\u00e4rmavst\u00e4ngning, vridkraftaktiverad videoinspelning och ett design utan lock g\u00f6r denna termiska kikare till en verklig spelv\u00e4ndare i f\u00e4lt.<\/p>\n<p>Byggd f\u00f6r de tuffaste utomhusf\u00f6rh\u00e5llanden \u00e4r ACE S60R tillverkad av en h\u00f6gstyrka-aluminiumlegering och har testats noggrant f\u00f6r att t\u00e5la extrem st\u00f6t och tuff anv\u00e4ndning. Med IP67-klassning f\u00f6r vattent\u00e4thet fungerar den perfekt i regn, damm och utmanande milj\u00f6er, vilket s\u00e4kerst\u00e4ller att din kikare \u00e4r lika h\u00e5llbar som dina jaktinstinkter.<\/p>\n<p>NocPix ACE S60R \u00e4r mer \u00e4n bara en termisk sikt &#8211; den \u00e4r den ultimata jaktf\u00f6ljeslagaren. Med avancerad teknik, exceptionell h\u00e5llbarhet och ett helt batteri av avancerade funktioner som \u00e4r utformade f\u00f6r att f\u00f6rb\u00e4ttra din jaktupplevelse, kommer denna sikt att omdefiniera vad du f\u00f6rv\u00e4ntar dig av din utrustning. G\u00f6r dig redo att beh\u00e4rska natten.<\/p>\n","protected":false},"excerpt":{"rendered":"<p>Nocpix ACE S60R Termisk Kikare \u00e4r ett avancerat verktyg designat f\u00f6r elit-j\u00e4gare, med avancerad teknik, robust konstruktion och funktioner som Gen-2 HD-termisk sensor, Vision+-system, integrerad laser-avst\u00e5ndsm\u00e4tare och dubbelt batterisystem f\u00f6r topprestanda i kr\u00e4vande milj\u00f6er.<\/p>\n<p>Om artikeln inte finns tillg\u00e4nglig, v\u00e4nligen kontakta oss: shop@nbg.eu eller +359896147790<\/p>\n","protected":false},"featured_media":677457,"template":"","meta":{"_acf_changed":false},"product_brand":[14465],"product_cat":[13024],"product_tag":[],"class_list":{"0":"post-676983","1":"product","2":"type-product","3":"status-publish","4":"has-post-thumbnail","6":"product_brand-nocpix","7":"product_cat-termisk","9":"first","10":"instock","11":"taxable","12":"shipping-taxable","13":"purchasable","14":"product-type-simple"},"acf":[],"_links":{"self":[{"href":"https:\/\/nbg.eu\/sv\/wp-json\/wp\/v2\/product\/676983","targetHints":{"allow":["GET"]}}],"collection":[{"href":"https:\/\/nbg.eu\/sv\/wp-json\/wp\/v2\/product"}],"about":[{"href":"https:\/\/nbg.eu\/sv\/wp-json\/wp\/v2\/types\/product"}],"wp:featuredmedia":[{"embeddable":true,"href":"https:\/\/nbg.eu\/sv\/wp-json\/wp\/v2\/media\/677457"}],"wp:attachment":[{"href":"https:\/\/nbg.eu\/sv\/wp-json\/wp\/v2\/media?parent=676983"}],"wp:term":[{"taxonomy":"product_brand","embeddable":true,"href":"https:\/\/nbg.eu\/sv\/wp-json\/wp\/v2\/product_brand?post=676983"},{"taxonomy":"product_cat","embeddable":true,"href":"https:\/\/nbg.eu\/sv\/wp-json\/wp\/v2\/product_cat?post=676983"},{"taxonomy":"product_tag","embeddable":true,"href":"https:\/\/nbg.eu\/sv\/wp-json\/wp\/v2\/product_tag?post=676983"}],"curies":[{"name":"wp","href":"https:\/\/api.w.org\/{rel}","templated":true}]}}