{"id":677687,"date":"2025-11-17T17:25:33","date_gmt":"2025-11-17T14:25:33","guid":{"rendered":"https:\/\/nbg.eu\/product\/termisk-sikt-nocpix-ace-h50r-12um-640x512-15mk-netd\/"},"modified":"2026-04-14T16:22:06","modified_gmt":"2026-04-14T13:22:06","slug":"termisk-sikt-nocpix-ace-h50r-12um-640x512-15mk-netd","status":"publish","type":"product","link":"https:\/\/nbg.eu\/sv\/produkt\/termisk-sikt-nocpix-ace-h50r-12um-640x512-15mk-netd\/","title":{"rendered":"Nocpix V\u00e4rmesikte ACE H50R"},"content":{"rendered":"<h2>NocPix ACE H50R Termisk Gev\u00e4rssikte<\/h2>\n<p>NocPix ACE H50R termiska gev\u00e4rssikte kombinerar avancerad teknik med robust h\u00e5llbarhet f\u00f6r en \u00f6verl\u00e4gsen jaktupplevelse. Den har en termisk sensor med 640&#215;512 uppl\u00f6sning och \u226412mK NETD f\u00f6r exceptionell bildklarhet, ett uppt\u00e4ckningsomr\u00e5de p\u00e5 3100 meter och en integrerad lasravst\u00e5ndsm\u00e4tare f\u00f6r exakta m\u00e4tningar upp till 1200 meter. Det innovativa Vision+-systemet erbjuder okular f\u00f6rstoring f\u00f6r tydliga n\u00e4rbilder, och ett dubbelt batterisystem s\u00e4kerst\u00e4ller l\u00e5ngvarig anv\u00e4ndning. Tillverkad av h\u00f6gh\u00e5llfast aluminiumlegering och klassad IP67, \u00e4r detta gev\u00e4rssikte utformat f\u00f6r att \u00f6verleva i alla typer av utomhusmilj\u00f6er och anpassa sig till alla situationer.<\/p>\n<p>NocPix ACE H50 termiska gev\u00e4rssikte \u00e4r ett banbrytande verktyg designat f\u00f6r att omdefinjera jaktupplevelsen, oavsett om du navigerar i m\u00f6rker eller smyger efter byte genom utmanande terr\u00e4ng. Som en del av NocPix flaggskepp ACE-serien, sticker detta termiska optiska sikte ut f\u00f6r sin \u00f6verl\u00e4gsna bildkvalitet och precision, tack vare sin internt utvecklade h\u00f6guppl\u00f6sta termiska sensor och avancerade Reality+ och Vision+-system.<\/p>\n<p>Hj\u00e4rtat i NocPix ACE H50R \u00e4r dess Gen-2 HD termiska sensor, som har en uppl\u00f6sning p\u00e5 640&#215;512 och en bildfrekvens p\u00e5 60 Hz, vilket erbjuder otroligt stabil prestanda. Med en NETD p\u00e5 \u226412mK, k\u00e4nner detta sikte av \u00e4ven de minsta temperaturskillnaderna, vilket ger detaljerade och j\u00e4mna termiska bilder, perfekta f\u00f6r sp\u00e5rning av snabbr\u00f6rliga m\u00e5l i realtid. Den avancerade Reality+ bildbehandlingsalgoritmen f\u00f6rb\u00e4ttrar detta ytterligare genom att eliminera omgivande temperaturst\u00f6rningar, vilket ger \u00f6verl\u00e4gsen kontrast och klarhet \u00e4ven under utmanande jaktf\u00f6rh\u00e5llanden.<\/p>\n<p>ACE H50R \u00e4r utrustad med ett 50 mm\/F0,9 objektiv som l\u00e5ter 20 % mer ljus n\u00e5 sensorn, vilket skapar ljusare och tydligare bilder. Detta \u00e4r avg\u00f6rande f\u00f6r j\u00e4gare som str\u00e4var efter precision, eftersom den f\u00f6rb\u00e4ttrade ljus\u00f6verf\u00f6ringen ger b\u00e4ttre sikt i svaga ljusmilj\u00f6er. Dessutom \u00e4r 3100 meters detektionsomr\u00e5de vad som s\u00e4rskiljer ACE, vilket g\u00f6r identifiering och sp\u00e5rning av avl\u00e4gsna m\u00e5l enklare och mer effektivt \u00e4n n\u00e5gonsin.<\/p>\n<p>Det integrerade Vision+-systemet f\u00f6rb\u00e4ttrar den visuella upplevelsen med en 1,03 tum cirkul\u00e4r AMOLED-display med en uppl\u00f6sning p\u00e5 2560&#215;2560. Dess optiska zoomsystem, som \u00e4r utformat f\u00f6r att undvika suddighet och distorsion som vanligtvis associeras med traditionella elektroniska zooml\u00f6sningar, s\u00e4kerst\u00e4ller att j\u00e4gare f\u00e5r klara, h\u00f6guppl\u00f6sta n\u00e4rbilder utan att tappa i detaljer. Detta ger en immergivande och bekv\u00e4m tittupplevelse, oavsett om du spejare byte p\u00e5 avst\u00e5nd eller zoomar in f\u00f6r precisionssiktning.<\/p>\n<p>Byggd f\u00f6r ut\u00f6kad anv\u00e4ndning i f\u00e4lt, har ACE ett dubbelt batterisystem med ett inbyggt 4000 mAh-batteri och ett ytterligare l\u00f6stagbart 18650-batteri, vilket m\u00f6jligg\u00f6r oavbruten drift under l\u00e5nga jaktpass. Den robusta konstruktionen, tillverkad av h\u00f6gh\u00e5llfast aluminiumlegering, s\u00e4kerst\u00e4ller att ACE klarar av h\u00e5rda utomhusmilj\u00f6er och tung anv\u00e4ndning, efter att ha genomg\u00e5tt rigor\u00f6s provning av st\u00f6tt\u00e5lighet. Med en IP67-klassning f\u00f6rblir siktet p\u00e5litligt \u00e4ven i ogynnsamma v\u00e4derf\u00f6rh\u00e5llanden, och ger j\u00e4garna sinnesro oavsett milj\u00f6.<\/p>\n<p>Utformad med j\u00e4gare i \u00e5tanke, inkluderar NocPix ACE H50R viktiga funktioner som rekyldetektor videoinspelning och ett slutarfritt utf\u00f6rande f\u00f6r problemfri anv\u00e4ndning i f\u00e4lt. Med anv\u00e4ndarv\u00e4nliga till\u00e4gg som fokusreglerare, laddningsskydd och m\u00f6jligheten att spela upp videoklipp direkt via Galleri-funktionen, kombinerar detta sikte h\u00f6gpresterande funktionalitet med bekv\u00e4mlighet f\u00f6r en optimal jaktupplevelse.<\/p>\n","protected":false},"excerpt":{"rendered":"<p>Nocpix ACE H50R termisk riktsikte har en 640&#215;512 termisk sensor med \u226412mK NETD, 3100m avk\u00e4nning, integrerad LRF och Vision+ system f\u00f6r en enast\u00e5ende jaktupplevelse.<br \/>\nOm varan inte finns tillg\u00e4nglig, kontakta oss: shop@nbg.eu eller +359896147790<\/p>\n","protected":false},"featured_media":678029,"template":"","meta":{"_acf_changed":false},"product_brand":[14465],"product_cat":[13024],"product_tag":[],"class_list":{"0":"post-677687","1":"product","2":"type-product","3":"status-publish","4":"has-post-thumbnail","6":"product_brand-nocpix","7":"product_cat-termisk","9":"first","10":"outofstock","11":"taxable","12":"shipping-taxable","13":"purchasable","14":"product-type-simple"},"acf":[],"_links":{"self":[{"href":"https:\/\/nbg.eu\/sv\/wp-json\/wp\/v2\/product\/677687","targetHints":{"allow":["GET"]}}],"collection":[{"href":"https:\/\/nbg.eu\/sv\/wp-json\/wp\/v2\/product"}],"about":[{"href":"https:\/\/nbg.eu\/sv\/wp-json\/wp\/v2\/types\/product"}],"wp:featuredmedia":[{"embeddable":true,"href":"https:\/\/nbg.eu\/sv\/wp-json\/wp\/v2\/media\/678029"}],"wp:attachment":[{"href":"https:\/\/nbg.eu\/sv\/wp-json\/wp\/v2\/media?parent=677687"}],"wp:term":[{"taxonomy":"product_brand","embeddable":true,"href":"https:\/\/nbg.eu\/sv\/wp-json\/wp\/v2\/product_brand?post=677687"},{"taxonomy":"product_cat","embeddable":true,"href":"https:\/\/nbg.eu\/sv\/wp-json\/wp\/v2\/product_cat?post=677687"},{"taxonomy":"product_tag","embeddable":true,"href":"https:\/\/nbg.eu\/sv\/wp-json\/wp\/v2\/product_tag?post=677687"}],"curies":[{"name":"wp","href":"https:\/\/api.w.org\/{rel}","templated":true}]}}