{"id":678108,"date":"2025-11-17T17:25:36","date_gmt":"2025-11-17T14:25:36","guid":{"rendered":"https:\/\/nbg.eu\/product\/termisk-monokular-nocpix-lumi-l35\/"},"modified":"2026-01-21T11:39:11","modified_gmt":"2026-01-21T08:39:11","slug":"termisk-monokular-nocpix-lumi-l35","status":"publish","type":"product","link":"https:\/\/nbg.eu\/sv\/produkt\/termisk-monokular-nocpix-lumi-l35\/","title":{"rendered":"Termisk monokul\u00e4r Nocpix LUMI L35"},"content":{"rendered":"<h2>Maximal prestanda med minimal vikt \u2013 Nocpix LUMI L35: Din oumb\u00e4rliga f\u00f6ljeslagare i ditt omr\u00e5de<\/h2>\n<p>LUMI-serien av v\u00e4rmekameror \u00e4r utformad f\u00f6r b\u00e5de dag- och nattanv\u00e4ndning och erbjuder dig exceptionell bildkvalitet \u00e4ven under sv\u00e5ra v\u00e4derf\u00f6rh\u00e5llanden som dimma, smog eller regn. \u00c4ven om hinder som grenar, h\u00f6gt gr\u00e4s eller t\u00e4t v\u00e4xtlighet g\u00f6r det sv\u00e5rt att se, kan du tack vare den h\u00e4r tekniken alltid klart se vad som finns framf\u00f6r dig. De \u00e4r ocks\u00e5 s\u00e5 kompakta och l\u00e4tta att du enkelt kan b\u00e4ra med dig dem \u00f6verallt.<\/p>\n<p>LUMI-v\u00e4rmekameror \u00e4r perfekta f\u00f6r en m\u00e4ngd olika till\u00e4mpningar som jakt, \u00f6vervakning, s\u00e4kerhet, terr\u00e4ngorientering eller s\u00f6k- och r\u00e4ddningsinsatser.<\/p>\n<h2>O\u00f6vertr\u00e4ffad bildprestanda f\u00f6r riktigt sk\u00e4rpa bilder<\/h2>\n<p>LUMI-serien s\u00e4tter nya standarder n\u00e4r det g\u00e4ller bildkvalitet. Utrustad med de mest avancerade bildalgoritmer och en kraftfull v\u00e4rmesensor med NETD &lt; 18 mK levererar kameran riktigt sk\u00e4rpa och realistiska bilder. Den AMOLED-sk\u00e4rm med en uppl\u00f6sning p\u00e5 1024 x 768 pixlar s\u00e4kerst\u00e4ller exceptionell bildvisning, medan Ultra Clear-l\u00e4get ytterligare optimerar bildsk\u00e4rpan, s\u00e4rskilt under sv\u00e5ra v\u00e4derf\u00f6rh\u00e5llanden.<\/p>\n<h2>Personlig tittupplevelse \u2013 Anpassa din enhet perfekt<\/h2>\n<p>Tack vare den medelstora 384 x 288 px-sensorn och ett antal olika inst\u00e4llningsalternativ kan du anpassa enheten exakt efter dina behov. V\u00e4lj mellan 5 f\u00e4rgl\u00e4gen och optimera din vy med 10 niv\u00e5er av ljusstyrka, sk\u00e4rpa och kontrast &#8211; s\u00e5 att inga detaljer missas.<\/p>\n<h2>Enkel upplevelsedelning<\/h2>\n<p>Att f\u00e5nga speciella \u00f6gonblick \u00e4r v\u00e4sentligt f\u00f6r den moderna j\u00e4garen. Med Nocpix LUMI L35 kan du inte bara bekv\u00e4mt dela dina inspelningar via appen, utan ocks\u00e5 spela upp dem direkt p\u00e5 enheten &#8211; perfekt f\u00f6r att omedelbart dela dina upplevelser med andra.<\/p>\n<h2>Kan anv\u00e4ndas flexibelt tack vare det avtagbara batterisystemet<\/h2>\n<p>LUMI-serien \u00e4r utrustad med standardbatterier av typen 18650, vilket ger dig maximal flexibilitet. Oavsett var du \u00e4n g\u00e5r, kommer du med den medf\u00f6ljande batteriladdaren snabbt att vara redo igen &#8211; och du kan forts\u00e4tta din mission.<\/p>\n","protected":false},"excerpt":{"rendered":"<p>Maximal prestanda med minimal vikt \u2013 Nocpix LUMI L35: Din oumb\u00e4rliga f\u00f6ljeslagare i f\u00e4lt. 384 sensor med 18 mK, AMOLED-display med 1024 \u00d7 768 pixlar, L\u00f6stagbart 18650-batteri, Detekteringsavst\u00e5nd cirka 1800 meter, stor grundf\u00f6rstoring f\u00f6r jakt i f\u00e4lt, kompakt design.<\/p>\n<p>Om varan inte finns tillg\u00e4nglig, kontakta oss: shop@nbg.eu eller +359896147790<\/p>\n","protected":false},"featured_media":678261,"template":"","meta":{"_acf_changed":false},"product_brand":[14465],"product_cat":[13024,369],"product_tag":[],"class_list":{"0":"post-678108","1":"product","2":"type-product","3":"status-publish","4":"has-post-thumbnail","6":"product_brand-nocpix","7":"product_cat-termisk","8":"product_cat-uncategorized","10":"first","11":"instock","12":"taxable","13":"shipping-taxable","14":"purchasable","15":"product-type-simple"},"acf":[],"_links":{"self":[{"href":"https:\/\/nbg.eu\/sv\/wp-json\/wp\/v2\/product\/678108","targetHints":{"allow":["GET"]}}],"collection":[{"href":"https:\/\/nbg.eu\/sv\/wp-json\/wp\/v2\/product"}],"about":[{"href":"https:\/\/nbg.eu\/sv\/wp-json\/wp\/v2\/types\/product"}],"wp:featuredmedia":[{"embeddable":true,"href":"https:\/\/nbg.eu\/sv\/wp-json\/wp\/v2\/media\/678261"}],"wp:attachment":[{"href":"https:\/\/nbg.eu\/sv\/wp-json\/wp\/v2\/media?parent=678108"}],"wp:term":[{"taxonomy":"product_brand","embeddable":true,"href":"https:\/\/nbg.eu\/sv\/wp-json\/wp\/v2\/product_brand?post=678108"},{"taxonomy":"product_cat","embeddable":true,"href":"https:\/\/nbg.eu\/sv\/wp-json\/wp\/v2\/product_cat?post=678108"},{"taxonomy":"product_tag","embeddable":true,"href":"https:\/\/nbg.eu\/sv\/wp-json\/wp\/v2\/product_tag?post=678108"}],"curies":[{"name":"wp","href":"https:\/\/api.w.org\/{rel}","templated":true}]}}