{"id":678364,"date":"2025-11-18T18:19:28","date_gmt":"2025-11-18T15:19:28","guid":{"rendered":"https:\/\/nbg.eu\/product\/nocpix-quest-l35r-384x288-netd-15mk\/"},"modified":"2026-04-14T16:22:00","modified_gmt":"2026-04-14T13:22:00","slug":"nocpix-quest-l35r-384x288-netd-15mk","status":"publish","type":"product","link":"https:\/\/nbg.eu\/sv\/produkt\/nocpix-quest-l35r-384x288-netd-15mk\/","title":{"rendered":"Nocpix V\u00e4rmekikare Quest L35R"},"content":{"rendered":"<h2>Nocpix Quest L35R 384&#215;288 NETD \u226415mK: Frig\u00f6r din v\u00e4rmesyn<\/h2>\n<p>QUEST \u00e4r l\u00e4ttvik och b\u00e4rbar, erbjuder en detekteringsr\u00e4ckvidd p\u00e5 upp till 2600 m och en inbyggd hemlig LRF med en r\u00e4ckvidd p\u00e5 1000 m f\u00f6r b\u00e4ttre precision och synlighet. Dess traditionella kikarsiktedesign har ett helt\u00e4ckande gummiskydd och IP67-klassificering f\u00f6r h\u00e5llbarhet och komfort i h\u00e5rda f\u00f6rh\u00e5llanden. Utrustad med en h\u00f6gpresterande 640&#215;512-sensor (NETD \u226415mK, 60Hz) ger QUEST exceptionell bildsk\u00e4rpa, \u00f6verl\u00e4gsen v\u00e4rmek\u00e4nslighet och problemfri anv\u00e4ndning i utmanande milj\u00f6er.<\/p>\n<h2>Exceptionell bildkvalitet och sk\u00e4rpa<\/h2>\n<p>Nocpix QUEST har R+ bildf\u00f6rb\u00e4ttring f\u00f6r \u00f6verl\u00e4gsen sk\u00e4rpa och precision, kombinerad med en 1920&#215;1200 AMOLED-display f\u00f6r en slukande, \u00f6gonv\u00e4nlig tittarupplevelse.<\/p>\n<h2>\u00d6verl\u00e4gsen sensor f\u00f6r excellens<\/h2>\n<p>Nocpix QUEST \u00e4r utrustad med en h\u00f6gpresterande sensor (640&#215;512@12\u00b5m) som ger exceptionell bildsk\u00e4rpa. Med NETD \u226415mK och 60 Hz bildfrekvens ger den \u00f6verl\u00e4gsen v\u00e4rmek\u00e4nslighet och levererar tydliga och visuella bilder \u00e4ven i de mest utmanande milj\u00f6er.<\/p>\n<h2>Kraftfulla detekteringsm\u00f6jligheter<\/h2>\n<p>Nocpix QUEST har en detekteringsr\u00e4ckvidd p\u00e5 upp till 2600 m och en inbyggd hemlig LRF med en r\u00e4ckvidd p\u00e5 upp till 1000 m, vilket g\u00f6r att du kan se l\u00e4ngre och mer exakt \u00e4n n\u00e5gonsin tidigare. Den st\u00f6der ocks\u00e5 ballistiska ber\u00e4kningar och ger dataunderst\u00f6d f\u00f6r samarbetsjakt.<\/p>\n<h2>Ergonomisk enhandsman\u00f6vrering<\/h2>\n<p>Nocpix QUEST erbjuder ergonomisk, halkfri hantering med en f\u00f6renklad 4-knappslayout och centralt placerade rullhjul f\u00f6r enkel enhandsman\u00f6vrering och ett s\u00e4kert grepp under alla f\u00f6rh\u00e5llanden.<\/p>\n<h2>L\u00e4ttvik och b\u00e4rbar<\/h2>\n<p>QUEST v\u00e4ger endast 700 g och inkluderar en anpassad b\u00e4rv\u00e4ska, vilket erbjuder enkel b\u00e4rbarhet och komfort f\u00f6r utomhusaktiviteter som jakt och utforskande.<\/p>\n<h2>P\u00e5litlig str\u00f6mningsprestanda<\/h2>\n<p>QUEST-serien har en dubbelkameradesign med ett inbyggt och utbytbart 18650-batteri, vilket s\u00e4kerst\u00e4ller problemfri ers\u00e4ttning och kontinuerlig anv\u00e4ndning under ditt \u00e4ventyr.<\/p>\n<h2>H\u00e5llbar och bekv\u00e4m design<\/h2>\n<p>QUEST har en traditionell kikarsiktedesign med en sofistikerad helgummiadob och IP67-klassificering f\u00f6r vatten- och damms\u00e4kerhet, vilket s\u00e4kerst\u00e4ller b\u00e5de h\u00e5llbarhet och \u00f6vergripande komfort.<\/p>\n","protected":false},"excerpt":{"rendered":"<p>Nocpix QUEST L35R 384&#215;288 NETD &lt;15mK: L\u00e4ttviktig, b\u00e4rbar v\u00e4rmekamera med 2600 m detekteringsr\u00e4ckvidd, inbyggd 1000 m LRF och exceptionell bildklarhet.<\/p>\n<p>Om artikeln inte \u00e4r tillg\u00e4nglig, kontakta oss: shop@nbg.eu eller +359896147790<\/p>\n","protected":false},"featured_media":679412,"template":"","meta":{"_acf_changed":false},"product_brand":[14465],"product_cat":[14697,13024,16104],"product_tag":[],"class_list":{"0":"post-678364","1":"product","2":"type-product","3":"status-publish","4":"has-post-thumbnail","6":"product_brand-nocpix","7":"product_cat-kikare","8":"product_cat-termisk","9":"product_cat-thermal-cameras-sv","11":"first","12":"instock","13":"taxable","14":"shipping-taxable","15":"purchasable","16":"product-type-simple"},"acf":[],"_links":{"self":[{"href":"https:\/\/nbg.eu\/sv\/wp-json\/wp\/v2\/product\/678364","targetHints":{"allow":["GET"]}}],"collection":[{"href":"https:\/\/nbg.eu\/sv\/wp-json\/wp\/v2\/product"}],"about":[{"href":"https:\/\/nbg.eu\/sv\/wp-json\/wp\/v2\/types\/product"}],"wp:featuredmedia":[{"embeddable":true,"href":"https:\/\/nbg.eu\/sv\/wp-json\/wp\/v2\/media\/679412"}],"wp:attachment":[{"href":"https:\/\/nbg.eu\/sv\/wp-json\/wp\/v2\/media?parent=678364"}],"wp:term":[{"taxonomy":"product_brand","embeddable":true,"href":"https:\/\/nbg.eu\/sv\/wp-json\/wp\/v2\/product_brand?post=678364"},{"taxonomy":"product_cat","embeddable":true,"href":"https:\/\/nbg.eu\/sv\/wp-json\/wp\/v2\/product_cat?post=678364"},{"taxonomy":"product_tag","embeddable":true,"href":"https:\/\/nbg.eu\/sv\/wp-json\/wp\/v2\/product_tag?post=678364"}],"curies":[{"name":"wp","href":"https:\/\/api.w.org\/{rel}","templated":true}]}}