{"id":679456,"date":"2025-11-18T18:19:37","date_gmt":"2025-11-18T15:19:37","guid":{"rendered":"https:\/\/nbg.eu\/product\/nocpix-quest-h50r-lrf-640x512-netd-15mk\/"},"modified":"2026-04-14T16:21:57","modified_gmt":"2026-04-14T13:21:57","slug":"nocpix-quest-h50r-lrf-640x512-netd-15mk","status":"publish","type":"product","link":"https:\/\/nbg.eu\/sv\/produkt\/nocpix-quest-h50r-lrf-640x512-netd-15mk\/","title":{"rendered":"Nocpix V\u00e4rmekikare Quest H50R LRF"},"content":{"rendered":"<h2>Nocpix Quest H50R LRF 640&#215;512 NETD \u226415mK<\/h2>\n<p>QUEST \u00e4r l\u00e4tt och b\u00e4rbar och erbjuder en uppt\u00e4cktsr\u00e4ckvidd p\u00e5 upp till 2600 m och en inbyggd dold LRF med en r\u00e4ckvidd p\u00e5 1000 m f\u00f6r f\u00f6rb\u00e4ttrad precision och synlighet. Dess traditionella kikarsiktes-design har ett helt\u00e4ckande gummi\u00f6verdrag och IP67-klassificering f\u00f6r h\u00e5llbarhet och komfort under sv\u00e5ra f\u00f6rh\u00e5llanden. Utrustad med en h\u00f6gpresterande 640&#215;512-sensor (NETD \u226415mK, 60 Hz) ger QUEST utm\u00e4rkt bildsk\u00e4rpa, \u00f6verl\u00e4gsen v\u00e4rmetekniksensitivitet och problemfri anv\u00e4ndning i utmanande milj\u00f6er.<\/p>\n<h2>V\u00e4rmesensor<\/h2>\n<p>Nocpix QUEST har bildf\u00f6rb\u00e4ttring R+ f\u00f6r \u00f6verl\u00e4gsen sk\u00e4rpa och precision, kombinerat med en 1920&#215;1200 AMOLED-display f\u00f6r en uppslukande och \u00f6gonv\u00e4nlig upplevelse.<\/p>\n<h2>\u00d6verl\u00e4gsen sensor s\u00e4kerst\u00e4ller excellens<\/h2>\n<p>Nocpix QUEST \u00e4r utrustad med en h\u00f6gpresterande sensor (640&#215;512@12\u00b5m) som ger exceptionell bildsk\u00e4rpa. Med NETD \u226415mK och 60 Hz bildfrekvens ger den \u00f6verl\u00e4gsen v\u00e4rmetekniksensitivitet och levererar tydliga och visuella bilder \u00e4ven under de mest utmanande f\u00f6rh\u00e5llanden.<\/p>\n<h2>Kraftfulla uppt\u00e4cktsegenskaper<\/h2>\n<p>Nocpix QUEST har en uppt\u00e4cktsr\u00e4ckvidd p\u00e5 upp till 2600 m och en inbyggd dold LRF med en r\u00e4ckvidd p\u00e5 upp till 1000 m, vilket g\u00f6r att du kan se l\u00e4ngre och mer exakt \u00e4n n\u00e5gonsin tidigare. Den st\u00f6der ocks\u00e5 ballistiska ber\u00e4kningar, vilket ger datast\u00f6d f\u00f6r samarbetsjakt.<\/p>\n<h2>Enhandsman\u00f6vrering<\/h2>\n<p>Nocpix QUEST erbjuder ergonomisk, halks\u00e4ker hantering med ett f\u00f6renklat 4-knappslayout och centralt placerade rullhjul f\u00f6r enkel enhandsman\u00f6vrering och ett stadigt grepp i alla f\u00f6rh\u00e5llanden.<\/p>\n<h2>L\u00e4tt och b\u00e4rbar<\/h2>\n<p>QUEST v\u00e4ger endast 700 g och inkluderar en anpassad b\u00e4rv\u00e4ska, vilket erbjuder enkel b\u00e4rbarhet och komfort f\u00f6r utomhusaktiviteter som jakt och utforskning.<\/p>\n<h2>Eliminera oro f\u00f6r str\u00f6mf\u00f6rs\u00f6rjning<\/h2>\n<p>QUEST-serien har en dubbla batterikonstruktion med ett inbyggt och utbytbart 18650-batteri, vilket s\u00e4kerst\u00e4ller besv\u00e4rsfri ers\u00e4ttning och kontinuerlig anv\u00e4ndning under din \u00e4ventyr.<\/p>\n<h2>Den traditionella kikarsiktes-upplevelsen<\/h2>\n<p>QUEST har en traditionell kikarsiktes-design med ett sofistikerat fullst\u00e4ndigt gummi\u00f6verdrag och IP67-klassificering f\u00f6r vatten- och dammt\u00e5lighet, vilket s\u00e4kerst\u00e4ller b\u00e5de h\u00e5llbarhet och \u00f6vergripande komfort.<\/p>\n","protected":false},"excerpt":{"rendered":"<p>Nocpix Quest H50R LRF 640&#215;512 NETD &lt;15mK: L\u00e4ttviktig, b\u00e4rbar v\u00e4rmekamera med 2600m detekteringsr\u00e4ckvidd, 1000m LRF och \u00f6verl\u00e4gsen 640&#215;512-sensor.<br \/>\nOm varan inte \u00e4r tillg\u00e4nglig, kontakta oss g\u00e4rna: shop@nbg.eu eller +359896147790<\/p>\n","protected":false},"featured_media":680208,"template":"","meta":{"_acf_changed":false},"product_brand":[14465],"product_cat":[14697,13024,16104],"product_tag":[],"class_list":{"0":"post-679456","1":"product","2":"type-product","3":"status-publish","4":"has-post-thumbnail","6":"product_brand-nocpix","7":"product_cat-kikare","8":"product_cat-termisk","9":"product_cat-thermal-cameras-sv","11":"first","12":"instock","13":"taxable","14":"shipping-taxable","15":"purchasable","16":"product-type-simple"},"acf":[],"_links":{"self":[{"href":"https:\/\/nbg.eu\/sv\/wp-json\/wp\/v2\/product\/679456","targetHints":{"allow":["GET"]}}],"collection":[{"href":"https:\/\/nbg.eu\/sv\/wp-json\/wp\/v2\/product"}],"about":[{"href":"https:\/\/nbg.eu\/sv\/wp-json\/wp\/v2\/types\/product"}],"wp:featuredmedia":[{"embeddable":true,"href":"https:\/\/nbg.eu\/sv\/wp-json\/wp\/v2\/media\/680208"}],"wp:attachment":[{"href":"https:\/\/nbg.eu\/sv\/wp-json\/wp\/v2\/media?parent=679456"}],"wp:term":[{"taxonomy":"product_brand","embeddable":true,"href":"https:\/\/nbg.eu\/sv\/wp-json\/wp\/v2\/product_brand?post=679456"},{"taxonomy":"product_cat","embeddable":true,"href":"https:\/\/nbg.eu\/sv\/wp-json\/wp\/v2\/product_cat?post=679456"},{"taxonomy":"product_tag","embeddable":true,"href":"https:\/\/nbg.eu\/sv\/wp-json\/wp\/v2\/product_tag?post=679456"}],"curies":[{"name":"wp","href":"https:\/\/api.w.org\/{rel}","templated":true}]}}