{"id":681046,"date":"2025-12-17T14:06:52","date_gmt":"2025-12-17T11:06:52","guid":{"rendered":"https:\/\/nbg.eu\/product\/manly-peak-g10-svart-cpm-s90v\/"},"modified":"2026-01-21T11:41:29","modified_gmt":"2026-01-21T08:41:29","slug":"manly-peak-g10-svart-cpm-s90v","status":"publish","type":"product","link":"https:\/\/nbg.eu\/sv\/produkt\/manly-peak-g10-svart-cpm-s90v\/","title":{"rendered":"Manly PEAK G10 SVART CPM S90V"},"content":{"rendered":"<h2>Manly PEAK G10 SVART CPM S90V &#8211; Exceptionell enhandsvikning F\u00e4llkniv<\/h2>\n<p>Upplev den exceptionella Manly PEAK G10 SVART CPM S90V f\u00e4llkniv, ett unikt och m\u00e5ngsidigt verktyg designat f\u00f6r olika aktiviteter. Skiljande sig fr\u00e5n Comrade-modellen, har denna kniv en sl\u00e5ende design som g\u00f6r den till en perfekt f\u00f6ljeslagare f\u00f6r varje uppgift.<\/p>\n<p>Tillg\u00e4nglig i tv\u00e5 distinkta versioner, erbjuder PEAK bekv\u00e4mligheten av en- eller tv\u00e5hands\u00f6ppning, som passar din personliga preferens. Tillverkad med precision, \u00e4r bladet gjort av h\u00f6gpresterande CPM S90V-st\u00e5l, vilket s\u00e4kerst\u00e4ller exceptionell eggh\u00e5llbarhet och korrosionsresistens.<\/p>\n<p>Det h\u00e5llbara G10-handtaget ger ett s\u00e4kert och bekv\u00e4mt grepp, vilket g\u00f6r PEAK till ett tillf\u00f6rlitligt val f\u00f6r daglig b\u00e4rning eller utomhus\u00e4ventyr. Med dess tumh\u00e5ls\u00f6ppningsmekanism och manuellt backlock-system, erbjuder denna kniv smidig enhandsman\u00f6vrering, vilket l\u00e5ter dig tackla dina uppgifter med l\u00e4tthet.<\/p>\n<p>Med en vikt p\u00e5 endast 115 gram, \u00e4r PEAK ett l\u00e4ttgewiktigt men robust verktyg som inte kommer att tynga dig ner. Oavsett om du \u00e4r en friluftsentusiast, en taktisk operat\u00f6r eller bara n\u00e5gon som s\u00f6ker en m\u00e5ngsidig och v\u00e4ldesignad f\u00e4llkniv, \u00e4r Manly PEAK G10 SVART CPM S90V svaret.<\/p>\n","protected":false},"excerpt":{"rendered":"<p>PEAK CPM S90V svart enhandskniv, utm\u00e4rkt design f\u00f6r alla aktiviteter.<\/p>\n","protected":false},"featured_media":681124,"template":"","meta":{"_acf_changed":false},"product_brand":[15092],"product_cat":[13038,15368,15347],"product_tag":[],"class_list":{"0":"post-681046","1":"product","2":"type-product","3":"status-publish","4":"has-post-thumbnail","6":"product_brand-manly-knives","7":"product_cat-edc","8":"product_cat-folding-knives-sv","9":"product_cat-knives-sv","11":"first","12":"outofstock","13":"taxable","14":"shipping-taxable","15":"purchasable","16":"product-type-simple"},"acf":[],"_links":{"self":[{"href":"https:\/\/nbg.eu\/sv\/wp-json\/wp\/v2\/product\/681046","targetHints":{"allow":["GET"]}}],"collection":[{"href":"https:\/\/nbg.eu\/sv\/wp-json\/wp\/v2\/product"}],"about":[{"href":"https:\/\/nbg.eu\/sv\/wp-json\/wp\/v2\/types\/product"}],"wp:featuredmedia":[{"embeddable":true,"href":"https:\/\/nbg.eu\/sv\/wp-json\/wp\/v2\/media\/681124"}],"wp:attachment":[{"href":"https:\/\/nbg.eu\/sv\/wp-json\/wp\/v2\/media?parent=681046"}],"wp:term":[{"taxonomy":"product_brand","embeddable":true,"href":"https:\/\/nbg.eu\/sv\/wp-json\/wp\/v2\/product_brand?post=681046"},{"taxonomy":"product_cat","embeddable":true,"href":"https:\/\/nbg.eu\/sv\/wp-json\/wp\/v2\/product_cat?post=681046"},{"taxonomy":"product_tag","embeddable":true,"href":"https:\/\/nbg.eu\/sv\/wp-json\/wp\/v2\/product_tag?post=681046"}],"curies":[{"name":"wp","href":"https:\/\/api.w.org\/{rel}","templated":true}]}}