{"id":681149,"date":"2026-01-08T18:14:00","date_gmt":"2026-01-08T15:14:00","guid":{"rendered":"https:\/\/nbg.eu\/product\/manly-peak-black-14c28n\/"},"modified":"2026-01-21T11:41:26","modified_gmt":"2026-01-21T08:41:26","slug":"manly-peak-black-14c28n","status":"publish","type":"product","link":"https:\/\/nbg.eu\/sv\/produkt\/manly-peak-black-14c28n\/","title":{"rendered":"Manly PEAK BLACK 14C28N"},"content":{"rendered":"<h2>Manly PEAK BLACK 14C28N \u2013 Den kvintessentiella vardagliga fickniven<\/h2>\n<p>I linje med Manly-traditionen att erbjuda \u00f6verkomligt prissatta, h\u00f6gkvalitativa fickknivar \u00e4r PEAK \u2013 14C28N Black (One Hand) epitomet av m\u00e5ngsidighet och praktiskhet. Tillverkad med precision har den h\u00e4r f\u00e4llbara kniven ett 14C28N-blad av svenskt st\u00e5l och ett G10-handtag, vilket s\u00e4kerst\u00e4ller ett h\u00e5llbart och tillf\u00f6rlitligt sk\u00e4rverktyg f\u00f6r vardagliga uppgifter.<\/p>\n<p>Konstruerad f\u00f6r ambidextr\u00f6st bruk m\u00f6jligg\u00f6r det reversibla clipset enkel \u00e5tkomst b\u00e5de f\u00f6r v\u00e4nster- och h\u00f6gerh\u00e4nta. Backlock-mekanismen ger ett s\u00e4kert och p\u00e5litligt l\u00e5s som garanterar att bladet sitter p\u00e5 plats under anv\u00e4ndning.<\/p>\n<p>Med en total l\u00e4ngd p\u00e5 22 cm och ett blad p\u00e5 9,4 cm erbjuder PEAK \u2013 14C28N Black (One Hand) en bekv\u00e4m och hanterbar storlek som \u00e4r perfekt f\u00f6r ett brett utbud av applikationer, fr\u00e5n utomhusaktiviteter till vardagliga nyttighetsuppgifter. Med en vikt p\u00e5 115 g hittar den en balans mellan tyngd och b\u00e4rbarhet, vilket g\u00f6r den till ett tillf\u00f6rlitligt och m\u00e5ngsidigt val f\u00f6r din vardagliga utrustning.<\/p>\n<p>Med ett satinfinish-blad av 14C28N-st\u00e5l och ett elegant svart G10-handtag presterar PEAK \u2013 14C28N Black (One Hand) inte bara exceptionellt v\u00e4l, utan den har ocks\u00e5 en stilfull och modern estetik som kommer att komplettera alla personliga stilar. Oavsett om du \u00e4r en friluftsentusiast, en proffesionell hantverkare eller bara n\u00e5gon som uppskattar ett v\u00e4larbetat verktyg, \u00e4r Manly PEAK \u2013 14C28N Black (One Hand) ett perfekt komplement till din vardagliga utrustning.<\/p>\n","protected":false},"excerpt":{"rendered":"<p>Manlig PEAK BLACK 14C28N &#8211; \u00d6verkomligt prissatt fickkniv med 14C28N svenskt st\u00e5l, v\u00e4ndbar clip och ryggsp\u00e4rr.<\/p>\n","protected":false},"featured_media":685065,"template":"","meta":{"_acf_changed":false},"product_brand":[15092],"product_cat":[13038],"product_tag":[],"class_list":{"0":"post-681149","1":"product","2":"type-product","3":"status-publish","4":"has-post-thumbnail","6":"product_brand-manly-knives","7":"product_cat-edc","9":"first","10":"instock","11":"taxable","12":"shipping-taxable","13":"purchasable","14":"product-type-simple"},"acf":[],"_links":{"self":[{"href":"https:\/\/nbg.eu\/sv\/wp-json\/wp\/v2\/product\/681149","targetHints":{"allow":["GET"]}}],"collection":[{"href":"https:\/\/nbg.eu\/sv\/wp-json\/wp\/v2\/product"}],"about":[{"href":"https:\/\/nbg.eu\/sv\/wp-json\/wp\/v2\/types\/product"}],"wp:featuredmedia":[{"embeddable":true,"href":"https:\/\/nbg.eu\/sv\/wp-json\/wp\/v2\/media\/685065"}],"wp:attachment":[{"href":"https:\/\/nbg.eu\/sv\/wp-json\/wp\/v2\/media?parent=681149"}],"wp:term":[{"taxonomy":"product_brand","embeddable":true,"href":"https:\/\/nbg.eu\/sv\/wp-json\/wp\/v2\/product_brand?post=681149"},{"taxonomy":"product_cat","embeddable":true,"href":"https:\/\/nbg.eu\/sv\/wp-json\/wp\/v2\/product_cat?post=681149"},{"taxonomy":"product_tag","embeddable":true,"href":"https:\/\/nbg.eu\/sv\/wp-json\/wp\/v2\/product_tag?post=681149"}],"curies":[{"name":"wp","href":"https:\/\/api.w.org\/{rel}","templated":true}]}}