{"id":681299,"date":"2025-12-17T14:50:21","date_gmt":"2025-12-17T11:50:21","guid":{"rendered":"https:\/\/nbg.eu\/product\/manly-patriot-m-green-rwl-34\/"},"modified":"2026-01-21T11:39:48","modified_gmt":"2026-01-21T08:39:48","slug":"manly-patriot-m-green-rwl-34","status":"publish","type":"product","link":"https:\/\/nbg.eu\/sv\/produkt\/manly-patriot-m-green-rwl-34\/","title":{"rendered":"Manly PATRIOT M.GREEN RWL-34"},"content":{"rendered":"<h2>Manly PATRIOT M.GREEN RWL-34 \u2013 Det m\u00e5ngsidiga fasta bladkniven f\u00f6r vardagligt b\u00e4rande<\/h2>\n<p>Med PATRIOT \u2013 RWL-34 Milit\u00e4rgr\u00f6n presenterar Manly en fast version av deras framg\u00e5ngsrika Comrade vikkniv. Med i princip samma dimensioner \u00e4r PATRIOT det perfekta valet f\u00f6r vardagsanv\u00e4ndning, jakt och camping. Med ett mattblankt blad tillverkat av premium RWL-34-st\u00e5l kombinerar denna kniv h\u00e5llbarhet och sk\u00e4rprestanda. Tillverkad med antingen G10- eller valn\u00f6tstr\u00e4handtag erbjuder PATRIOT ett bekv\u00e4mt och s\u00e4kert grepp, vilket s\u00e4kerst\u00e4ller ett tryggt handhavande i olika situationer.<\/p>\n<p>Med en total l\u00e4ngd p\u00e5 21 cm och ett 9,1 cm blad \u00e4r PATRIOT ett kompakt och m\u00e5ngsidigt verktyg. Dess 4 mm tjocka blad ger riklig styrka och styvhet, medan den totala vikten p\u00e5 126 g s\u00e4kerst\u00e4ller en v\u00e4lavv\u00e4gd k\u00e4nsla. Skyddad av ett h\u00e5llbart Kydex-h\u00f6lster \u00e4r PATRIOT en tillf\u00f6rlitlig f\u00f6ljeslagare f\u00f6r friluftsentusiaster och vardagligt b\u00e4rande.<\/p>\n","protected":false},"excerpt":{"rendered":"<p>Manlig PATRIOT M.GR\u00d6N RWL-34 &#8211; Fast blad milit\u00e4rgr\u00f6n kniv med satinfinish RWL-34 st\u00e5lblad och G10-handtag.<\/p>\n","protected":false},"featured_media":681491,"template":"","meta":{"_acf_changed":false},"product_brand":[15092],"product_cat":[2876],"product_tag":[],"class_list":{"0":"post-681299","1":"product","2":"type-product","3":"status-publish","4":"has-post-thumbnail","6":"product_brand-manly-knives","7":"product_cat-rahohvatki","9":"first","10":"instock","11":"taxable","12":"shipping-taxable","13":"purchasable","14":"product-type-simple"},"acf":[],"_links":{"self":[{"href":"https:\/\/nbg.eu\/sv\/wp-json\/wp\/v2\/product\/681299","targetHints":{"allow":["GET"]}}],"collection":[{"href":"https:\/\/nbg.eu\/sv\/wp-json\/wp\/v2\/product"}],"about":[{"href":"https:\/\/nbg.eu\/sv\/wp-json\/wp\/v2\/types\/product"}],"wp:featuredmedia":[{"embeddable":true,"href":"https:\/\/nbg.eu\/sv\/wp-json\/wp\/v2\/media\/681491"}],"wp:attachment":[{"href":"https:\/\/nbg.eu\/sv\/wp-json\/wp\/v2\/media?parent=681299"}],"wp:term":[{"taxonomy":"product_brand","embeddable":true,"href":"https:\/\/nbg.eu\/sv\/wp-json\/wp\/v2\/product_brand?post=681299"},{"taxonomy":"product_cat","embeddable":true,"href":"https:\/\/nbg.eu\/sv\/wp-json\/wp\/v2\/product_cat?post=681299"},{"taxonomy":"product_tag","embeddable":true,"href":"https:\/\/nbg.eu\/sv\/wp-json\/wp\/v2\/product_tag?post=681299"}],"curies":[{"name":"wp","href":"https:\/\/api.w.org\/{rel}","templated":true}]}}