{"id":681785,"date":"2025-12-17T15:55:16","date_gmt":"2025-12-17T12:55:16","guid":{"rendered":"https:\/\/nbg.eu\/product\/manlig-stadsorange-cpm-s90v\/"},"modified":"2026-01-21T12:29:09","modified_gmt":"2026-01-21T09:29:09","slug":"manlig-stadsorange-cpm-s90v","status":"publish","type":"product","link":"https:\/\/nbg.eu\/sv\/produkt\/manlig-stadsorange-cpm-s90v\/","title":{"rendered":"Manlig stadsorange CPM S90V"},"content":{"rendered":"<h2>Manly City CPM S90V &#8211; Fickkniv f\u00f6r dagligt bruk<\/h2>\n<p>Som namnet antyder \u00e4r Manly City CPM S90V en exceptionell fickkniv f\u00f6r dagligt bruk i staden. Den kommer med Manlys filosofi om att erbjuda anv\u00e4ndare noggrant utvalda premiummaterial till ett rimligt pris. Den helflata bladet \u00e4r gjort av h\u00f6gpresterande CPM S90V-st\u00e5l, med en Rockwell-h\u00e5rdhet p\u00e5 60-62 HRC, vilket s\u00e4kerst\u00e4ller utm\u00e4rkt eggh\u00e5llbarhet och korrosionsbest\u00e4ndighet.<\/p>\n<p>Utformad f\u00f6r ambidextr\u00f6st bruk har denna modell ett v\u00e4ndbart fickkl\u00e4mmor och dubbla stiftpositioner, vilket g\u00f6r den l\u00e4mplig f\u00f6r b\u00e5de v\u00e4nster- och h\u00f6gerh\u00e4nta anv\u00e4ndare. G10-handtaget ger ett s\u00e4kert och bekv\u00e4mt grepp, medan mekanismen f\u00f6r enhands\u00f6ppning och l\u00e5sryggsystem s\u00e4kerst\u00e4ller tillf\u00f6rlitlig funktion.<\/p>\n<p>Med en totall\u00e4ngd p\u00e5 17,7 cm och en bladl\u00e4ngd p\u00e5 7,0 cm \u00e4r Manly City CPM S90V en m\u00e5ngsidig fickkniv f\u00f6r dagligt bruk som kombinerar premiummaterial, exceptionell prestanda och anv\u00e4ndarv\u00e4nliga funktioner. Med en vikt p\u00e5 endast 95 g \u00e4r den en l\u00e4tt och l\u00e4tt portabel f\u00f6ljeslagare f\u00f6r olika vardagliga uppgifter.<\/p>\n","protected":false},"excerpt":{"rendered":"<p>Vardaglig b\u00e4rbara EDC-kniv. CPM S90V-st\u00e5lblad, G10-handtag, v\u00e4ndbar kl\u00e4mma, l\u00e4mplig f\u00f6r v\u00e4nster-\/h\u00f6gerh\u00e4nta.<\/p>\n","protected":false},"featured_media":682083,"template":"","meta":{"_acf_changed":false},"product_brand":[15092],"product_cat":[13038],"product_tag":[],"class_list":{"0":"post-681785","1":"product","2":"type-product","3":"status-publish","4":"has-post-thumbnail","6":"product_brand-manly-knives","7":"product_cat-edc","9":"first","10":"instock","11":"taxable","12":"shipping-taxable","13":"purchasable","14":"product-type-simple"},"acf":[],"_links":{"self":[{"href":"https:\/\/nbg.eu\/sv\/wp-json\/wp\/v2\/product\/681785","targetHints":{"allow":["GET"]}}],"collection":[{"href":"https:\/\/nbg.eu\/sv\/wp-json\/wp\/v2\/product"}],"about":[{"href":"https:\/\/nbg.eu\/sv\/wp-json\/wp\/v2\/types\/product"}],"wp:featuredmedia":[{"embeddable":true,"href":"https:\/\/nbg.eu\/sv\/wp-json\/wp\/v2\/media\/682083"}],"wp:attachment":[{"href":"https:\/\/nbg.eu\/sv\/wp-json\/wp\/v2\/media?parent=681785"}],"wp:term":[{"taxonomy":"product_brand","embeddable":true,"href":"https:\/\/nbg.eu\/sv\/wp-json\/wp\/v2\/product_brand?post=681785"},{"taxonomy":"product_cat","embeddable":true,"href":"https:\/\/nbg.eu\/sv\/wp-json\/wp\/v2\/product_cat?post=681785"},{"taxonomy":"product_tag","embeddable":true,"href":"https:\/\/nbg.eu\/sv\/wp-json\/wp\/v2\/product_tag?post=681785"}],"curies":[{"name":"wp","href":"https:\/\/api.w.org\/{rel}","templated":true}]}}