{"id":682118,"date":"2026-01-08T18:13:52","date_gmt":"2026-01-08T15:13:52","guid":{"rendered":"https:\/\/nbg.eu\/product\/manly-city-militar-14c28n\/"},"modified":"2026-01-21T11:41:31","modified_gmt":"2026-01-21T08:41:31","slug":"manly-city-militar-14c28n","status":"publish","type":"product","link":"https:\/\/nbg.eu\/sv\/produkt\/manly-city-militar-14c28n\/","title":{"rendered":"Manly City Milit\u00e4r 14C28N"},"content":{"rendered":"<h2>Manly City Military 14C28N: Kniven f\u00f6r vardagligt bruk<\/h2>\n<p>Manly City Military 14C28N \u00e4r en praktisk kniv f\u00f6r vardagligt bruk i staden, som speglar v\u00e5r filosofi om att erbjuda noggrant utvalda material till ett rimligt pris. Med ett blad av Sandvik 14C28N-st\u00e5l \u00e4r denna modell utformad f\u00f6r m\u00e5ngsidighet och bekv\u00e4mlighet.<\/p>\n<p>Med ett reversibelt clip och dubbel pinposition \u00e4r Manly City Military 14C28N l\u00e4mplig f\u00f6r b\u00e5de v\u00e4nster- och h\u00f6gerh\u00e4nta anv\u00e4ndare, vilket s\u00e4kerst\u00e4ller ett bekv\u00e4mt och anpassningsbart grepp. Materialet G10 i handtaget ger ett s\u00e4kert och h\u00e5llbart f\u00e4ste, medan mekanismen f\u00f6r enhands\u00f6ppning och l\u00e5sning erbjuder en smidig och tillf\u00f6rlitlig anv\u00e4ndning.<\/p>\n<p>Tekniska specifikationer:<\/p>\n<ul>\n<li>Modell: CITY 14C28N Military Green Flat Handle<\/li>\n<li>Typ: F\u00e4llkniv<\/li>\n<li>Total l\u00e4ngd: 17,7 cm<\/li>\n<li>Bladl\u00e4ngd: 7,0 cm<\/li>\n<li>L\u00e4ngd n\u00e4r hopf\u00e4lld: 10,5 cm<\/li>\n<li>Bladtjocklek: 2,7 mm<\/li>\n<li>Vikt: 95 g<\/li>\n<li>Bladmaterial: 14C28N<\/li>\n<li>Handtagsmaterial: G10<\/li>\n<li>\u00d6ppning: Tumgrepp<\/li>\n<li>\u00d6ppning: Enhands\u00f6ppning<\/li>\n<li>L\u00e5styp: L\u00e5sbar s\u00e4kerhetssp\u00e4rr<\/li>\n<\/ul>\n","protected":false},"excerpt":{"rendered":"<p>Den Manly City Military 14C28N \u00e4r en exceptionell vardagskniv f\u00f6r staden, tillverkad av Sandvik 14C28N-st\u00e5l och G10-handtag, l\u00e4mplig f\u00f6r v\u00e4nster- och h\u00f6gerh\u00e4nta anv\u00e4ndare.<\/p>\n","protected":false},"featured_media":682220,"template":"","meta":{"_acf_changed":false},"product_brand":[15092],"product_cat":[13038],"product_tag":[],"class_list":{"0":"post-682118","1":"product","2":"type-product","3":"status-publish","4":"has-post-thumbnail","6":"product_brand-manly-knives","7":"product_cat-edc","9":"first","10":"instock","11":"taxable","12":"shipping-taxable","13":"purchasable","14":"product-type-simple"},"acf":[],"_links":{"self":[{"href":"https:\/\/nbg.eu\/sv\/wp-json\/wp\/v2\/product\/682118","targetHints":{"allow":["GET"]}}],"collection":[{"href":"https:\/\/nbg.eu\/sv\/wp-json\/wp\/v2\/product"}],"about":[{"href":"https:\/\/nbg.eu\/sv\/wp-json\/wp\/v2\/types\/product"}],"wp:featuredmedia":[{"embeddable":true,"href":"https:\/\/nbg.eu\/sv\/wp-json\/wp\/v2\/media\/682220"}],"wp:attachment":[{"href":"https:\/\/nbg.eu\/sv\/wp-json\/wp\/v2\/media?parent=682118"}],"wp:term":[{"taxonomy":"product_brand","embeddable":true,"href":"https:\/\/nbg.eu\/sv\/wp-json\/wp\/v2\/product_brand?post=682118"},{"taxonomy":"product_cat","embeddable":true,"href":"https:\/\/nbg.eu\/sv\/wp-json\/wp\/v2\/product_cat?post=682118"},{"taxonomy":"product_tag","embeddable":true,"href":"https:\/\/nbg.eu\/sv\/wp-json\/wp\/v2\/product_tag?post=682118"}],"curies":[{"name":"wp","href":"https:\/\/api.w.org\/{rel}","templated":true}]}}