{"id":682358,"date":"2026-01-09T22:09:00","date_gmt":"2026-01-09T19:09:00","guid":{"rendered":"https:\/\/nbg.eu\/product\/manly-city-g10-black-s90v\/"},"modified":"2026-01-21T12:28:46","modified_gmt":"2026-01-21T09:28:46","slug":"manly-city-g10-black-s90v","status":"publish","type":"product","link":"https:\/\/nbg.eu\/sv\/produkt\/manly-city-g10-black-s90v\/","title":{"rendered":"Manly City G10 Black S90V"},"content":{"rendered":"<h2>Manly City G10 Svart S90V: Exceptionell vardagskniv att b\u00e4ra med sig<\/h2>\n<p>Som namnet antyder \u00e4r Manly City G10 Svart S90V en exceptionell vardagskniv f\u00f6r staden. Tillverkad enligt v\u00e5r filosofi att erbjuda anv\u00e4ndarna noggrant utvalda premiummaterial till ett rimligt pris, har denna f\u00e4llkniv ett helflatt blad gjort av CPM S90V-st\u00e5l med en Rockwell-h\u00e5rdhet p\u00e5 60-62 HRC. Den v\u00e4ndningsbara fickluckan och de dubbla pinnpositionerna g\u00f6r den l\u00e4mplig f\u00f6r b\u00e5de v\u00e4nster- och h\u00f6gerh\u00e4nta anv\u00e4ndare.<\/p>\n<p>Med en total l\u00e4ngd p\u00e5 17,7 cm, ett 7,0 cm l\u00e5ngt blad och en hopf\u00e4llbar l\u00e4ngd p\u00e5 10,5 cm har denna kniv ett 2,7 mm tjockt blad och v\u00e4ger endast 95 g. Handtaget \u00e4r tillverkat av det h\u00e5llbara 3D G10-materialet, och kniven kan \u00f6ppnas med en tumknapp med enhandsman\u00f6vrering. En robust l\u00e5smekanism s\u00e4kerst\u00e4ller en s\u00e4ker och p\u00e5litlig bladutf\u00e4llning.<\/p>\n<p>I den eleganta svarta f\u00e4rgen \u00e4r Manly City G10 Svart S90V den perfekta vardagskniven att b\u00e4ra med sig, som kombinerar premiumprestation och kvalitetskonstruktion till ett tillg\u00e4ngligt pris.<\/p>\n","protected":false},"excerpt":{"rendered":"<p>Exceptionell vardagskniv f\u00f6r stad med CPM S90V-blad, 3D G10-handtag och v\u00e4ndbar kl\u00e4mma.<\/p>\n","protected":false},"featured_media":682516,"template":"","meta":{"_acf_changed":false},"product_brand":[15092],"product_cat":[13038,15368,15347],"product_tag":[],"class_list":{"0":"post-682358","1":"product","2":"type-product","3":"status-publish","4":"has-post-thumbnail","6":"product_brand-manly-knives","7":"product_cat-edc","8":"product_cat-folding-knives-sv","9":"product_cat-knives-sv","11":"first","12":"outofstock","13":"taxable","14":"shipping-taxable","15":"purchasable","16":"product-type-simple"},"acf":[],"_links":{"self":[{"href":"https:\/\/nbg.eu\/sv\/wp-json\/wp\/v2\/product\/682358","targetHints":{"allow":["GET"]}}],"collection":[{"href":"https:\/\/nbg.eu\/sv\/wp-json\/wp\/v2\/product"}],"about":[{"href":"https:\/\/nbg.eu\/sv\/wp-json\/wp\/v2\/types\/product"}],"wp:featuredmedia":[{"embeddable":true,"href":"https:\/\/nbg.eu\/sv\/wp-json\/wp\/v2\/media\/682516"}],"wp:attachment":[{"href":"https:\/\/nbg.eu\/sv\/wp-json\/wp\/v2\/media?parent=682358"}],"wp:term":[{"taxonomy":"product_brand","embeddable":true,"href":"https:\/\/nbg.eu\/sv\/wp-json\/wp\/v2\/product_brand?post=682358"},{"taxonomy":"product_cat","embeddable":true,"href":"https:\/\/nbg.eu\/sv\/wp-json\/wp\/v2\/product_cat?post=682358"},{"taxonomy":"product_tag","embeddable":true,"href":"https:\/\/nbg.eu\/sv\/wp-json\/wp\/v2\/product_tag?post=682358"}],"curies":[{"name":"wp","href":"https:\/\/api.w.org\/{rel}","templated":true}]}}