{"id":682601,"date":"2026-01-09T22:08:59","date_gmt":"2026-01-09T19:08:59","guid":{"rendered":"https:\/\/nbg.eu\/product\/manly-city-svart-14c28n\/"},"modified":"2026-01-21T12:29:39","modified_gmt":"2026-01-21T09:29:39","slug":"manly-city-svart-14c28n","status":"publish","type":"product","link":"https:\/\/nbg.eu\/sv\/produkt\/manly-city-svart-14c28n\/","title":{"rendered":"Manly City Svart 14C28N"},"content":{"rendered":"<h2>Manly City Black 14C28N: En exceptionell vardagskniv f\u00f6r staden<\/h2>\n<p>Manly City Black 14C28N \u00e4r en exceptionell vardagskniv f\u00f6r staden som \u00e5terspeglar v\u00e5r filosofi om att erbjuda anv\u00e4ndare noga utvalda prim\u00e4ra material till ett rimligt pris. Med ett helflatt blad tillverkat av det h\u00e5llbara st\u00e5let Sandvik 14C28N \u00e4r denna f\u00e4llkniv utformad f\u00f6r att vara en p\u00e5litlig f\u00f6ljeslagare f\u00f6r vardagliga uppgifter.<\/p>\n<p>Med en total l\u00e4ngd p\u00e5 17,7 cm och en bladl\u00e4ngd p\u00e5 7,0 cm \u00e4r Manly City Black 14C28N ett kompakt och m\u00e5ngsidigt verktyg. Hopf\u00e4lld m\u00e4ter den 10,5 cm, vilket g\u00f6r den l\u00e4tt att b\u00e4ra och f\u00f6rvara. Bladtjockleken p\u00e5 2,7 mm och den totala vikten p\u00e5 95 g ger en balanserad och bekv\u00e4m hantering.<\/p>\n<p>En av de utm\u00e4rkande egenskaperna hos denna kniv \u00e4r dess v\u00e4ndbar kl\u00e4mma, vilket g\u00f6r den l\u00e4mplig f\u00f6r b\u00e5de v\u00e4nster- och h\u00f6gerh\u00e4nta anv\u00e4ndare. Handtagsmaterialet \u00e4r tillverkat av h\u00e5llbart G10 och ger ett s\u00e4kert och halks\u00e4kert grepp, \u00e4ven under v\u00e5ta eller kr\u00e4vande f\u00f6rh\u00e5llanden.<\/p>\n<p>Utrustad med en mekanik f\u00f6r \u00f6ppning med b\u00e5da h\u00e4nderna och ett p\u00e5litligt l\u00e5smekaniskt mekaniskt system erbjuder Manly City Black 14C28N en s\u00e4ker och trygg anv\u00e4ndning, vilket garanterar att dina sk\u00e4ruppgifter utf\u00f6rs med f\u00f6rtroende och precision. Det stilrena, svarta f\u00e4rgschemat bidrar till knivens moderna och sofistikerade utseende, vilket g\u00f6r den till ett stilfullt val f\u00f6r vardaglig b\u00e4rbarhet.<\/p>\n","protected":false},"excerpt":{"rendered":"<p>Den manliga stadsknivar Svart 14C28N \u00e4r en exceptionell vardagskniv f\u00f6r stad med ett helflatt Sandvik 14C28N st\u00e5lblad och ett v\u00e4ndbart clip f\u00f6r v\u00e4nster- eller h\u00f6gerh\u00e4nt anv\u00e4ndning.<\/p>\n","protected":false},"featured_media":682875,"template":"","meta":{"_acf_changed":false},"product_brand":[15092],"product_cat":[13038,15368,15347],"product_tag":[],"class_list":{"0":"post-682601","1":"product","2":"type-product","3":"status-publish","4":"has-post-thumbnail","6":"product_brand-manly-knives","7":"product_cat-edc","8":"product_cat-folding-knives-sv","9":"product_cat-knives-sv","11":"first","12":"instock","13":"taxable","14":"shipping-taxable","15":"purchasable","16":"product-type-simple"},"acf":[],"_links":{"self":[{"href":"https:\/\/nbg.eu\/sv\/wp-json\/wp\/v2\/product\/682601","targetHints":{"allow":["GET"]}}],"collection":[{"href":"https:\/\/nbg.eu\/sv\/wp-json\/wp\/v2\/product"}],"about":[{"href":"https:\/\/nbg.eu\/sv\/wp-json\/wp\/v2\/types\/product"}],"wp:featuredmedia":[{"embeddable":true,"href":"https:\/\/nbg.eu\/sv\/wp-json\/wp\/v2\/media\/682875"}],"wp:attachment":[{"href":"https:\/\/nbg.eu\/sv\/wp-json\/wp\/v2\/media?parent=682601"}],"wp:term":[{"taxonomy":"product_brand","embeddable":true,"href":"https:\/\/nbg.eu\/sv\/wp-json\/wp\/v2\/product_brand?post=682601"},{"taxonomy":"product_cat","embeddable":true,"href":"https:\/\/nbg.eu\/sv\/wp-json\/wp\/v2\/product_cat?post=682601"},{"taxonomy":"product_tag","embeddable":true,"href":"https:\/\/nbg.eu\/sv\/wp-json\/wp\/v2\/product_tag?post=682601"}],"curies":[{"name":"wp","href":"https:\/\/api.w.org\/{rel}","templated":true}]}}