{"id":682898,"date":"2026-01-08T18:15:12","date_gmt":"2026-01-08T15:15:12","guid":{"rendered":"https:\/\/nbg.eu\/product\/manly-blaze-walnut-wood-rwl-34\/"},"modified":"2026-01-21T12:28:45","modified_gmt":"2026-01-21T09:28:45","slug":"manly-blaze-walnut-wood-rwl-34","status":"publish","type":"product","link":"https:\/\/nbg.eu\/sv\/produkt\/manly-blaze-walnut-wood-rwl-34\/","title":{"rendered":"Manly Blaze Walnut Wood RWL-34"},"content":{"rendered":"<h2>Blaze RWL-34 Walnut: Den perfekta buskkraftskniven<\/h2>\n<p>Med sitt fasta blad och fullst\u00e4ndiga konstruktion \u00e4r Blaze RWL-34 Walnut det ultimata valet f\u00f6r p\u00e5litlig prestanda i den stora utomhusmilj\u00f6n. Tillverkad med precision och uppm\u00e4rksamhet p\u00e5 detaljer, \u00e4r denna kniv den perfekta f\u00f6ljeslagaren f\u00f6r dina camping-, fiske- eller bergsbestignings\u00e4ventyr.<\/p>\n<p>Handtaget \u00e4r tillverkat av bulgariskt valn\u00f6tstr\u00e4d och ger ett bekv\u00e4mt och s\u00e4kert grepp, \u00e4ven under de tuffaste f\u00f6rh\u00e5llandena. Oavsett om du beh\u00f6ver sk\u00e4ra genom t\u00e4t v\u00e4xtlighet, f\u00f6rbereda ditt f\u00e5ngst eller utf\u00f6ra grundl\u00e4ggande \u00f6verlevnadsuppgifter, klarar Blaze RWL-34 Walnut utmaningen.<\/p>\n<p>Med ett 4 mm tjockt blad av f\u00f6rstklassigt RWL-34-st\u00e5l har denna kniv en sk\u00e4reggh\u00e5rdhet p\u00e5 62 HRC, vilket s\u00e4kerst\u00e4ller exceptionell h\u00e5llbarhet och bibeh\u00e5llande av eggen. Med en total l\u00e4ngd p\u00e5 24,5 cm och en bladl\u00e4ngd p\u00e5 11,9 cm erbjuder Blaze RWL-34 Walnut den perfekta balansen mellan storlek och man\u00f6verbarhet.<\/p>\n<p>Med en vikt p\u00e5 endast 210 gram \u00e4r denna kniv l\u00e4tt att b\u00e4ra och kommer inte att tyngas ned dig, vilket g\u00f6r den till den perfekta f\u00f6ljeslagaren f\u00f6r dina utomhusaktiviteter. Det medf\u00f6ljande l\u00e4derh\u00f6lstret ger ett extra skyddslager och bekv\u00e4mlighet, s\u00e5 att du kan h\u00e5lla din Blaze RWL-34 Walnut n\u00e4ra till hands.<\/p>\n","protected":false},"excerpt":{"rendered":"<p>Blaze RWL-34 Valn\u00f6t &#8211; den idealiska Bushcraft-kniven med valn\u00f6tskaft och 62 HRC-blad.<\/p>\n","protected":false},"featured_media":683099,"template":"","meta":{"_acf_changed":false},"product_brand":[15092],"product_cat":[15347],"product_tag":[],"class_list":{"0":"post-682898","1":"product","2":"type-product","3":"status-publish","4":"has-post-thumbnail","6":"product_brand-manly-knives","7":"product_cat-knives-sv","9":"first","10":"instock","11":"taxable","12":"shipping-taxable","13":"purchasable","14":"product-type-simple"},"acf":[],"_links":{"self":[{"href":"https:\/\/nbg.eu\/sv\/wp-json\/wp\/v2\/product\/682898","targetHints":{"allow":["GET"]}}],"collection":[{"href":"https:\/\/nbg.eu\/sv\/wp-json\/wp\/v2\/product"}],"about":[{"href":"https:\/\/nbg.eu\/sv\/wp-json\/wp\/v2\/types\/product"}],"wp:featuredmedia":[{"embeddable":true,"href":"https:\/\/nbg.eu\/sv\/wp-json\/wp\/v2\/media\/683099"}],"wp:attachment":[{"href":"https:\/\/nbg.eu\/sv\/wp-json\/wp\/v2\/media?parent=682898"}],"wp:term":[{"taxonomy":"product_brand","embeddable":true,"href":"https:\/\/nbg.eu\/sv\/wp-json\/wp\/v2\/product_brand?post=682898"},{"taxonomy":"product_cat","embeddable":true,"href":"https:\/\/nbg.eu\/sv\/wp-json\/wp\/v2\/product_cat?post=682898"},{"taxonomy":"product_tag","embeddable":true,"href":"https:\/\/nbg.eu\/sv\/wp-json\/wp\/v2\/product_tag?post=682898"}],"curies":[{"name":"wp","href":"https:\/\/api.w.org\/{rel}","templated":true}]}}