{"id":683279,"date":"2025-12-17T17:30:35","date_gmt":"2025-12-17T14:30:35","guid":{"rendered":"https:\/\/nbg.eu\/product\/manlig-blaze-black-g10-rwl-34\/"},"modified":"2026-01-21T11:41:30","modified_gmt":"2026-01-21T08:41:30","slug":"manlig-blaze-black-g10-rwl-34","status":"publish","type":"product","link":"https:\/\/nbg.eu\/sv\/produkt\/manlig-blaze-black-g10-rwl-34\/","title":{"rendered":"Manlig Blaze Black G10 RWL-34"},"content":{"rendered":"<h2>Manlig Blaze Svart G10 RWL-34 &#8211; Den ultimata bushcraft-kniven<\/h2>\n<p>Blaze RWL-34 Svart \u00e4r den perfekta bushcraft-kniven. Med ett fast blad och fullst\u00e4ngd konstruktion + \u00f6verl\u00e4gset RWL-34-pulverst\u00e5l garanteras denna knivs h\u00e5llbarhet. Handtaget \u00e4r gjort av texturerad svart G10 som \u00e4r resistent mot korrosion. Kniven kan enkelt tas ut ur skidan (gjord av kydex) med en handbr\u00f6relse, och b\u00e4ltesmonteringen kan vara horisontell eller vertikal.<\/p>\n<p>Om du beh\u00f6ver en p\u00e5litlig kniv i bergen, under camping eller fiske, \u00e4r Blaze f\u00f6r dig.<\/p>\n<h2>Tekniska specifikationer<\/h2>\n<p>Namn: Blaze \u2013 RWL-34 Svart<br \/>\nTyp: Fast blad<br \/>\nTotal l\u00e4ngd: 24,5 cm<br \/>\nBladl\u00e4ngd: 11,9 cm<br \/>\nBladtjocklek: 4 mm<br \/>\nSk\u00e4rkanth\u00e5rdhet: 62 hrc<br \/>\nVikt: 210g<br \/>\nBladmaterial: RWL-34<br \/>\nHandtagsmaterial: G10<br \/>\nSkidmaterial: Kydex<\/p>\n","protected":false},"excerpt":{"rendered":"<p>Blaze RWL-34 Svart: den perfekta Bushcraft-kniven med fast blad, hel tang och RWL-34 pulverst\u00e5l.<\/p>\n","protected":false},"featured_media":683317,"template":"","meta":{"_acf_changed":false},"product_brand":[15092],"product_cat":[2876],"product_tag":[],"class_list":{"0":"post-683279","1":"product","2":"type-product","3":"status-publish","4":"has-post-thumbnail","6":"product_brand-manly-knives","7":"product_cat-rahohvatki","9":"first","10":"instock","11":"taxable","12":"shipping-taxable","13":"purchasable","14":"product-type-simple"},"acf":[],"_links":{"self":[{"href":"https:\/\/nbg.eu\/sv\/wp-json\/wp\/v2\/product\/683279","targetHints":{"allow":["GET"]}}],"collection":[{"href":"https:\/\/nbg.eu\/sv\/wp-json\/wp\/v2\/product"}],"about":[{"href":"https:\/\/nbg.eu\/sv\/wp-json\/wp\/v2\/types\/product"}],"wp:featuredmedia":[{"embeddable":true,"href":"https:\/\/nbg.eu\/sv\/wp-json\/wp\/v2\/media\/683317"}],"wp:attachment":[{"href":"https:\/\/nbg.eu\/sv\/wp-json\/wp\/v2\/media?parent=683279"}],"wp:term":[{"taxonomy":"product_brand","embeddable":true,"href":"https:\/\/nbg.eu\/sv\/wp-json\/wp\/v2\/product_brand?post=683279"},{"taxonomy":"product_cat","embeddable":true,"href":"https:\/\/nbg.eu\/sv\/wp-json\/wp\/v2\/product_cat?post=683279"},{"taxonomy":"product_tag","embeddable":true,"href":"https:\/\/nbg.eu\/sv\/wp-json\/wp\/v2\/product_tag?post=683279"}],"curies":[{"name":"wp","href":"https:\/\/api.w.org\/{rel}","templated":true}]}}