{"id":683354,"date":"2025-12-17T17:40:13","date_gmt":"2025-12-17T14:40:13","guid":{"rendered":"https:\/\/nbg.eu\/product\/manlig-blaze-black-g10-d2\/"},"modified":"2026-01-21T11:39:01","modified_gmt":"2026-01-21T08:39:01","slug":"manlig-blaze-black-g10-d2","status":"publish","type":"product","link":"https:\/\/nbg.eu\/sv\/produkt\/manlig-blaze-black-g10-d2\/","title":{"rendered":"Manlig Blaze Black G10 D2"},"content":{"rendered":"<h2>Blaze D2 Svart: Den p\u00e5litliga bushm\u00e4starknivspen f\u00f6r \u00e4ventyr utomhus<\/h2>\n<p>Blaze D2 Svart \u00e4r den perfekta bushm\u00e4starkniven, designad f\u00f6r robust anv\u00e4ndning utomhus. Med sitt fasta blad och helst\u00e5ng-konstruktion erbjuder denna kniv en \u00f6verl\u00e4gsen stabilitet och h\u00e5llbarhet, vilket s\u00e4kerst\u00e4ller att den kan klara av de tuffaste uppgifterna. Det texturerade svarta G10-handtaget \u00e4r korrosionsbest\u00e4ndigt och ger ett s\u00e4kert grepp \u00e4ven i v\u00e5ta f\u00f6rh\u00e5llanden.<\/p>\n<p>Blaze kan enkelt tas ut fr\u00e5n sitt Kydex-h\u00f6lster med en enhandsman\u00f6vrering, vilket m\u00f6jligg\u00f6r snabb \u00e5tkomst n\u00e4r du beh\u00f6ver den som mest. Det m\u00e5ngsidiga b\u00e4ltesh\u00f6lstret kan placeras horisontellt eller vertikalt, vilket g\u00f6r den bekv\u00e4m att b\u00e4ra med sig p\u00e5 dina \u00e4ventyr.<\/p>\n<p>Oavsett om du hanterar vildmarkutmaningar, camping eller fiske, \u00e4r Blaze D2 Svart den p\u00e5litliga f\u00f6ljeslagare du kan lita p\u00e5. Tillverkad med precision har denna kniv en bladh\u00e5rdhet p\u00e5 61 HRC, vilket s\u00e4kerst\u00e4ller att den kan hantera ett brett utbud av uppgifter med l\u00e4tthet. Med sitt 1.2379 (D2) bladmaterial och robusta konstruktion \u00e4r Blaze D2 Svart byggd f\u00f6r att vara h\u00e5llbar, vilket g\u00f6r den till ett n\u00f6dv\u00e4ndigt verktyg f\u00f6r varje natur\u00e4lskare.<\/p>\n","protected":false},"excerpt":{"rendered":"<p>Blaze D2 Svart &#8211; den perfekta Bushcraft-kniven. Texturerat G10-handtag, D2-st\u00e5lblad, Kydex-skida.<\/p>\n","protected":false},"featured_media":683420,"template":"","meta":{"_acf_changed":false},"product_brand":[15092],"product_cat":[2876],"product_tag":[],"class_list":{"0":"post-683354","1":"product","2":"type-product","3":"status-publish","4":"has-post-thumbnail","6":"product_brand-manly-knives","7":"product_cat-rahohvatki","9":"first","10":"instock","11":"taxable","12":"shipping-taxable","13":"purchasable","14":"product-type-simple"},"acf":[],"_links":{"self":[{"href":"https:\/\/nbg.eu\/sv\/wp-json\/wp\/v2\/product\/683354","targetHints":{"allow":["GET"]}}],"collection":[{"href":"https:\/\/nbg.eu\/sv\/wp-json\/wp\/v2\/product"}],"about":[{"href":"https:\/\/nbg.eu\/sv\/wp-json\/wp\/v2\/types\/product"}],"wp:featuredmedia":[{"embeddable":true,"href":"https:\/\/nbg.eu\/sv\/wp-json\/wp\/v2\/media\/683420"}],"wp:attachment":[{"href":"https:\/\/nbg.eu\/sv\/wp-json\/wp\/v2\/media?parent=683354"}],"wp:term":[{"taxonomy":"product_brand","embeddable":true,"href":"https:\/\/nbg.eu\/sv\/wp-json\/wp\/v2\/product_brand?post=683354"},{"taxonomy":"product_cat","embeddable":true,"href":"https:\/\/nbg.eu\/sv\/wp-json\/wp\/v2\/product_cat?post=683354"},{"taxonomy":"product_tag","embeddable":true,"href":"https:\/\/nbg.eu\/sv\/wp-json\/wp\/v2\/product_tag?post=683354"}],"curies":[{"name":"wp","href":"https:\/\/api.w.org\/{rel}","templated":true}]}}