{"id":683433,"date":"2025-12-17T18:06:26","date_gmt":"2025-12-17T15:06:26","guid":{"rendered":"https:\/\/nbg.eu\/product\/nocpix-m6t25s-termisk-bilvarmebildskamera-med-intelligent-detektion-av-heta-objekt\/"},"modified":"2026-01-21T11:45:00","modified_gmt":"2026-01-21T08:45:00","slug":"nocpix-m6t25s-termisk-bilvarmebildskamera-med-intelligent-detektion-av-heta-objekt","status":"publish","type":"product","link":"https:\/\/nbg.eu\/sv\/produkt\/nocpix-m6t25s-termisk-bilvarmebildskamera-med-intelligent-detektion-av-heta-objekt\/","title":{"rendered":"Nocpix M6T25S termisk bilv\u00e4rmebildskamera med intelligent detektion av heta objekt"},"content":{"rendered":"<h2>Nocpix M6T25S V\u00e4rmekamera f\u00f6r bil med intelligent detektion f\u00f6r heta objekt<\/h2>\n<p>H\u00e4r presenterar vi Nocpix MT-serien, den innovativa domskannern fr\u00e5n Nocpix som \u00e4r s\u00e4rskilt utformad f\u00f6r jakt. Den \u00e4r ditt idealval inte bara f\u00f6r k\u00f6rning under jakt, utan kan \u00e4ven anpassas till olika jaktmetoder och vanor. Utrustad med banbrytande AI-modeller och h\u00f6gpresterande ber\u00e4kningskraft s\u00e4kerst\u00e4ller MT stabila prestanda \u00e4ven under k\u00f6rning och har precis uppt\u00e4ckt, l\u00e5sning och sp\u00e5rning av bytesdjur, vilket ger h\u00f6gkvalitativa bilder och en enast\u00e5ende jaktupplevelse.<\/p>\n<h2>AI-intelligenta prestanda<\/h2>\n<p>Driven av YOLO V5-djupinl\u00e4rningsmodellen och 2T ber\u00e4kningskraft \u00e4r detta system utformat f\u00f6r att f\u00f6rb\u00e4ttra din jaktupplevelse. Djupinl\u00e4rningsmodellen, som \u00e4r tr\u00e4nad p\u00e5 en enorm datam\u00e4ngd, m\u00f6jligg\u00f6r snabb automatisk bytesdjursidentifiering och sp\u00e5rning, med precisa begr\u00e4nsningsrutor f\u00f6r m\u00e5lmarkering. Detta g\u00f6r hela jaktprocessen &#8211; identifiering, m\u00e5ls\u00f6kning och sp\u00e5rning &#8211; mycket enklare och smidigare, och minskar anstr\u00e4ngningen som kr\u00e4vs f\u00f6r att utf\u00f6ra varje steg sj\u00e4lv.<\/p>\n<h2>Borstad 360\u00b0 panoramavy med 90\u00b0 tiltintervall<\/h2>\n<p>MT erbjuder en bred 360\u00b0 panoramavy med ett 90\u00b0 tiltintervall, vilket ger fullst\u00e4ndig t\u00e4ckning. Detta s\u00e4kerst\u00e4ller en komplett, s\u00f6ml\u00f6s sp\u00e5rning av ditt byte utan n\u00e5gra blinda fl\u00e4ckar.<\/p>\n<h2>Slutlig stabilisering<\/h2>\n<p>2-axelns stabilisering ger MT m\u00f6jligheten att leverera en stabil bild, automatisk kalibrering korrigerar objektivf\u00f6rskjutning orsakad av v\u00e4ggupp eller andra externa milj\u00f6faktorer, och bibeh\u00e5ller en konstant riktning.<\/p>\n<h2>Extremt tyst anv\u00e4ndarupplevelse<\/h2>\n<p>M6T25S anv\u00e4nder en borstad motor f\u00f6r 360 graders horisontell rotation och en dynamisk balanseringskonstruktion, vilket inneb\u00e4r att den fungerar p\u00e5 en l\u00e5g decibelniv\u00e5 under rotation och tiltning, vilket garanterar att din jaktupplevelse f\u00f6rblir oavbruten och njutbar.<\/p>\n<h2>Flera anslutnings- och terminalvisningsmetoder<\/h2>\n<p>F\u00f6r att passa olika anv\u00e4ndningsvanor och scenarier st\u00f6ds tv\u00e5 anslutningsmetoder: kabel och WiFi. Kabelanslutning ger en relativt stabilare bild\u00f6verf\u00f6ring, medan WiFi erbjuder en mer bekv\u00e4m och tr\u00e5dl\u00f6s upplevelse. Direkts\u00e4ndning av bilder i realtid finns tillg\u00e4nglig p\u00e5 alla enheter med Nocpix-appen, inklusive men inte begr\u00e4nsat till iPads, mobiltelefoner osv.<\/p>\n","protected":false},"excerpt":{"rendered":"<p>Nocpix M6T25S Termisk bilkamera med intelligent detektion f\u00f6r varma objekt. Intelligent s\u00f6kning, effektiv r\u00e4ckvidd 2300m, fj\u00e4rrkontroll, 2 laddningsbara batterier f\u00f6r upp till 7 timmars drift.<\/p>\n<p>Om varan inte finns tillg\u00e4nglig, kontakta oss: shop@nbg.eu eller +359896147790<\/p>\n","protected":false},"featured_media":683593,"template":"","meta":{"_acf_changed":false},"product_brand":[14465],"product_cat":[13024],"product_tag":[],"class_list":{"0":"post-683433","1":"product","2":"type-product","3":"status-publish","4":"has-post-thumbnail","6":"product_brand-nocpix","7":"product_cat-termisk","9":"first","10":"instock","11":"taxable","12":"shipping-taxable","13":"purchasable","14":"product-type-simple"},"acf":[],"_links":{"self":[{"href":"https:\/\/nbg.eu\/sv\/wp-json\/wp\/v2\/product\/683433","targetHints":{"allow":["GET"]}}],"collection":[{"href":"https:\/\/nbg.eu\/sv\/wp-json\/wp\/v2\/product"}],"about":[{"href":"https:\/\/nbg.eu\/sv\/wp-json\/wp\/v2\/types\/product"}],"wp:featuredmedia":[{"embeddable":true,"href":"https:\/\/nbg.eu\/sv\/wp-json\/wp\/v2\/media\/683593"}],"wp:attachment":[{"href":"https:\/\/nbg.eu\/sv\/wp-json\/wp\/v2\/media?parent=683433"}],"wp:term":[{"taxonomy":"product_brand","embeddable":true,"href":"https:\/\/nbg.eu\/sv\/wp-json\/wp\/v2\/product_brand?post=683433"},{"taxonomy":"product_cat","embeddable":true,"href":"https:\/\/nbg.eu\/sv\/wp-json\/wp\/v2\/product_cat?post=683433"},{"taxonomy":"product_tag","embeddable":true,"href":"https:\/\/nbg.eu\/sv\/wp-json\/wp\/v2\/product_tag?post=683433"}],"curies":[{"name":"wp","href":"https:\/\/api.w.org\/{rel}","templated":true}]}}