{"id":683648,"date":"2026-01-08T18:14:29","date_gmt":"2026-01-08T15:14:29","guid":{"rendered":"https:\/\/nbg.eu\/product\/varmekamera-nocpix-vista-h50-50mm-12um-640x512-15mk-netd\/"},"modified":"2026-04-14T16:21:09","modified_gmt":"2026-04-14T13:21:09","slug":"varmekamera-nocpix-vista-h50-50mm-12um-640x512-15mk-netd","status":"publish","type":"product","link":"https:\/\/nbg.eu\/sv\/produkt\/varmekamera-nocpix-vista-h50-50mm-12um-640x512-15mk-netd\/","title":{"rendered":"Nocpix V\u00e4rmekamera VISTA H50"},"content":{"rendered":"<h2>Nocpix VISTA H50 &#8211; V\u00e4rmekamera f\u00f6r dag och natt<\/h2>\n<p>Nocpix VISTA H50 \u00e4r en v\u00e4rmekamera utvecklad f\u00f6r anv\u00e4ndning b\u00e5de dag och natt. Den ger utm\u00e4rkt bildkvalitet \u00e4ven under sv\u00e5ra v\u00e4derf\u00f6rh\u00e5llanden som dimma, r\u00f6k och regn, och kan uppt\u00e4cka m\u00e5l genom hinder som grenar, h\u00f6gt gr\u00e4s och t\u00e4t v\u00e4xtlighet som normalt skulle begr\u00e4nsa synligheten.<\/p>\n<p>VISTA H50 \u00e4r mycket flexibel och l\u00e4mplig f\u00f6r ett brett spektrum av anv\u00e4ndningsomr\u00e5den, inklusive jakt, s\u00e4kerhet, \u00f6vervakning, terr\u00e4ngnavigering och s\u00f6k- och r\u00e4ddningsinsatser. Den avancerade v\u00e4rmetekniken s\u00e4kerst\u00e4ller p\u00e5litliga prestanda och tydliga bilder och exakta m\u00e4tningar i utmanande milj\u00f6er.<\/p>\n<h2>Nyckelspecifikationer:<\/h2>\n<p>Uppl\u00f6sning: 640 x 512<br \/>\nPixelstorlek: 12<br \/>\nNETD, mK: \u226415<br \/>\nBildfrekvens: 50<br \/>\nObjektiv: 50mm F0.9<br \/>\nSynf\u00e4lt: 8.8 x 7.0<br \/>\nSynf\u00e4lt (linj\u00e4rt): 15 x 12<br \/>\nF\u00f6rstoring: 4~40<br \/>\nDetekteringsomr\u00e5de: 2600<br \/>\n\u00d6gonpunktsavst\u00e5nd: 25<br \/>\nUtloppspupilldiameter: 8<br \/>\nDioptri: -4 ~ +6<br \/>\nDisplaytyp: AMOLED<br \/>\nDisplayuppl\u00f6sning: 2560 x 2560<br \/>\nBatteri: Utbytbart litiumjonbatteri IBP-7 \/ 4400mAh<br \/>\nMax drifttid: 5.5<br \/>\nWi-Fi\/App: JA<br \/>\nMikrofon: JA<br \/>\nMinneskapacitet: 64GB<br \/>\nIP-klassning: IP67<br \/>\nMax driftstemperatur: -20 ~ +50<br \/>\nVikt (uns): 22.93<br \/>\nVikt (g): 650<br \/>\nM\u00e5tt (tum): 7.64 x 2.76 x 3.23<br \/>\nM\u00e5tt (mm): 194 x 70 x 82<\/p>\n","protected":false},"excerpt":{"rendered":"<p>Den Nocpix VISTA H50 \u00e4r en 640&#215;512 12um termalkamera med \u226415mK NETD, 50mm F0.9-objektiv och 2560&#215;2560 AMOLED-display.<\/p>\n<p>Om produkten inte finns tillg\u00e4nglig, var v\u00e4nlig kontakta oss: shop@nbg.eu eller +359896147790<\/p>\n","protected":false},"featured_media":683721,"template":"","meta":{"_acf_changed":false},"product_brand":[14465],"product_cat":[13024,16104],"product_tag":[],"class_list":{"0":"post-683648","1":"product","2":"type-product","3":"status-publish","4":"has-post-thumbnail","6":"product_brand-nocpix","7":"product_cat-termisk","8":"product_cat-thermal-cameras-sv","10":"first","11":"instock","12":"taxable","13":"shipping-taxable","14":"purchasable","15":"product-type-simple"},"acf":[],"_links":{"self":[{"href":"https:\/\/nbg.eu\/sv\/wp-json\/wp\/v2\/product\/683648","targetHints":{"allow":["GET"]}}],"collection":[{"href":"https:\/\/nbg.eu\/sv\/wp-json\/wp\/v2\/product"}],"about":[{"href":"https:\/\/nbg.eu\/sv\/wp-json\/wp\/v2\/types\/product"}],"wp:featuredmedia":[{"embeddable":true,"href":"https:\/\/nbg.eu\/sv\/wp-json\/wp\/v2\/media\/683721"}],"wp:attachment":[{"href":"https:\/\/nbg.eu\/sv\/wp-json\/wp\/v2\/media?parent=683648"}],"wp:term":[{"taxonomy":"product_brand","embeddable":true,"href":"https:\/\/nbg.eu\/sv\/wp-json\/wp\/v2\/product_brand?post=683648"},{"taxonomy":"product_cat","embeddable":true,"href":"https:\/\/nbg.eu\/sv\/wp-json\/wp\/v2\/product_cat?post=683648"},{"taxonomy":"product_tag","embeddable":true,"href":"https:\/\/nbg.eu\/sv\/wp-json\/wp\/v2\/product_tag?post=683648"}],"curies":[{"name":"wp","href":"https:\/\/api.w.org\/{rel}","templated":true}]}}