{"id":683728,"date":"2026-01-08T18:13:33","date_gmt":"2026-01-08T15:13:33","guid":{"rendered":"https:\/\/nbg.eu\/product\/varmebildskamera-nocpix-vista-h35-utan-avstandsmatare-35-mm-12-%ce%bcm-640x512-15-mk-net\/"},"modified":"2026-04-14T16:21:26","modified_gmt":"2026-04-14T13:21:26","slug":"varmebildskamera-nocpix-vista-h35-utan-avstandsmatare-35-mm-12-%ce%bcm-640x512-15-mk-net","status":"publish","type":"product","link":"https:\/\/nbg.eu\/sv\/produkt\/varmebildskamera-nocpix-vista-h35-utan-avstandsmatare-35-mm-12-%ce%bcm-640x512-15-mk-net\/","title":{"rendered":"Nocpix V\u00e4rmekamera VISTA H35"},"content":{"rendered":"<h2>Nocpix VISTA H35 Termisk Monokul\u00e4r &#8211; 35mm 12um 640&#215;512 \u226415mK NET<\/h2>\n<p>Nocpix VISTA H35 \u00e4r en m\u00e5ngsidig termisk monokul\u00e4r som \u00e4r konstruerad f\u00f6r tillf\u00f6rlitlig anv\u00e4ndning b\u00e5de dag och natt. Denna avancerade enhet erbjuder exceptionell termisk bildtagningsprestanda, som ger tydliga och detaljerade bilder \u00e4ven under utmanande v\u00e4derf\u00f6rh\u00e5llanden som dimma, smog och regn. Den kan uppt\u00e4cka m\u00e5l genom hinder som grenar, h\u00f6gt gr\u00e4s och t\u00e4t v\u00e4xtlighet, vilket s\u00e4kerst\u00e4ller effektiv drift i milj\u00f6er d\u00e4r traditionella optiska system \u00e4r otillr\u00e4ckliga.<\/p>\n<p>L\u00e4mplig f\u00f6r ett brett spektrum av till\u00e4mpningar, \u00e4r VISTA H35 perfekt f\u00f6r jakt, \u00f6vervakning, s\u00e4kerhet, terr\u00e4ngorientering och s\u00f6k- och r\u00e4ddningsuppdrag. Med sin spjutspetsteknologi och h\u00e5llbara konstruktion s\u00e4kerst\u00e4ller VISTA H35 precision vid uppt\u00e4ckt och m\u00e4tning under de sv\u00e5raste f\u00f6rh\u00e5llanden.<\/p>\n<h2>Funktioner<\/h2>\n<p>-640\u00d7512 12\u03bcm detektor<br \/>\nNETD\u226415mK<br \/>\n-60Hz h\u00f6g bildfrekvens<br \/>\n-F0.9 objektiv<br \/>\n-AMOLED 2560\u00d72560 cirkul\u00e4r display<br \/>\n-IBP-7 snabbladdningsbart batteri<br \/>\n-Smidig digital zoom: 1\u00d7~8\u00d7<br \/>\n-Ultraren l\u00e4ge<br \/>\n-\u00d6goskydd med l\u00e5g ljusstyrka, f\u00e4rgpalett och varm ton<br \/>\n-Elektronisk bildstabilisering<\/p>\n","protected":false},"excerpt":{"rendered":"<p>V\u00e4rmekamera Nocpix VISTA H35 utan avst\u00e5ndsm\u00e4tare &#8211; 35mm 12um 640&#215;512 &lt;15mk NET<\/p>\n<p>Om varan inte \u00e4r tillg\u00e4nglig, v\u00e4nligen kontakta oss: shop@nbg.eu eller +359896147790<\/p>\n<p>\n","protected":false},"featured_media":683865,"template":"","meta":{"_acf_changed":false},"product_brand":[14465],"product_cat":[13024,16104],"product_tag":[],"class_list":{"0":"post-683728","1":"product","2":"type-product","3":"status-publish","4":"has-post-thumbnail","6":"product_brand-nocpix","7":"product_cat-termisk","8":"product_cat-thermal-cameras-sv","10":"first","11":"instock","12":"taxable","13":"shipping-taxable","14":"purchasable","15":"product-type-simple"},"acf":[],"_links":{"self":[{"href":"https:\/\/nbg.eu\/sv\/wp-json\/wp\/v2\/product\/683728","targetHints":{"allow":["GET"]}}],"collection":[{"href":"https:\/\/nbg.eu\/sv\/wp-json\/wp\/v2\/product"}],"about":[{"href":"https:\/\/nbg.eu\/sv\/wp-json\/wp\/v2\/types\/product"}],"wp:featuredmedia":[{"embeddable":true,"href":"https:\/\/nbg.eu\/sv\/wp-json\/wp\/v2\/media\/683865"}],"wp:attachment":[{"href":"https:\/\/nbg.eu\/sv\/wp-json\/wp\/v2\/media?parent=683728"}],"wp:term":[{"taxonomy":"product_brand","embeddable":true,"href":"https:\/\/nbg.eu\/sv\/wp-json\/wp\/v2\/product_brand?post=683728"},{"taxonomy":"product_cat","embeddable":true,"href":"https:\/\/nbg.eu\/sv\/wp-json\/wp\/v2\/product_cat?post=683728"},{"taxonomy":"product_tag","embeddable":true,"href":"https:\/\/nbg.eu\/sv\/wp-json\/wp\/v2\/product_tag?post=683728"}],"curies":[{"name":"wp","href":"https:\/\/api.w.org\/{rel}","templated":true}]}}