{"id":683928,"date":"2026-01-08T18:14:25","date_gmt":"2026-01-08T15:14:25","guid":{"rendered":"https:\/\/nbg.eu\/product\/varmekamera-nocpix-rico-2-h50r\/"},"modified":"2026-04-14T16:21:12","modified_gmt":"2026-04-14T13:21:12","slug":"varmekamera-nocpix-rico-2-h50r","status":"publish","type":"product","link":"https:\/\/nbg.eu\/sv\/produkt\/varmekamera-nocpix-rico-2-h50r\/","title":{"rendered":"Nocpix V\u00e4rmekamera Rico 2 H50R"},"content":{"rendered":"<h2>Nocpix Rico 2 H50R: L\u00e5ngdistansskytte Expert<\/h2>\n<p>Nocpix RICO 2 H50R-serien av termisk bilds\u00f6kare \u00e4r utformad f\u00f6r j\u00e4gare som kr\u00e4ver det b\u00e4sta i fr\u00e5ga om sk\u00e4rpa, r\u00e4ckvidd och komfort. Utformad med en branschledande termisk sensor och h\u00f6g bildfrekvens ger den ultrah\u00f6g bildkvalitet som g\u00f6r m\u00e5ligenk\u00e4nning och sp\u00e5rning l\u00e4ttare. Den l\u00e5nga br\u00e4nnvidden och den inbyggda laseravst\u00e5ndsm\u00e4taren s\u00e4kerst\u00e4ller att du kan m\u00e4ta avst\u00e5nd till avl\u00e4gsna m\u00e5l exakt, medan den avancerade optiska konstruktionen ger en helt\u00e4ckande tittupplevelse utan distorsion. Med en justerbar f\u00f6rstoringsknapp och utm\u00e4rkt \u00f6gonrelief l\u00e5ter Nocpix RICO 2 H50R-serien j\u00e4gare justera f\u00f6rstoring smidigt och k\u00e4nna sig bekv\u00e4ma under l\u00e5nga jakter. Med sina innovativa teknologier och anv\u00e4ndarcentrerade design l\u00e5ter Nocpix RICO 2 H50R-serien dig jaga bortom vad som \u00e4r m\u00f6jligt.<\/p>\n<h2>Nyckelprogram:<\/h2>\n<p>Dra nytta av den andra generationens premiumsensor p\u00e5 12 \u03bcm@60Hz, med NETD \u226420 mK, f\u00f6r rakknivsvassa, h\u00f6gkontrastbilder och f\u00f6rb\u00e4ttrad m\u00e5ligenk\u00e4nning.<\/p>\n<p>Nocpix RICO 2 H50R \u00e4r utrustad med st\u00f6rre objektivlinser (50 mm\/F1.0, 42 mm\/F1.0), vilket ger b\u00e4ttre ljusupptagningsf\u00f6rm\u00e5ga f\u00f6r exceptionell bildklarhet och en ut\u00f6kad detektionsr\u00e4ckvidd.<\/p>\n<p>RICO 2-serien l\u00e5ter dig finjustera f\u00f6rstoring smidigt med en trappstegl\u00f6s LPVO-liknande zoomspak, vilket ger snabba, smidiga justeringar f\u00f6r att med s\u00e4kerhet engagera m\u00e5l p\u00e5 valfritt avst\u00e5nd med precision.<\/p>\n<p>RICO 2-serien har en imponerande detektionsr\u00e4ckvidd p\u00e5 upp till 2600 m, vilket ger dig en betydande f\u00f6rdel vid jakt p\u00e5 l\u00e5nga avst\u00e5nd och precis m\u00e5linriktning.<\/p>\n<p>Nocpix RICO 2 H50R \u00e4r utrustad med en integrerad laseravst\u00e5ndsm\u00e4tare som ger laserdetektering p\u00e5 upp till 1200 m med \u00e4kta optisk axelinriktning, vilket s\u00e4kerst\u00e4ller exakta avst\u00e5ndsm\u00e4tningar samtidigt som den bibeh\u00e5ller en smidig och elegant design.<\/p>\n<p>F\u00f6renkla din skottplacering med automatiska ballistiska ber\u00e4kningar genom att anv\u00e4nda den integrerade laseravst\u00e5ndsm\u00e4taren f\u00f6r att enkelt tr\u00e4ffa precisa skott p\u00e5 l\u00e5nga avst\u00e5nd.<\/p>\n<p>1,03&#8243; 2560\u00d72560 OLED-display (H50R), distorsionsfri okular, 70 mm \u00f6gonrelief och 23 mm utg\u00e5ngspupill ger skarp, bekv\u00e4m visning f\u00f6r l\u00e5nga sessioner.<\/p>\n<p>H50R-modellen \u00e4r utrustad med en osannolik 70 mm \u00f6gonrelief, vilket ger maximal komfort f\u00f6r l\u00e5ngvarig anv\u00e4ndning utan \u00f6gontr\u00f6tthet och s\u00e4kerst\u00e4ller \u00f6gons\u00e4kerhet.<\/p>\n","protected":false},"excerpt":{"rendered":"<p>V\u00e4rmekamera Nocpix Rico 2 H50R. Expertskjutning p\u00e5 l\u00e5ngt avst\u00e5nd. 640&#215;512-sensor, 60Hz, integrerad LRF, kontinuerlig zoom.<br \/>\nOm objektet inte \u00e4r tillg\u00e4ngligt, kontakta oss: shop@nbg.eu eller +359896147790<\/p>\n","protected":false},"featured_media":684894,"template":"","meta":{"_acf_changed":false},"product_brand":[14465],"product_cat":[13024,16104],"product_tag":[],"class_list":{"0":"post-683928","1":"product","2":"type-product","3":"status-publish","4":"has-post-thumbnail","6":"product_brand-nocpix","7":"product_cat-termisk","8":"product_cat-thermal-cameras-sv","10":"first","11":"instock","12":"taxable","13":"shipping-taxable","14":"purchasable","15":"product-type-simple"},"acf":[],"_links":{"self":[{"href":"https:\/\/nbg.eu\/sv\/wp-json\/wp\/v2\/product\/683928","targetHints":{"allow":["GET"]}}],"collection":[{"href":"https:\/\/nbg.eu\/sv\/wp-json\/wp\/v2\/product"}],"about":[{"href":"https:\/\/nbg.eu\/sv\/wp-json\/wp\/v2\/types\/product"}],"wp:featuredmedia":[{"embeddable":true,"href":"https:\/\/nbg.eu\/sv\/wp-json\/wp\/v2\/media\/684894"}],"wp:attachment":[{"href":"https:\/\/nbg.eu\/sv\/wp-json\/wp\/v2\/media?parent=683928"}],"wp:term":[{"taxonomy":"product_brand","embeddable":true,"href":"https:\/\/nbg.eu\/sv\/wp-json\/wp\/v2\/product_brand?post=683928"},{"taxonomy":"product_cat","embeddable":true,"href":"https:\/\/nbg.eu\/sv\/wp-json\/wp\/v2\/product_cat?post=683928"},{"taxonomy":"product_tag","embeddable":true,"href":"https:\/\/nbg.eu\/sv\/wp-json\/wp\/v2\/product_tag?post=683928"}],"curies":[{"name":"wp","href":"https:\/\/api.w.org\/{rel}","templated":true}]}}