{"id":684916,"date":"2026-01-08T18:13:14","date_gmt":"2026-01-08T15:13:14","guid":{"rendered":"https:\/\/nbg.eu\/product\/varmebildskamera-nocpix-ace-h50-12um-640x512-15mk-netd\/"},"modified":"2026-04-14T16:21:39","modified_gmt":"2026-04-14T13:21:39","slug":"varmebildskamera-nocpix-ace-h50-12um-640x512-15mk-netd","status":"publish","type":"product","link":"https:\/\/nbg.eu\/sv\/produkt\/varmebildskamera-nocpix-ace-h50-12um-640x512-15mk-netd\/","title":{"rendered":"Nocpix V\u00e4rmekamera ACE H50"},"content":{"rendered":"<h2>Nocpix ACE H50 termisk vapenkikare: \u00d6verl\u00e4gsen jaktprestanda<\/h2>\n<p>Nocpix ACE H50 termisk vapenkikare kombinerar avancerad teknik med robust h\u00e5llbarhet f\u00f6r en \u00f6verl\u00e4gsen jaktupplevelse. Den har en termisk sensor med 640&#215;512 uppl\u00f6sning och \u226412mK NETD f\u00f6r exceptionell bildklarhet, samt en detekteringsr\u00e4ckvidd p\u00e5 3100 meter. Det innovativa Vision+-systemet erbjuder \u00f6gonmuskul\u00e4r f\u00f6rstoring f\u00f6r tydliga n\u00e4rbild, samtidigt som ett dubbelt batterisystem s\u00e4kerst\u00e4ller l\u00e5ngvarig anv\u00e4ndning. Tillverkad av en h\u00f6gstyrka aluminiumlegering och klassad IP67, \u00e4r denna vapenkikare utformad f\u00f6r att prestera i alla utomhusmilj\u00f6er och anpassa sig till alla situationer.<\/p>\n<p>Nocpix ACE H50 termisk vapenkikare \u00e4r ett banbrytande verktyg som \u00e4r utformat f\u00f6r att omdefiniera jaktupplevelsen, oavsett om du navigerar i m\u00f6rker eller smyger dig fram genom utmanande terr\u00e4ng. Som en del av Nocpix flaggskeppserie ACE, utm\u00e4rker sig denna termiska optiska sikt f\u00f6r sin \u00f6verl\u00e4gsen bildkvalitet och precision, tack vare sin internt utvecklade h\u00f6guppl\u00f6sta termiska sensor och avancerade Reality+ och Vision+-system.<\/p>\n<p>Hj\u00e4rtat i Nocpix ACE H50 \u00e4r dess Gen-2 HD termiska sensor, som har en uppl\u00f6sning p\u00e5 640&#215;512 och en bildfrekvens p\u00e5 60 Hz, vilket erbjuder en extremt stabil prestanda. Med en NETD p\u00e5 \u226412mK, uppt\u00e4cker denna kikare \u00e4ven de minsta temperaturskillnaderna, vilket ger detaljerade och j\u00e4mna termiska bilder, perfekta f\u00f6r att sp\u00e5ra snabbr\u00f6rliga m\u00e5l i realtid. Den avancerade Reality+ bildbehandlingsalgoritmen f\u00f6rb\u00e4ttrar detta ytterligare genom att eliminera bakgrundsbrus, vilket ger \u00f6verl\u00e4gsen kontrast och klarhet \u00e4ven i utmanande jaktf\u00f6rh\u00e5llanden.<\/p>\n<p>ACE H50 \u00e4r utrustad med ett 50 mm\/F0.9-objektiv som l\u00e5ter 20% mer ljus n\u00e5 sensorn, vilket skapar ljusare och tydligare bilder. Detta \u00e4r avg\u00f6rande f\u00f6r j\u00e4gare som str\u00e4var efter precision, eftersom den f\u00f6rb\u00e4ttrade ljustransmissionen ger b\u00e4ttre sikt i svaga ljusmilj\u00f6er. Dessutom ger den 3100 meter l\u00e5nga detekteringsr\u00e4ckvidden ACE en s\u00e4rskiljande egenskap, vilket g\u00f6r identifiering och sp\u00e5rning av avl\u00e4gsna m\u00e5l enklare och effektivare \u00e4n n\u00e5gonsin.<\/p>\n<p>Det integrerade Vision+-systemet f\u00f6rb\u00e4ttrar den visuella upplevelsen med en 1,03 tum cirkul\u00e4r AMOLED-display med 2560&#215;2560 uppl\u00f6sning. Dess optiska zoomsystem, utformat f\u00f6r att undvika den suddighet och distorsion som normalt f\u00f6rknippas med traditionella elektroniska zoomalternativ, s\u00e4kerst\u00e4ller att j\u00e4gare njuter av tydliga, h\u00f6guppl\u00f6sta n\u00e4rbild utan att f\u00f6rlora detaljer. Detta ger en omslutande och bekv\u00e4m tittupplevelse, oavsett om du spanar efter byte p\u00e5 avst\u00e5nd eller zoomar in f\u00f6r precisionssiktning.<\/p>\n<p>Konstruerad f\u00f6r ut\u00f6kad anv\u00e4ndning i f\u00e4lt, har ACE ett dubbelt batterisystem med ett inbyggt 4000 mAh-batteri och ett extra l\u00f6stagbart 18650-batteri, vilket m\u00f6jligg\u00f6r oavbruten drift under l\u00e5nga jaktpass. Den robusta konstruktionen, tillverkad av en h\u00f6gstyrka aluminiumlegering, s\u00e4kerst\u00e4ller att ACE kan motst\u00e5 h\u00e5rda utomhusmilj\u00f6er och tung anv\u00e4ndning, efter att ha klarat str\u00e4nga st\u00f6ttesttester. Med en vattent\u00e4t IP67-klassning, f\u00f6rblir kikaren p\u00e5litlig \u00e4ven i ogynnsamma v\u00e4derf\u00f6rh\u00e5llanden, och erbjuder j\u00e4gare lugn oavsett milj\u00f6n.<\/p>\n<p>Utformad med j\u00e4gare i \u00e5tanke, inneh\u00e5ller Nocpix ACE H50 v\u00e4sentliga funktioner som rekylaktiverad videoupptagning och en sp\u00e4rrl\u00f6s design f\u00f6r enkel hantering i f\u00e4lt. Med anv\u00e4ndarv\u00e4nliga till\u00e4gg som en fokusjusterare, laddningsk\u00e5pa och m\u00f6jlighet att spela upp videos direkt via Galleri-funktionen, kombinerar denna kikare h\u00f6gpresterande med bekv\u00e4mlighet f\u00f6r en optimal jaktupplevelse.<\/p>\n","protected":false},"excerpt":{"rendered":"<p>Den NocPix ACE H50 v\u00e4rmesiktefj\u00e4rrsk\u00e5pet erbjuder 640&#215;512 uppl\u00f6sning, \u226415mK NETD, 3100m detektionsr\u00e4ckvidd och ett dubbelt batterisystem f\u00f6r en exceptionell jaktupplevelse.<\/p>\n","protected":false},"featured_media":684977,"template":"","meta":{"_acf_changed":false},"product_brand":[14465],"product_cat":[13024,16104],"product_tag":[],"class_list":{"0":"post-684916","1":"product","2":"type-product","3":"status-publish","4":"has-post-thumbnail","6":"product_brand-nocpix","7":"product_cat-termisk","8":"product_cat-thermal-cameras-sv","10":"first","11":"instock","12":"taxable","13":"shipping-taxable","14":"purchasable","15":"product-type-simple"},"acf":[],"_links":{"self":[{"href":"https:\/\/nbg.eu\/sv\/wp-json\/wp\/v2\/product\/684916","targetHints":{"allow":["GET"]}}],"collection":[{"href":"https:\/\/nbg.eu\/sv\/wp-json\/wp\/v2\/product"}],"about":[{"href":"https:\/\/nbg.eu\/sv\/wp-json\/wp\/v2\/types\/product"}],"wp:featuredmedia":[{"embeddable":true,"href":"https:\/\/nbg.eu\/sv\/wp-json\/wp\/v2\/media\/684977"}],"wp:attachment":[{"href":"https:\/\/nbg.eu\/sv\/wp-json\/wp\/v2\/media?parent=684916"}],"wp:term":[{"taxonomy":"product_brand","embeddable":true,"href":"https:\/\/nbg.eu\/sv\/wp-json\/wp\/v2\/product_brand?post=684916"},{"taxonomy":"product_cat","embeddable":true,"href":"https:\/\/nbg.eu\/sv\/wp-json\/wp\/v2\/product_cat?post=684916"},{"taxonomy":"product_tag","embeddable":true,"href":"https:\/\/nbg.eu\/sv\/wp-json\/wp\/v2\/product_tag?post=684916"}],"curies":[{"name":"wp","href":"https:\/\/api.w.org\/{rel}","templated":true}]}}