{"id":685070,"date":"2026-01-08T18:13:21","date_gmt":"2026-01-08T15:13:21","guid":{"rendered":"https:\/\/nbg.eu\/product\/thermal-monocular-nocpix-lumi-p13\/"},"modified":"2026-04-14T16:21:33","modified_gmt":"2026-04-14T13:21:33","slug":"thermal-monocular-nocpix-lumi-p13","status":"publish","type":"product","link":"https:\/\/nbg.eu\/sv\/produkt\/thermal-monocular-nocpix-lumi-p13\/","title":{"rendered":"Nocpix V\u00e4rmemonokular LUMI P13"},"content":{"rendered":"<h2>Maximal prestanda med minimal vikt &#8211; Nocpix LUMI P13: H\u00e5ll alltid koll p\u00e5 din omgivning<\/h2>\n<p>LUMI-serien av v\u00e4rmekameror \u00e4r utformad f\u00f6r b\u00e5de dag- och nattanv\u00e4ndning och erbjuder dig utm\u00e4rkt bildkvalitet \u00e4ven under sv\u00e5ra v\u00e4derf\u00f6rh\u00e5llanden som dimma, smog eller regn. \u00c4ven om hinder som grenar, h\u00f6gt gr\u00e4s eller t\u00e4t vegetation g\u00f6r det sv\u00e5rt att se, kan du tack vare denna teknik alltid tydligt se vad som ligger framf\u00f6r dig. De \u00e4r ocks\u00e5 s\u00e5 kompakta och l\u00e4tta att du l\u00e4tt kan b\u00e4ra med dig dem \u00f6verallt.<\/p>\n<p>LUMI-v\u00e4rmekameror \u00e4r perfekta f\u00f6r en m\u00e4ngd olika till\u00e4mpningar som jakt, \u00f6vervakning, s\u00e4kerhet, terr\u00e4ngorientering eller s\u00f6k- och r\u00e4ddningsinsatser.<\/p>\n<h2>O\u00f6vertr\u00e4ffad bildprestanda f\u00f6r skarpaste bilder<\/h2>\n<p>LUMI-serien s\u00e4tter nya standarder n\u00e4r det g\u00e4ller bildkvalitet. Utrustad med de mest avancerade bildalgoritmer och en kraftfull v\u00e4rmesensor med NETD &lt; 20 mK, levererar kameran sk\u00e4rpa och realistiska bilder. AMOLED-displayen med en uppl\u00f6sning p\u00e5 1440 x 1080 pixlar s\u00e4kerst\u00e4ller utm\u00e4rkt bild\u00e5tergivning, medan Ultra Clear-l\u00e4get ytterligare optimerar bildsk\u00e4rpan, s\u00e4rskilt under sv\u00e5ra v\u00e4derf\u00f6rh\u00e5llanden.<\/p>\n<h2>Anpassad tittupplevelse &#8211; Anpassa din enhet perfekt<\/h2>\n<p>Tack vare den 256 x 192 px-sensorn och olika justeringsalternativ kan du anpassa enheten exakt efter dina behov. V\u00e4lj mellan 5 f\u00e4rgl\u00e4gen och optimera din vy med 10 niv\u00e5er av ljusstyrka, sk\u00e4rpa och kontrast &#8211; s\u00e5 att inga detaljer f\u00f6rbises.<\/p>\n<h2>Dela upplevelser \u00e4r enkelt med LUMI<\/h2>\n<p>Att f\u00e5nga speciella \u00f6gonblick \u00e4r v\u00e4sentligt f\u00f6r den moderna j\u00e4garen. Med Nocpix LUMI P13 kan du inte bara enkelt dela dina inspelningar via appen, utan ocks\u00e5 spela upp dem direkt p\u00e5 enheten &#8211; perfekt f\u00f6r att omedelbart dela dina upplevelser med andra.<\/p>\n<h2>Kan anv\u00e4ndas flexibelt tack vare det l\u00f6stagbara batterisystemet<\/h2>\n<p>LUMI-serien \u00e4r utrustad med standardbatterier av typ 18650, vilket ger dig maximal flexibilitet. Oavsett var du \u00e4n befinner dig, kommer du snabbt att vara redo igen med den medf\u00f6ljande batteriladdarenoch kunna forts\u00e4tta ditt uppdrag.<\/p>\n","protected":false},"excerpt":{"rendered":"<p>Maximal prestanda med minimal vikt &#8211; Nocpix LUMI P13: H\u00e5ll alltid ett \u00f6ga p\u00e5 ditt m\u00e5l.<\/p>\n<p>Om varan inte finns tillg\u00e4nglig, kontakta oss: shop@nbg.eu eller +359896147790<\/p>\n<p>\n","protected":false},"featured_media":685111,"template":"","meta":{"_acf_changed":false},"product_brand":[14465],"product_cat":[16103,13024],"product_tag":[],"class_list":{"0":"post-685070","1":"product","2":"type-product","3":"status-publish","4":"has-post-thumbnail","6":"product_brand-nocpix","7":"product_cat-monoculars-sv","8":"product_cat-termisk","10":"first","11":"instock","12":"taxable","13":"shipping-taxable","14":"purchasable","15":"product-type-simple"},"acf":[],"_links":{"self":[{"href":"https:\/\/nbg.eu\/sv\/wp-json\/wp\/v2\/product\/685070","targetHints":{"allow":["GET"]}}],"collection":[{"href":"https:\/\/nbg.eu\/sv\/wp-json\/wp\/v2\/product"}],"about":[{"href":"https:\/\/nbg.eu\/sv\/wp-json\/wp\/v2\/types\/product"}],"wp:featuredmedia":[{"embeddable":true,"href":"https:\/\/nbg.eu\/sv\/wp-json\/wp\/v2\/media\/685111"}],"wp:attachment":[{"href":"https:\/\/nbg.eu\/sv\/wp-json\/wp\/v2\/media?parent=685070"}],"wp:term":[{"taxonomy":"product_brand","embeddable":true,"href":"https:\/\/nbg.eu\/sv\/wp-json\/wp\/v2\/product_brand?post=685070"},{"taxonomy":"product_cat","embeddable":true,"href":"https:\/\/nbg.eu\/sv\/wp-json\/wp\/v2\/product_cat?post=685070"},{"taxonomy":"product_tag","embeddable":true,"href":"https:\/\/nbg.eu\/sv\/wp-json\/wp\/v2\/product_tag?post=685070"}],"curies":[{"name":"wp","href":"https:\/\/api.w.org\/{rel}","templated":true}]}}