{"id":685322,"date":"2025-12-17T17:50:25","date_gmt":"2025-12-17T14:50:25","guid":{"rendered":"https:\/\/nbg.eu\/product\/termisk-monokular-nocpix-lumi-l19\/"},"modified":"2026-01-21T11:59:28","modified_gmt":"2026-01-21T08:59:28","slug":"termisk-monokular-nocpix-lumi-l19","status":"publish","type":"product","link":"https:\/\/nbg.eu\/sv\/produkt\/termisk-monokular-nocpix-lumi-l19\/","title":{"rendered":"Termisk monokul\u00e4r Nocpix LUMI L19"},"content":{"rendered":"<h2>Maximal prestanda med minimal vikt &#8211; Nocpix LUMI L19: Din observat\u00f6r f\u00f6r skogar och \u00e4ngar<\/h2>\n<p>LUMI-serien av v\u00e4rmekameror \u00e4r utformad f\u00f6r anv\u00e4ndning b\u00e5de dag och natt och erbjuder dig enast\u00e5ende bildkvalitet \u00e4ven under sv\u00e5ra v\u00e4derf\u00f6rh\u00e5llanden som dimma, smog eller regn. \u00c4ven om hinder som grenar, h\u00f6gt gr\u00e4s eller t\u00e4t v\u00e4xtlighet g\u00f6r det sv\u00e5rt att se, kan du tack vare denna teknik alltid tydligt se vad som finns framf\u00f6r dig. De \u00e4r ocks\u00e5 s\u00e5 kompakta och l\u00e4tta att du enkelt kan b\u00e4ra med dem \u00f6verallt.<\/p>\n<p>LUMI-v\u00e4rmekameror \u00e4r perfekta f\u00f6r en m\u00e4ngd olika anv\u00e4ndningsomr\u00e5den som jakt, \u00f6vervakning, s\u00e4kerhet, terr\u00e4ngorientering eller s\u00f6k- och r\u00e4ddningsinsatser.<\/p>\n<h2>\u00d6verl\u00e4gsen bild\u00e5tergivning f\u00f6r knivskarp bildkvalitet<\/h2>\n<p>LUMI-serien s\u00e4tter nya standarder n\u00e4r det g\u00e4ller bildkvalitet. Utrustad med de senaste bild\u00e5tergivningsalgoritmer och en kraftfull v\u00e4rmesensor med NETD &lt; 18 mK levererar kameran knivskarp och realistisk bildkvalitet. AMOLED-displayen med en uppl\u00f6sning p\u00e5 1024 x 768 pixlar s\u00e4kerst\u00e4ller enast\u00e5ende bildvisning, medan Ultra Clear-l\u00e4get ytterligare optimerar bildsk\u00e4rpan, s\u00e4rskilt under sv\u00e5ra v\u00e4derf\u00f6rh\u00e5llanden.<\/p>\n<h2>Anpassad tittarupplevelse &#8211; Anpassa din enhet perfekt<\/h2>\n<p>Tack vare den mellanstora 384 x 288 px-sensorn och ett brett urval av inst\u00e4llningsalternativ kan du skr\u00e4ddarsy enheten exakt efter dina behov. V\u00e4lj mellan 5 f\u00e4rgl\u00e4gen och optimera din vy med 10 niv\u00e5er av ljusstyrka, sk\u00e4rpa och kontrast &#8211; s\u00e5 att ingen detalj g\u00e5r obem\u00e4rkt f\u00f6rbi.<\/p>\n<h2>Enkel upplevelsedelning<\/h2>\n<p>Att f\u00e5nga speciella \u00f6gonblick \u00e4r v\u00e4sentligt f\u00f6r den moderna j\u00e4garen. Med Nocpix LUMI kan du inte bara enkelt dela dina inspelningar via appen, utan ocks\u00e5 spela upp dem direkt p\u00e5 enheten &#8211; perfekt f\u00f6r att direkt dela dina upplevelser med andra.<\/p>\n<h2>Kan anv\u00e4ndas flexibelt tack vare det l\u00f6stagbara batterisystemet<\/h2>\n<p>LUMI-serien \u00e4r utrustad med standardbatterier av typen 18650, vilket ger dig maximal flexibilitet. Oavsett var du \u00e4n tar v\u00e4gen, med den medf\u00f6ljande batteriladdaren \u00e4r du redo igen p\u00e5 nolltid &#8211; och du kan forts\u00e4tta din mission.<\/p>\n","protected":false},"excerpt":{"rendered":"<p>Maximal prestanda med minimal vikt \u2013 Nocpix LUMI L19: Din observat\u00f6r f\u00f6r skogar och \u00e4ngar<\/p>\n","protected":false},"featured_media":685615,"template":"","meta":{"_acf_changed":false},"product_brand":[14465],"product_cat":[13024],"product_tag":[],"class_list":{"0":"post-685322","1":"product","2":"type-product","3":"status-publish","4":"has-post-thumbnail","6":"product_brand-nocpix","7":"product_cat-termisk","9":"first","10":"outofstock","11":"taxable","12":"shipping-taxable","13":"purchasable","14":"product-type-simple"},"acf":[],"_links":{"self":[{"href":"https:\/\/nbg.eu\/sv\/wp-json\/wp\/v2\/product\/685322","targetHints":{"allow":["GET"]}}],"collection":[{"href":"https:\/\/nbg.eu\/sv\/wp-json\/wp\/v2\/product"}],"about":[{"href":"https:\/\/nbg.eu\/sv\/wp-json\/wp\/v2\/types\/product"}],"wp:featuredmedia":[{"embeddable":true,"href":"https:\/\/nbg.eu\/sv\/wp-json\/wp\/v2\/media\/685615"}],"wp:attachment":[{"href":"https:\/\/nbg.eu\/sv\/wp-json\/wp\/v2\/media?parent=685322"}],"wp:term":[{"taxonomy":"product_brand","embeddable":true,"href":"https:\/\/nbg.eu\/sv\/wp-json\/wp\/v2\/product_brand?post=685322"},{"taxonomy":"product_cat","embeddable":true,"href":"https:\/\/nbg.eu\/sv\/wp-json\/wp\/v2\/product_cat?post=685322"},{"taxonomy":"product_tag","embeddable":true,"href":"https:\/\/nbg.eu\/sv\/wp-json\/wp\/v2\/product_tag?post=685322"}],"curies":[{"name":"wp","href":"https:\/\/api.w.org\/{rel}","templated":true}]}}