{"id":685623,"date":"2025-12-17T17:47:09","date_gmt":"2025-12-17T14:47:09","guid":{"rendered":"https:\/\/nbg.eu\/product\/termisk-monokular-lumi-h35r-med-lasermatare\/"},"modified":"2026-01-21T11:58:52","modified_gmt":"2026-01-21T08:58:52","slug":"termisk-monokular-lumi-h35r-med-lasermatare","status":"publish","type":"product","link":"https:\/\/nbg.eu\/sv\/produkt\/termisk-monokular-lumi-h35r-med-lasermatare\/","title":{"rendered":"Termisk monokul\u00e4r LUMI H35R med laserm\u00e4tare"},"content":{"rendered":"<h2>Termisk monokul\u00e4r med sensorr\u00e4ckvidd upp till 1800 m, extremt kompakt och l\u00e4tt!<\/h2>\n<p>Integrerad laserm\u00e4tare.<\/p>\n<p>H\u00f6guppl\u00f6st sensor och s\u00e4rskilt kraftfull: \u2264 18 mK NETD.<\/p>\n<p>L\u00f6stagbart batterisystem med 18650-batterier<\/p>\n<p>Videoupptagning, vattent\u00e4t och s\u00e4rskilt tyst drift.<\/p>\n<p>3 \u00e5rs full tillverkargaranti!<\/p>\n<h2>Fler funktioner:<\/h2>\n<p>-Integrerad laserm\u00e4tare f\u00f6r noggrann m\u00e5luppm\u00e4tning<\/p>\n<p>-H\u00f6g bildkvalitet: \u00c4ven i extrema v\u00e4derf\u00f6rh\u00e5llanden f\u00f6rblir bildkvaliteten stabil.<\/p>\n<p>-Sensor utformad speciellt f\u00f6r jakt\u00e4ndam\u00e5l: Ger stabil drift med en NETD \u2264 18 mK f\u00f6r utm\u00e4rkt bildkvalitet.<\/p>\n<p>-F0.9-objektiv: 20 % h\u00f6gre ljus\u00f6verf\u00f6ring j\u00e4mf\u00f6rt med F1.0-objektiv f\u00f6r ljusare och klarare bilder.<\/p>\n<p>-Reality+ bildjustering: Avancerade algoritmer f\u00f6rb\u00e4ttrar bildkvaliteten och eliminerar bildbrus.<\/p>\n<p>-Elektronisk bildstabilisering: F\u00f6r j\u00e4mna och stabila videor.<\/p>\n<p>-F\u00e4rgpaletter f\u00f6r \u00f6gonlindring: S\u00e4rskilda r\u00f6da och gr\u00f6na paletter minskar \u00f6gontr\u00f6tthet vid l\u00e5ngvarig anv\u00e4ndning.<\/p>\n<p>-L\u00f6stagbart 18650-batteri: Med omv\u00e4nd polaritet f\u00f6r enkel utbytning, idealisk nattetid.<\/p>\n<p>-Tyst knappar: Tyst drift som inte st\u00f6r vilt.<\/p>\n<p>-Kompakt design: Enheten \u00e4r mindre \u00e4n en mobiltelefon och l\u00e4tt att b\u00e4ra.<\/p>\n<p>-IP67-skyddsklass: Damm- och vattent\u00e4t f\u00f6r anv\u00e4ndning i extrema milj\u00f6er.<\/p>\n<p>-Ergonomisk design: Utvecklad f\u00f6r utomhusbruk, bekv\u00e4m och anv\u00e4ndarv\u00e4nlig.<\/p>\n<p>-L\u00e4tt: Enheten v\u00e4ger mindre \u00e4n 345 g.<\/p>\n<p>-10 mm pupillavst\u00e5nd: Ger optimal synlighet och en bekv\u00e4m betraktningsvinkel.<\/p>\n<p>-P\u00e5litlig nattetid: Tack vare sin tysta och enkla drift kan den anv\u00e4ndas optimalt \u00e4ven i m\u00f6rka milj\u00f6er.<\/p>\n<p>-L\u00f6stagbart batteri: M\u00f6jligg\u00f6r l\u00e4ngre driftstid genom att byta batterier.<\/p>\n<p>-Stor bl\u00e4ndare: \u00d6kar ljusinsamlingen och bildljusstyrkan i sv\u00e5ra ljusf\u00f6rh\u00e5llanden.<\/p>\n<p>-Inbyggd mikrofon: M\u00f6jligg\u00f6r ljudinspelning.<\/p>\n<p>-32 GB minne: F\u00f6r foton, videor och ljudinspelningar.<\/p>\n<p>-Enkel att anv\u00e4nda: Idealisk f\u00f6r anv\u00e4ndare som f\u00f6redrar en kompakt och l\u00e4tt enhet.<\/p>\n<p>-R+ AI-bildalgoritmer: F\u00f6rb\u00e4ttrar bilddetaljer och utnyttjar sensorns fulla potential.<\/p>\n","protected":false},"excerpt":{"rendered":"<p>Den mest avancerade sensorn i sin klass (&lt;18mK NETD). Integrerad laserstr\u00e4ckm\u00e4tare. S\u00e4rskilt l\u00e4ttanv\u00e4nd: l\u00e4ttviktig och kompakt h\u00f6lje. Utbytbart batterisystem med standardbatterier 18650.<\/p>\n<p>Om varan inte \u00e4r tillg\u00e4nglig, kontakta oss: shop@nbg.eu eller +359896147790<\/p>\n","protected":false},"featured_media":685652,"template":"","meta":{"_acf_changed":false},"product_brand":[14465],"product_cat":[13024],"product_tag":[],"class_list":{"0":"post-685623","1":"product","2":"type-product","3":"status-publish","4":"has-post-thumbnail","6":"product_brand-nocpix","7":"product_cat-termisk","9":"first","10":"instock","11":"taxable","12":"shipping-taxable","13":"purchasable","14":"product-type-simple"},"acf":[],"_links":{"self":[{"href":"https:\/\/nbg.eu\/sv\/wp-json\/wp\/v2\/product\/685623","targetHints":{"allow":["GET"]}}],"collection":[{"href":"https:\/\/nbg.eu\/sv\/wp-json\/wp\/v2\/product"}],"about":[{"href":"https:\/\/nbg.eu\/sv\/wp-json\/wp\/v2\/types\/product"}],"wp:featuredmedia":[{"embeddable":true,"href":"https:\/\/nbg.eu\/sv\/wp-json\/wp\/v2\/media\/685652"}],"wp:attachment":[{"href":"https:\/\/nbg.eu\/sv\/wp-json\/wp\/v2\/media?parent=685623"}],"wp:term":[{"taxonomy":"product_brand","embeddable":true,"href":"https:\/\/nbg.eu\/sv\/wp-json\/wp\/v2\/product_brand?post=685623"},{"taxonomy":"product_cat","embeddable":true,"href":"https:\/\/nbg.eu\/sv\/wp-json\/wp\/v2\/product_cat?post=685623"},{"taxonomy":"product_tag","embeddable":true,"href":"https:\/\/nbg.eu\/sv\/wp-json\/wp\/v2\/product_tag?post=685623"}],"curies":[{"name":"wp","href":"https:\/\/api.w.org\/{rel}","templated":true}]}}