{"id":685784,"date":"2025-12-18T16:23:59","date_gmt":"2025-12-18T13:23:59","guid":{"rendered":"https:\/\/nbg.eu\/product\/termiska-kikare-nocpix-quest-h35r-lrf-640x512-netd-15mk\/"},"modified":"2026-01-21T12:22:40","modified_gmt":"2026-01-21T09:22:40","slug":"termiska-kikare-nocpix-quest-h35r-lrf-640x512-netd-15mk","status":"publish","type":"product","link":"https:\/\/nbg.eu\/sv\/produkt\/termiska-kikare-nocpix-quest-h35r-lrf-640x512-netd-15mk\/","title":{"rendered":"Termiska kikare Nocpix Quest H35R LRF 640&#215;512 NETD &lt;15mK"},"content":{"rendered":"<h2>Nocpix QUEST H35R LRF 640&#215;512 V\u00e4rmebildskikten<\/h2>\n<p>QUEST \u00e4r l\u00e4tt och b\u00e4rbar, och erbjuder en detekteringsr\u00e4ckvidd p\u00e5 upp till 2600 m och en inbyggd dold LRF med en r\u00e4ckvidd p\u00e5 1000 m f\u00f6r \u00f6verl\u00e4gsen precision och synlighet. Den traditionella kikardimensionen har ett helt gummi\u00f6verdrag och IP67-klassificering f\u00f6r h\u00e5llbarhet och komfort under tuffa f\u00f6rh\u00e5llanden. Utrustad med en h\u00f6gpresterande 640&#215;512-sensor (NETD \u226415mK, 60Hz) ger QUEST exceptionell bildklarhet, \u00f6verl\u00e4gsen v\u00e4rmefr\u00e4mning och problemfri anv\u00e4ndning i kr\u00e4vande milj\u00f6er.<\/p>\n<h2>Utm\u00e4rkt visuell upplevelse<\/h2>\n<p>Nocpix QUEST har R+ bildf\u00f6rb\u00e4ttring f\u00f6r \u00f6verl\u00e4gsen klarhet och precision, kombinerat med en 1920&#215;1200 AMOLED-display f\u00f6r en omslutande, \u00f6gonv\u00e4nlig tittarupplevelse.<\/p>\n<h2>\u00d6verl\u00e4gsen sensor s\u00e4kerst\u00e4ller excellens<\/h2>\n<p>Nocpix QUEST \u00e4r utrustad med en h\u00f6gpresterande sensor (640&#215;512@12\u00b5m) som ger exceptionell bildklarhet. Med NETD \u226415mK och 60 Hz bildfrekvens ger den \u00f6verl\u00e4gsen v\u00e4rmefr\u00e4mning och levererar tydliga och visuella bilder \u00e4ven i de mest utmanande milj\u00f6erna.<\/p>\n<h2>Kraftfulla detekteringsfunktioner<\/h2>\n<p>Nocpix QUEST har en detekteringsr\u00e4ckvidd p\u00e5 upp till 2600 m och en inbyggd dold LRF med en r\u00e4ckvidd p\u00e5 upp till 1000 m, vilket ger dig m\u00f6jlighet att se l\u00e4ngre och mer korrekt \u00e4n n\u00e5gonsin tidigare. Den st\u00f6der \u00e4ven ballistikber\u00e4kningar och ger dataunderst\u00f6d f\u00f6r samarbetsjakt.<\/p>\n<h2>Enhandsman\u00f6vrering<\/h2>\n<p>Nocpix QUEST erbjuder ergonomisk, halks\u00e4ker hantering med ett f\u00f6renklat layout med 4 knappar och centralt placerade rullhjul f\u00f6r enkel enhandsman\u00f6vrering och ett s\u00e4kert grepp under alla f\u00f6rh\u00e5llanden.<\/p>\n<h2>L\u00e4tt och b\u00e4rbar<\/h2>\n<p>QUEST v\u00e4ger endast 700 g och inkluderar en anpassad b\u00e4rv\u00e4ska, vilket erbjuder enkel b\u00e4rbarhet och komfort f\u00f6r utomhusaktiviteter som jakt och utforskande.<\/p>\n<h2>Eliminera oro \u00f6ver str\u00f6mf\u00f6rs\u00f6rjning<\/h2>\n<p>QUEST-serien har en dubbelmatrisdesign med ett inbyggt och utbytbart 18650-batteri, vilket s\u00e4kerst\u00e4ller problemfri ers\u00e4ttning och kontinuerlig anv\u00e4ndning under ditt \u00e4ventyr.<\/p>\n<h2>Den b\u00e4sta kikareupplevelsen<\/h2>\n<p>QUEST har en traditionell kikardestign med ett sofistikerat fullgummiskydd och IP67-klassificering f\u00f6r vatten- och dammt\u00e5lighet, vilket s\u00e4kerst\u00e4ller b\u00e5de h\u00e5llbarhet och \u00f6vergripande komfort.<\/p>\n","protected":false},"excerpt":{"rendered":"<p>L\u00e4tta, portabla termiska kikare med 2600m detekteringsr\u00e4ckvidd, 1000m LRF och exceptionell bildklarhet.<\/p>\n","protected":false},"featured_media":686315,"template":"","meta":{"_acf_changed":false},"product_brand":[14465],"product_cat":[14697,13024],"product_tag":[],"class_list":{"0":"post-685784","1":"product","2":"type-product","3":"status-publish","4":"has-post-thumbnail","6":"product_brand-nocpix","7":"product_cat-kikare","8":"product_cat-termisk","10":"first","11":"instock","12":"taxable","13":"shipping-taxable","14":"purchasable","15":"product-type-simple"},"acf":[],"_links":{"self":[{"href":"https:\/\/nbg.eu\/sv\/wp-json\/wp\/v2\/product\/685784","targetHints":{"allow":["GET"]}}],"collection":[{"href":"https:\/\/nbg.eu\/sv\/wp-json\/wp\/v2\/product"}],"about":[{"href":"https:\/\/nbg.eu\/sv\/wp-json\/wp\/v2\/types\/product"}],"wp:featuredmedia":[{"embeddable":true,"href":"https:\/\/nbg.eu\/sv\/wp-json\/wp\/v2\/media\/686315"}],"wp:attachment":[{"href":"https:\/\/nbg.eu\/sv\/wp-json\/wp\/v2\/media?parent=685784"}],"wp:term":[{"taxonomy":"product_brand","embeddable":true,"href":"https:\/\/nbg.eu\/sv\/wp-json\/wp\/v2\/product_brand?post=685784"},{"taxonomy":"product_cat","embeddable":true,"href":"https:\/\/nbg.eu\/sv\/wp-json\/wp\/v2\/product_cat?post=685784"},{"taxonomy":"product_tag","embeddable":true,"href":"https:\/\/nbg.eu\/sv\/wp-json\/wp\/v2\/product_tag?post=685784"}],"curies":[{"name":"wp","href":"https:\/\/api.w.org\/{rel}","templated":true}]}}