{"id":686565,"date":"2026-01-08T18:15:06","date_gmt":"2026-01-08T15:15:06","guid":{"rendered":"https:\/\/nbg.eu\/product\/termal-kikarsiktet-nocpix-mate-h50r\/"},"modified":"2026-04-14T16:21:02","modified_gmt":"2026-04-14T13:21:02","slug":"termal-kikarsiktet-nocpix-mate-h50r","status":"publish","type":"product","link":"https:\/\/nbg.eu\/sv\/produkt\/termal-kikarsiktet-nocpix-mate-h50r\/","title":{"rendered":"Nocpix V\u00e4rmesikte Mate H50R"},"content":{"rendered":"<h2>F\u00f6rvandla din dagsikte till ett modernt termisk vapensiktet med Nocpix MATE H50R<\/h2>\n<p>F\u00f6rvandla din dagsikte till ett modernt termisk vapensiktet med den enda 640X512 Nocpix MATE H50R termiska siktet &#8211; det b\u00e4sta fr\u00e4mre monterade termiska siktet utformat f\u00f6r professionella j\u00e4gare, viltobservat\u00f6rer och skyttar som kr\u00e4ver precision.<\/p>\n<p>Byggd med n\u00e4sta generations avbildningsteknik, levererar Nocpix MATE H50R \u00f6verl\u00e4gsen tydlighet, l\u00e5ngdistansavk\u00e4nning och banbrytande funktioner f\u00f6r \u00f6verl\u00e4gsen prestanda i alla milj\u00f6er.<\/p>\n<h2>Exceptionell bildkvalitet och detekteringsr\u00e4ckvidd<\/h2>\n<p>I hj\u00e4rtat av Nocpix MATE Ultra H50R finns en Gen-2 HD 640X512 termisk sensor med en ultrafin pixelstorlek p\u00e5 12 \u03bcm och en k\u00e4nslighet p\u00e5 NETD \u226415mK, vilket s\u00e4kerst\u00e4ller att \u00e4ven de svagaste termiska skillnaderna kommer att uppt\u00e4ckas. Det stora 50 mm F1.0 objektivet f\u00e5ngar upp mer termisk energi f\u00f6r kristallklara bilder och ut\u00f6kad r\u00e4ckvidd, vilket erbjuder detekteringsavst\u00e5nd p\u00e5 upp till 2600 m. Oavsett om du smyger p\u00e5 r\u00e5djur i gryningen eller skannar vida f\u00e4lt p\u00e5 natten, ser H50R till att ingen detalj g\u00e5r obem\u00e4rkt f\u00f6rbi.<\/p>\n<h2>Avancerad bildbehandling med Reality+ AI<\/h2>\n<p>Utrustad med dubbla bildbehandlingsalgoritmer &#8211; en kraftfull bildprocessor kombinerad med intelligent Reality+ -teknik &#8211; anpassar sig MATE Ultra H50R automatiskt till f\u00f6rstoringsgraden p\u00e5 din sikte. Detta s\u00e4kerst\u00e4ller skarpa bilder, korrekt zoomning och konsekvent bildstabilitet, \u00e4ven i dimma, duggregn eller utmanande ljusf\u00f6rh\u00e5llanden.<\/p>\n<h2>Konstruerad f\u00f6r precision och etisk jakt<\/h2>\n<p>Med en inbyggd laserm\u00e4tare (upp till 1200m) och en integrerad ballistisk kalkylator, hj\u00e4lper H50R dig att fatta informerade och etiska skjutbeslut. Bild-i-bild (PIP) -l\u00e4get f\u00f6rb\u00e4ttrar tr\u00e4ffs\u00e4kerheten, och rekylavaktiverad video (RAV) s\u00e4kerst\u00e4ller att varje kritiskt \u00f6gonblick f\u00e5ngas upp.<\/p>\n<h2>Robust, praktisk och tillf\u00f6rlitlig<\/h2>\n<p>Utformad f\u00f6r f\u00e4ltet \u00e4r MATE Ultra H50R b\u00e5de robust och enkel att anv\u00e4nda. Den har ett stort 60 mm okular med &lt;1% distorsion, vilket uppr\u00e4tth\u00e5ller en stabil tr\u00e4ffpunkt och konsekvent inriktning upp till 16x f\u00f6rstoring. Driven av utbytbara 18650-batterier (4x ing\u00e5r f\u00f6r ULTRA), erbjuder den l\u00e5ngvarig tillf\u00f6rlitlighet f\u00f6r ut\u00f6kade utomhussessioner.<\/p>\n","protected":false},"excerpt":{"rendered":"<p>Omvandla din dagkikare till ett modernt termiskrevsk\u00e5p med den enda 640X512 Nocpix MATE H50R termiska monteringen &#8211; den b\u00e4sta frammont-termiska monteringen utformad f\u00f6r professionella j\u00e4gare, viltobservat\u00f6rer och skyttar som kr\u00e4ver precision.<\/p>\n<p>Om varan inte \u00e4r tillg\u00e4nglig, v\u00e4nligen kontakta oss: shop@nbg.eu eller +359896147790<\/p>\n","protected":false},"featured_media":686659,"template":"","meta":{"_acf_changed":false},"product_brand":[14465],"product_cat":[13024],"product_tag":[],"class_list":{"0":"post-686565","1":"product","2":"type-product","3":"status-publish","4":"has-post-thumbnail","6":"product_brand-nocpix","7":"product_cat-termisk","9":"first","10":"instock","11":"taxable","12":"shipping-taxable","13":"purchasable","14":"product-type-simple"},"acf":[],"_links":{"self":[{"href":"https:\/\/nbg.eu\/sv\/wp-json\/wp\/v2\/product\/686565","targetHints":{"allow":["GET"]}}],"collection":[{"href":"https:\/\/nbg.eu\/sv\/wp-json\/wp\/v2\/product"}],"about":[{"href":"https:\/\/nbg.eu\/sv\/wp-json\/wp\/v2\/types\/product"}],"wp:featuredmedia":[{"embeddable":true,"href":"https:\/\/nbg.eu\/sv\/wp-json\/wp\/v2\/media\/686659"}],"wp:attachment":[{"href":"https:\/\/nbg.eu\/sv\/wp-json\/wp\/v2\/media?parent=686565"}],"wp:term":[{"taxonomy":"product_brand","embeddable":true,"href":"https:\/\/nbg.eu\/sv\/wp-json\/wp\/v2\/product_brand?post=686565"},{"taxonomy":"product_cat","embeddable":true,"href":"https:\/\/nbg.eu\/sv\/wp-json\/wp\/v2\/product_cat?post=686565"},{"taxonomy":"product_tag","embeddable":true,"href":"https:\/\/nbg.eu\/sv\/wp-json\/wp\/v2\/product_tag?post=686565"}],"curies":[{"name":"wp","href":"https:\/\/api.w.org\/{rel}","templated":true}]}}