{"id":686688,"date":"2026-01-08T18:14:07","date_gmt":"2026-01-08T15:14:07","guid":{"rendered":"https:\/\/nbg.eu\/product\/varmekamera-nocpix-ace-l35-sensor-384x288-35mm-objektiv\/"},"modified":"2026-04-14T16:21:19","modified_gmt":"2026-04-14T13:21:19","slug":"varmekamera-nocpix-ace-l35-sensor-384x288-35mm-objektiv","status":"publish","type":"product","link":"https:\/\/nbg.eu\/sv\/produkt\/varmekamera-nocpix-ace-l35-sensor-384x288-35mm-objektiv\/","title":{"rendered":"Nocpix V\u00e4rmekamera ACE L35"},"content":{"rendered":"<h2>Nocpix ACE L35 V\u00e4rmekamera<\/h2>\n<p>Nocpix ACE L35 \u00e4r byggd runt id\u00e9n att kombinera spetstekniska funktioner som anv\u00e4ndare efterfr\u00e5gar i en f\u00f6renklad optik som balanserar avancerade m\u00f6jligheter med enkel anv\u00e4ndning i f\u00e4lt. Konstruerad f\u00f6r att k\u00e4nnas som en traditionell dagsoptik \u00e4r ACE kompatibel med bultl\u00e5s- eller halvautomatiska gev\u00e4r som anv\u00e4nder standardf\u00e4sten och ringar p\u00e5 30 mm. Kombinationen av ett internt USB-C-laddningsbart batteri och ett l\u00f6stagbart 18650-uppladdningsbart batteri l\u00e5ter anv\u00e4ndare byta batterier p\u00e5 plats f\u00f6r obegr\u00e4nsad drifttid. En 1x till 3x okularf\u00f6rstoring ger optisk f\u00f6rstoring av den cirkul\u00e4ra AMOLED-displayen med 2560\u00d72560-uppl\u00f6sning inuti okularet. Vision+-systemet kombinerar denna h\u00f6guppl\u00f6sta display med en 18 mK NETD-sensor f\u00f6r otroligt detaljerade och precisa bilder.<\/p>\n<p>Nocpix ACE L35 erbjuder ett mer \u00f6verkomligt alternativ i ACE-serien f\u00f6r j\u00e4gare av rovdjur och vilt som inte beh\u00f6ver en laserm\u00e4tare eller en sensor med h\u00f6gre uppl\u00f6sning. Med ett mycket bra pris beh\u00e5ller ACE L35 alla andra funktioner i ACE-serien av v\u00e4rmekikarsikten.<\/p>\n<p>En optisk okularf\u00f6rstoring med 1-3x f\u00f6rstoring ger ytterligare f\u00f6rstoring av displayen utan att \u00e4ndra skalan eller den digitala zoomen. En h\u00f6gkontrastisk cirkul\u00e4r AMOLED-display med en uppl\u00f6sning p\u00e5 2560\u00d72560 ger \u00f6kad tydlighet och detalj. F\u00f6renklade kontroller erbjuder f\u00f6rb\u00e4ttrad ergonomi och en b\u00e4ttre anv\u00e4ndarupplevelse i f\u00e4lt. Den anv\u00e4nder vanliga 18650-uppladdningsbara batterier. Funktionen f\u00f6r ballistiska ber\u00e4kningar visar v\u00e4rden f\u00f6r kulnedslag baserat p\u00e5 inmatning fr\u00e5n laserm\u00e4taren och en anpassad patronprofil fr\u00e5n anv\u00e4ndaren. Laddas via enheten genom en speciellt utformad l\u00e5sbar USB-C-port.<\/p>\n","protected":false},"excerpt":{"rendered":"<p>Nocpix ACE L35 v\u00e4rmekamera har en sensor p\u00e5 384&#215;288, 35 mm-objektiv, 4x digital zoom och 60 Hz bildfrekvens, med en detekteringsr\u00e4ckvidd p\u00e5 1970 yard.<\/p>\n<p>Om varan inte finns tillg\u00e4nglig, kontakta oss p\u00e5 shop@nbg.eu eller +359896147790.<\/p>\n","protected":false},"featured_media":686727,"template":"","meta":{"_acf_changed":false},"product_brand":[14465],"product_cat":[16104],"product_tag":[],"class_list":{"0":"post-686688","1":"product","2":"type-product","3":"status-publish","4":"has-post-thumbnail","6":"product_brand-nocpix","7":"product_cat-thermal-cameras-sv","9":"first","10":"instock","11":"taxable","12":"shipping-taxable","13":"purchasable","14":"product-type-simple"},"acf":[],"_links":{"self":[{"href":"https:\/\/nbg.eu\/sv\/wp-json\/wp\/v2\/product\/686688","targetHints":{"allow":["GET"]}}],"collection":[{"href":"https:\/\/nbg.eu\/sv\/wp-json\/wp\/v2\/product"}],"about":[{"href":"https:\/\/nbg.eu\/sv\/wp-json\/wp\/v2\/types\/product"}],"wp:featuredmedia":[{"embeddable":true,"href":"https:\/\/nbg.eu\/sv\/wp-json\/wp\/v2\/media\/686727"}],"wp:attachment":[{"href":"https:\/\/nbg.eu\/sv\/wp-json\/wp\/v2\/media?parent=686688"}],"wp:term":[{"taxonomy":"product_brand","embeddable":true,"href":"https:\/\/nbg.eu\/sv\/wp-json\/wp\/v2\/product_brand?post=686688"},{"taxonomy":"product_cat","embeddable":true,"href":"https:\/\/nbg.eu\/sv\/wp-json\/wp\/v2\/product_cat?post=686688"},{"taxonomy":"product_tag","embeddable":true,"href":"https:\/\/nbg.eu\/sv\/wp-json\/wp\/v2\/product_tag?post=686688"}],"curies":[{"name":"wp","href":"https:\/\/api.w.org\/{rel}","templated":true}]}}