{"id":686821,"date":"2026-01-08T18:13:27","date_gmt":"2026-01-08T15:13:27","guid":{"rendered":"https:\/\/nbg.eu\/product\/termisk-kamera-nocpix-ace-h50r-12um-640x512-zeiss-rail\/"},"modified":"2026-04-14T17:19:55","modified_gmt":"2026-04-14T14:19:55","slug":"termisk-kamera-nocpix-ace-h50r-12um-640x512-zeiss-rail","status":"publish","type":"product","link":"https:\/\/nbg.eu\/sv\/produkt\/termisk-kamera-nocpix-ace-h50r-12um-640x512-zeiss-rail\/","title":{"rendered":"Nocpix V\u00e4rmekamera ACE H50R ZEISS RAIL"},"content":{"rendered":"<h2>Nocpix ACE H50R Termisk Gev\u00e4rssikte: \u00d6verl\u00e4gsen Jaktnoggrannhet och Tydlighet<\/h2>\n<p>Nocpix ACE H50R termiska gev\u00e4rssikte kombinerar avancerad teknik med robust h\u00e5llbarhet f\u00f6r en \u00f6verl\u00e4gsen jaktupplevelse. Den har en termisk sensor med 640&#215;512 uppl\u00f6sning och \u226412mK NETD f\u00f6r exceptionell bildtydlighet, en detekteringsr\u00e4ckvidd p\u00e5 3100 meter och en integrerad lasravst\u00e5ndsm\u00e4tare f\u00f6r precisa m\u00e4tningar upp till 1200 meter. Det innovativa Vision+ -systemet erbjuder okul\u00e4rmagnifikation f\u00f6r tydliga n\u00e4rbilder, medan ett dubbelt batterisystem s\u00e4kerst\u00e4ller l\u00e5ngvarig anv\u00e4ndning. Tillverkad av en h\u00f6gstark aluminiumlegering och med IP67-klassning \u00e4r detta gev\u00e4rssikte utformat f\u00f6r att prestera i alla yttre milj\u00f6er och anpassa sig till alla situationer.<\/p>\n<p>Nocpix ACE H50 termiska gev\u00e4rssikte \u00e4r ett banbrytande verktyg utformat f\u00f6r att omdefiniera jaktupplevelsen, oavsett om du navigerar i den m\u00f6rka natten eller smyger efter byte genom utmanande terr\u00e4ng. Som en del av Nocpix flaggskepp ACE-serie utm\u00e4rker sig detta termiska optiska sikte genom sin \u00f6verl\u00e4gsen bildkvalitet och precision, tack vare den utvecklade h\u00f6guppl\u00f6sta termiska sensorn och de avancerade Reality+ och Vision+ systemen.<\/p>\n<p>Hj\u00e4rtat i Nocpix ACE H50R \u00e4r dess Gen-2 HD termiska sensor, som har en uppl\u00f6sning p\u00e5 640&#215;512 och en bildfrekvens p\u00e5 60 Hz, vilket erbjuder otroligt stabil prestanda. Med en NETD p\u00e5 \u226412mK uppt\u00e4cker detta sikte till och med de minsta temperaturskillnaderna, vilket ger detaljerade och j\u00e4mna termiska bilder, perfekta f\u00f6r att sp\u00e5ra snabbr\u00f6rliga m\u00e5l i realtid. Den avancerade Reality+ bildbehandlingsalgoritmen f\u00f6rb\u00e4ttrar detta ytterligare genom att eliminera omgivande temperaturst\u00f6rningar, vilket ger \u00f6verl\u00e4gsen kontrast och tydlighet \u00e4ven under utmanande jaktf\u00f6rh\u00e5llanden.<\/p>\n<p>ACE H50R \u00e4r utrustad med ett 50 mm\/F0,9 objektiv som till\u00e5ter 20% mer ljus att n\u00e5 sensorn, vilket skapar ljusare och tydligare bilder. Detta \u00e4r avg\u00f6rande f\u00f6r j\u00e4gare som str\u00e4var efter precision, eftersom den f\u00f6rb\u00e4ttrade ljus\u00f6verf\u00f6ringen ger b\u00e4ttre synlighet i l\u00e5g-ljusmilj\u00f6er. Dessutom s\u00e4rskiljer sig ACE med sin 3100 meter l\u00e5nga detekteringsr\u00e4ckvidd, vilket g\u00f6r identifiering och sp\u00e5rning av avl\u00e4gsna m\u00e5l enklare och mer effektiv \u00e4n n\u00e5gonsin.<\/p>\n<p>Det integrerade Vision+ -systemet f\u00f6rb\u00e4ttrar den visuella upplevelsen med en 1,03 tum rund AMOLED-display med 2560&#215;2560 uppl\u00f6sning. Dess optiska zoomsystem, utformat f\u00f6r att undvika de suddiga och f\u00f6rvridna effekter som vanligtvis f\u00f6rknippas med traditionella elektroniska zoomalternativ, s\u00e4kerst\u00e4ller att j\u00e4gare kan njuta av tydliga, h\u00f6guppl\u00f6sta n\u00e4rbilder utan att f\u00f6rlora detaljer. Detta ger en djupare, bekv\u00e4mare visningsupplevelse, oavsett om du sp\u00e5nar byte p\u00e5 avst\u00e5nd eller zoomar in f\u00f6r precisionsm\u00e5lning.<\/p>\n<p>Konstruerad f\u00f6r l\u00e5ngvarig anv\u00e4ndning i f\u00e4lt har ACE ett dubbelt batterisystem med ett inbyggt 4000 mAh-batteri och ett ytterligare avtagbart 18650-batteri, vilket m\u00f6jligg\u00f6r oavbruten drift under l\u00e5nga jaktpass. Den robusta designen, tillverkad av en h\u00f6gstark aluminiumlegering, s\u00e4kerst\u00e4ller att ACE kan motst\u00e5 h\u00e5rd yttre milj\u00f6 och tung anv\u00e4ndning, d\u00e5 den har klarat str\u00e4nga st\u00f6ttesttester. Med IP67-klassad vattent\u00e4thet f\u00f6rblir siktet p\u00e5litligt i ogynnsamma v\u00e4derf\u00f6rh\u00e5llanden, vilket ger j\u00e4gare lugn och ro oavsett milj\u00f6.<\/p>\n<p>Konstruerad med j\u00e4gare i \u00e5tanke inkluderar Nocpix ACE H50R viktiga funktioner som rekylavaktiverad videoupptagning och ett slutarfritt design f\u00f6r enkel anv\u00e4ndning i f\u00e4lt. Med anv\u00e4ndarv\u00e4nliga till\u00e4gg som en fokusjusterare, laddskydd och m\u00f6jligheten att spela upp videor direkt via Galleri-funktionen kombinerar detta sikte h\u00f6gpresterande med bekv\u00e4mlighet f\u00f6r en optimal jaktupplevelse.<\/p>\n","protected":false},"excerpt":{"rendered":"<p>Den Nocpix ACE H50R-v\u00e4rmeriksikth\u00e5len kombinerar en avancerad 640&#215;512 12um-sensor, 3100m-detektion och en integrerad LRF f\u00f6r o\u00f6vertr\u00e4ffad jakt.<br \/>\nOm varan inte finns tillg\u00e4nglig, v\u00e4nligen kontakta oss: shop@nbg.eu eller +359896147790<\/p>\n","protected":false},"featured_media":686846,"template":"","meta":{"_acf_changed":false},"product_brand":[14465],"product_cat":[16104],"product_tag":[],"class_list":{"0":"post-686821","1":"product","2":"type-product","3":"status-publish","4":"has-post-thumbnail","6":"product_brand-nocpix","7":"product_cat-thermal-cameras-sv","9":"first","10":"instock","11":"taxable","12":"shipping-taxable","13":"purchasable","14":"product-type-simple"},"acf":[],"_links":{"self":[{"href":"https:\/\/nbg.eu\/sv\/wp-json\/wp\/v2\/product\/686821","targetHints":{"allow":["GET"]}}],"collection":[{"href":"https:\/\/nbg.eu\/sv\/wp-json\/wp\/v2\/product"}],"about":[{"href":"https:\/\/nbg.eu\/sv\/wp-json\/wp\/v2\/types\/product"}],"wp:featuredmedia":[{"embeddable":true,"href":"https:\/\/nbg.eu\/sv\/wp-json\/wp\/v2\/media\/686846"}],"wp:attachment":[{"href":"https:\/\/nbg.eu\/sv\/wp-json\/wp\/v2\/media?parent=686821"}],"wp:term":[{"taxonomy":"product_brand","embeddable":true,"href":"https:\/\/nbg.eu\/sv\/wp-json\/wp\/v2\/product_brand?post=686821"},{"taxonomy":"product_cat","embeddable":true,"href":"https:\/\/nbg.eu\/sv\/wp-json\/wp\/v2\/product_cat?post=686821"},{"taxonomy":"product_tag","embeddable":true,"href":"https:\/\/nbg.eu\/sv\/wp-json\/wp\/v2\/product_tag?post=686821"}],"curies":[{"name":"wp","href":"https:\/\/api.w.org\/{rel}","templated":true}]}}