{"id":686984,"date":"2025-12-18T18:25:22","date_gmt":"2025-12-18T15:25:22","guid":{"rendered":"https:\/\/nbg.eu\/product\/varmekamera-nocpix-bolt-l35r\/"},"modified":"2026-02-27T15:50:53","modified_gmt":"2026-02-27T12:50:53","slug":"varmekamera-nocpix-bolt-l35r","status":"publish","type":"product","link":"https:\/\/nbg.eu\/sv\/produkt\/varmekamera-nocpix-bolt-l35r\/","title":{"rendered":"V\u00e4rmekamera Nocpix Bolt L35R"},"content":{"rendered":"<h2>Den perfekta starten p\u00e5 din nattjakt: Nocpix Bolt L35R-v\u00e4rmekamera<\/h2>\n<p>Utformad f\u00f6r nyb\u00f6rjare som vill ha klarhet, allting i ett och sj\u00e4lvf\u00f6rtroende fr\u00e5n f\u00f6rsta dagen, kombinerar Nocpix BOLT skarp v\u00e4rmeavbildning, ett inbyggt avst\u00e5ndsm\u00e4tare och smarta ballistiska verktyg i en kompakt, l\u00e4ttanv\u00e4nd design &#8211; vilket ger nya j\u00e4gare exakt det de beh\u00f6ver f\u00f6r att jaga smart och skjuta s\u00e4kert.<\/p>\n<h2>Se tydligt, identifiera noggrant<\/h2>\n<p>Suddiga bilder och sv\u00e5ruppt\u00e4ckta m\u00e5l \u00e4r ett vanligt problem f\u00f6r nya anv\u00e4ndare av v\u00e4rmekikare, s\u00e4rskilt i m\u00f6rker. D\u00e4rf\u00f6r \u00e4r BOLT utrustad med en egenuteckad v\u00e4rmesensor med \u226420mK NETD och en snabb bildfrekvens p\u00e5 50 Hz, vilket ger dig j\u00e4mna, h\u00f6guppl\u00f6sta bilder \u00e4ven under sv\u00e5ra f\u00f6rh\u00e5llanden. Driven av v\u00e5r Reality+ bildalgoritm, klipper BOLT igenom dimma, buskar och m\u00f6rker f\u00f6r att ge skarpa bilder och tillf\u00f6rlitlig m\u00e5lidentifiering.<\/p>\n<h2>L\u00e4tt, fokuserad<\/h2>\n<p>Som ny j\u00e4gare, s\u00e4rskilt n\u00e4r du fortfarande v\u00e4njer dig vid att r\u00f6ra dig tyst och h\u00e5lla fokus. D\u00e4rf\u00f6r h\u00e5ller Nocpix BOLT det enkelt. Med sin vikt p\u00e5 endast 880 gram och dess kompakta, str\u00f6mlinjeformade design, \u00e4r den l\u00e4tt att b\u00e4ra, montera och man\u00f6vrera, \u00e4ven under l\u00e5nga jaktturer.<\/p>\n<h2>K\u00e4nn till avst\u00e5ndet, jaga med sj\u00e4lvf\u00f6rtroende<\/h2>\n<p>F\u00f6r nya j\u00e4gare kan det vara sv\u00e5rt att bed\u00f6ma avst\u00e5ndet, och missade skott kan skaka deras sj\u00e4lvf\u00f6rtroende. BOLT tar bort stressen fr\u00e5n skjutandet med en inbyggd 1 200-meters laserm\u00e4tare och intelligent ballistisk kalkylator. Du f\u00e5r exakta avst\u00e5ndsm\u00e4tningar och omedelbar rikthj\u00e4lp som hj\u00e4lper dig att placera varje skott exakt d\u00e4r det beh\u00f6vs. Fr\u00e5n din f\u00f6rsta jakt, ger BOLT nyb\u00f6rjare den f\u00f6rdel de beh\u00f6ver f\u00f6r att skjuta smartare och mer konsekvent.<\/p>\n<h2>Jaga hela dagen utan att oroa dig f\u00f6r str\u00f6m<\/h2>\n<p>Att slut p\u00e5 batteri under en jakt \u00e4r en mardr\u00f6m f\u00f6r varje ny j\u00e4gare. D\u00e4rf\u00f6r \u00e4r BOLT utformad med ett dubbelt batterisystem &#8211; ett l\u00e5nglivat 5 000 mAh inbyggt batteri plus ett l\u00f6stagbart 18 650-reservbatteri. Med en total kapacitet p\u00e5 9 000 mAh f\u00e5r du upp till 12 timmars kontinuerlig anv\u00e4ndning. Ingen stress, inga avbrott &#8211; bara str\u00f6m som \u00e4r med dig fr\u00e5n soluppg\u00e5ng till solnedg\u00e5ng.<\/p>\n<h2>Smart utrustning, engagerande jakt<\/h2>\n<p>F\u00f6r nyb\u00f6rjare kan det vara sv\u00e5rt att v\u00e4nja sig vid ny utrustning. BOLT g\u00f6r processen enkel med anpassningsbara riktmedel, justerbara skjutinst\u00e4llningar och sju f\u00e4rgpaletter f\u00f6r att passa olika milj\u00f6er. Dessutom l\u00e5ter smidig app-anslutning dig anpassa din inst\u00e4llning och dela dina \u00e4ventyr, vilket g\u00f6r varje jakt inte bara smartare, utan ocks\u00e5 roligare och mer bel\u00f6nande.<\/p>\n<h2>Robust design, p\u00e5litlig prestanda<\/h2>\n<p>N\u00e4r du precis b\u00f6rjat, \u00e4r det sista du vill oroa dig f\u00f6r att din utrustning g\u00e5r s\u00f6nder i f\u00e4lt. BOLT \u00e4r byggt starkt med en robust, enhetskaross i aluminium och IP67-skydd mot damm och vatten. Den \u00e4r testad f\u00f6r att t\u00e5la fall och h\u00f6g rekyl, s\u00e5 den f\u00f6rblir tillf\u00f6rlitlig och noggrann oavsett hur tuffa f\u00f6rh\u00e5llandena \u00e4r.<\/p>\n","protected":false},"excerpt":{"rendered":"<p>W\u00e4rmebildkameran Nocpix Bolt L35R erbjuder skarp termisk avbildning, inbyggd avst\u00e5ndsm\u00e4tare och smarta ballistiska verktyg i en kompakt, l\u00e4ttanv\u00e4nd design f\u00f6r nya nattj\u00e4gare.<\/p>\n<p>Om varan inte finns tillg\u00e4nglig, kontakta oss g\u00e4rna: shop@nbg.eu eller +359896147790.<\/p>\n","protected":false},"featured_media":687413,"template":"","meta":{"_acf_changed":false},"product_brand":[14465],"product_cat":[2876],"product_tag":[],"class_list":{"0":"post-686984","1":"product","2":"type-product","3":"status-publish","4":"has-post-thumbnail","6":"product_brand-nocpix","7":"product_cat-rahohvatki","9":"first","10":"instock","11":"taxable","12":"shipping-taxable","13":"purchasable","14":"product-type-simple"},"acf":[],"_links":{"self":[{"href":"https:\/\/nbg.eu\/sv\/wp-json\/wp\/v2\/product\/686984","targetHints":{"allow":["GET"]}}],"collection":[{"href":"https:\/\/nbg.eu\/sv\/wp-json\/wp\/v2\/product"}],"about":[{"href":"https:\/\/nbg.eu\/sv\/wp-json\/wp\/v2\/types\/product"}],"wp:featuredmedia":[{"embeddable":true,"href":"https:\/\/nbg.eu\/sv\/wp-json\/wp\/v2\/media\/687413"}],"wp:attachment":[{"href":"https:\/\/nbg.eu\/sv\/wp-json\/wp\/v2\/media?parent=686984"}],"wp:term":[{"taxonomy":"product_brand","embeddable":true,"href":"https:\/\/nbg.eu\/sv\/wp-json\/wp\/v2\/product_brand?post=686984"},{"taxonomy":"product_cat","embeddable":true,"href":"https:\/\/nbg.eu\/sv\/wp-json\/wp\/v2\/product_cat?post=686984"},{"taxonomy":"product_tag","embeddable":true,"href":"https:\/\/nbg.eu\/sv\/wp-json\/wp\/v2\/product_tag?post=686984"}],"curies":[{"name":"wp","href":"https:\/\/api.w.org\/{rel}","templated":true}]}}