{"id":687702,"date":"2026-01-08T18:14:10","date_gmt":"2026-01-08T15:14:10","guid":{"rendered":"https:\/\/nbg.eu\/product\/termisk-monokular-lumi-h35\/"},"modified":"2026-04-14T16:21:16","modified_gmt":"2026-04-14T13:21:16","slug":"termisk-monokular-lumi-h35","status":"publish","type":"product","link":"https:\/\/nbg.eu\/sv\/produkt\/termisk-monokular-lumi-h35\/","title":{"rendered":"Nocpix V\u00e4rmemonokular LUMI H35"},"content":{"rendered":"<h2>Nocpix LUMI H35: Din oumb\u00e4rliga f\u00f6ljeslagare f\u00f6r alla till\u00e4mpningar<\/h2>\n<p>LUMI-serien av v\u00e4rmekameror \u00e4r utformad f\u00f6r b\u00e5de dag- och nattanv\u00e4ndning och erbjuder dig exceptionell bildkvalitet \u00e4ven under sv\u00e5ra v\u00e4derf\u00f6rh\u00e5llanden som dimma, smog eller regn. \u00c4ven om hinder som grenar, h\u00f6gt gr\u00e4s eller t\u00e4t vegetation g\u00f6r det sv\u00e5rt att se, till\u00e5ter denna teknik dig att alltid se tydligt vad som finns framf\u00f6r dig. De \u00e4r ocks\u00e5 s\u00e5 kompakta och l\u00e4ttviktiga att du l\u00e4tt kan b\u00e4ra dem \u00f6verallt.<\/p>\n<p>LUMI-v\u00e4rmekameror \u00e4r perfekta f\u00f6r en m\u00e4ngd olika till\u00e4mpningar som jakt, \u00f6vervakning, s\u00e4kerhet, terr\u00e4ngorientering eller s\u00f6k- och r\u00e4ddningsinsatser.<\/p>\n<h2>\u00d6verl\u00e4gsen bildprestanda f\u00f6r knivskarp bild<\/h2>\n<p>LUMI-serien s\u00e4tter nya standarder n\u00e4r det g\u00e4ller bildkvalitet. Utrustad med de mest avancerade bildbehandlingsalgoritmer och en kraftfull v\u00e4rmesensor med NETD &lt; 18 mK levererar kameran knivskarp och realistisk bild. AMOLED-displayen med en uppl\u00f6sning p\u00e5 1024 x 768 pixlar s\u00e4kerst\u00e4ller exceptionell bildpresentation, medan Ultra Clear-l\u00e4get ytterligare optimerar bildsk\u00e4rpan, s\u00e4rskilt under sv\u00e5ra v\u00e4derf\u00f6rh\u00e5llanden.<\/p>\n<h2>Personlig tittupplevelse &#8211; anpassa din enhet perfekt<\/h2>\n<p>Tack vare den stora 640 x 512 px-sensorn och olika justeringsm\u00f6jligheter kan du anpassa enheten exakt efter dina behov. V\u00e4lj mellan 5 f\u00e4rgl\u00e4gen och optimera din vy med 10 niv\u00e5er av ljusstyrka, sk\u00e4rpa och kontrast &#8211; s\u00e5 att inget detalj g\u00e5r f\u00f6rlorad.<\/p>\n<h2>Att dela upplevelser \u00e4r l\u00e4tt med LUMI<\/h2>\n<p>F\u00f6r den moderna j\u00e4garen \u00e4r det viktigt att kunna f\u00e5nga speciella \u00f6gonblick. Med Nocpix LUMI H35 kan du inte bara smidigt dela dina inspelningar via appen, utan ocks\u00e5 spela upp dem direkt p\u00e5 enheten &#8211; perfekt f\u00f6r att omedelbart dela dina upplevelser med andra.<\/p>\n<h2>Flexibel anv\u00e4ndning tack vare det utbytbara batterisystemet<\/h2>\n<p>LUMI-serien \u00e4r utrustad med standardbatterier av typen 18650, vilket ger dig maximal flexibilitet. Oavsett var du befinner dig, kommer du med den medf\u00f6ljande batteriladdaren snabbt att vara redo f\u00f6r nya uppdrag &#8211; och du kan forts\u00e4tta din mission.<\/p>\n","protected":false},"excerpt":{"rendered":"<p>Nocpix LUMI H35: Din oumb\u00e4rliga f\u00f6ljeslagare f\u00f6r alla till\u00e4mpningar. 640-sensor med 18 mK, AMOLED-display med 1024 \u00d7 768 pixlar, l\u00f6stagbart 18650-batteri, detekteringsr\u00e4ckvidd p\u00e5 cirka 1800 meter, kompakt design.<\/p>\n<p>Om varan inte \u00e4r tillg\u00e4nglig, kontakta oss g\u00e4rna: shop@nbg.eu eller +359896147790<\/p>\n","protected":false},"featured_media":687751,"template":"","meta":{"_acf_changed":false},"product_brand":[14465],"product_cat":[16103,13024],"product_tag":[],"class_list":{"0":"post-687702","1":"product","2":"type-product","3":"status-publish","4":"has-post-thumbnail","6":"product_brand-nocpix","7":"product_cat-monoculars-sv","8":"product_cat-termisk","10":"first","11":"instock","12":"taxable","13":"shipping-taxable","14":"purchasable","15":"product-type-simple"},"acf":[],"_links":{"self":[{"href":"https:\/\/nbg.eu\/sv\/wp-json\/wp\/v2\/product\/687702","targetHints":{"allow":["GET"]}}],"collection":[{"href":"https:\/\/nbg.eu\/sv\/wp-json\/wp\/v2\/product"}],"about":[{"href":"https:\/\/nbg.eu\/sv\/wp-json\/wp\/v2\/types\/product"}],"wp:featuredmedia":[{"embeddable":true,"href":"https:\/\/nbg.eu\/sv\/wp-json\/wp\/v2\/media\/687751"}],"wp:attachment":[{"href":"https:\/\/nbg.eu\/sv\/wp-json\/wp\/v2\/media?parent=687702"}],"wp:term":[{"taxonomy":"product_brand","embeddable":true,"href":"https:\/\/nbg.eu\/sv\/wp-json\/wp\/v2\/product_brand?post=687702"},{"taxonomy":"product_cat","embeddable":true,"href":"https:\/\/nbg.eu\/sv\/wp-json\/wp\/v2\/product_cat?post=687702"},{"taxonomy":"product_tag","embeddable":true,"href":"https:\/\/nbg.eu\/sv\/wp-json\/wp\/v2\/product_tag?post=687702"}],"curies":[{"name":"wp","href":"https:\/\/api.w.org\/{rel}","templated":true}]}}