{"id":687816,"date":"2026-01-08T18:13:58","date_gmt":"2026-01-08T15:13:58","guid":{"rendered":"https:\/\/nbg.eu\/product\/termisk-kamera-ace-s60r\/"},"modified":"2026-04-14T16:21:22","modified_gmt":"2026-04-14T13:21:22","slug":"termisk-kamera-ace-s60r","status":"publish","type":"product","link":"https:\/\/nbg.eu\/sv\/produkt\/termisk-kamera-ace-s60r\/","title":{"rendered":"Nocpix V\u00e4rmekamera ACE S60R"},"content":{"rendered":"<h2>Produktbeskrivning<\/h2>\n<p>Nocpix ACE S60R Termisk Kikare \u00e4r ett helt nytt och banbrytande verktyg designat f\u00f6r elitj\u00e4gare som kr\u00e4ver topprestanda i de mest utmanande milj\u00f6er. Med sin avancerade teknik och robusta konstruktion \u00e4r denna ledande termiska kikare utformad f\u00f6r att hj\u00e4lpa dig beh\u00e4rska natten och t\u00e4mja viltet. Oavsett om du spanar efter byte p\u00e5 l\u00e5ngt h\u00e5ll eller sp\u00e5rar snabba m\u00e5l, erbjuder ACE S60R o\u00f6vertr\u00e4ffad klarhet, precision och tillf\u00f6rlitlighet.<\/p>\n<p>Hj\u00e4rtat i denna extraordin\u00e4ra kikare \u00e4r en Gen-2 HD termisk sensor med en imponerande uppl\u00f6sning p\u00e5 1280\u00d71024 och en ultrak\u00e4nslig NETD p\u00e5 \u226415mK. Denna n\u00e4sta generations sensor l\u00e5ter ACE S60R uppt\u00e4cka till och med de minsta temperaturskillnaderna, vilket ger klara, detaljerade termiska bilder i realtid. Med en bildfrekvens p\u00e5 50 Hz levererar kikaren j\u00e4mna, smidiga bilder som h\u00e5ller j\u00e4mna steg med m\u00e5lens hastighet, s\u00e5 att du kan l\u00e5sa dig p\u00e5 m\u00e5let med o\u00f6vertr\u00e4ffad precision.<\/p>\n<p>Nocpix ACE S60R har ocks\u00e5 ett 60 mm\/F1.0-objektiv som samlar in 20 % mer ljus \u00e4n standardkikare, vilket ger dig ljusare och klarare bilder \u00e4ven i de m\u00f6rkaste milj\u00f6er. Dess \u00f6verl\u00e4gsna l\u00e5ngdistansidentifiering p\u00e5 upp till 3100 meter l\u00e5ter dig enkelt identifiera och sp\u00e5ra avl\u00e4gsna m\u00e5l, vilket ger en avg\u00f6rande f\u00f6rdel i l\u00e5ngdistansjakt och skjutscenarier. I kombination med Nocpix egenutvecklade Reality+ bildbehandlingsalgoritm reducerar ACE S60R omgivande brus avsev\u00e4rt och ger skarpa, h\u00f6gkontrastbilder varje g\u00e5ng.<\/p>\n<p>F\u00f6r dem som vill ha \u00e4nnu klarare visning \u00e4r ACE S60R utrustad med det innovativa Vision+-systemet. Den runda 1,03-tums 2560\u00d72560 AMOLED-sk\u00e4rmen, tillsammans med branschledande okular-f\u00f6rstoring, levererar o\u00f6vertr\u00e4ffad optisk f\u00f6rstoring utan vanligt f\u00f6rekommande suddighet eller f\u00f6rvr\u00e4ngning fr\u00e5n elektronisk f\u00f6rstoring. Denna banbrytande teknik s\u00e4kerst\u00e4ller att du f\u00e5r en kristallklar vy och ett brett synf\u00e4lt, oavsett om du n\u00e4rmar dig ditt m\u00e5l eller spanar \u00f6ver omgivningen.<\/p>\n<p>Precision \u00e4r nyckeln n\u00e4r det kommer till jakt, och ACE S60R lever upp till f\u00f6rv\u00e4ntningarna. Den inbyggda Laseravst\u00e5ndsm\u00e4taren (LRF) ger exakta m\u00e4tningar p\u00e5 upp till 1200 meter. LRF \u00e4r smidigt integrerad i det eleganta designen och bibeh\u00e5ller optisk axelinriktning, vilket l\u00e5ter dig ber\u00e4kna exakta avst\u00e5nd utan att st\u00f6ra fokus. Och med inbyggd ballistisk ber\u00e4kningsfunktion ser ACE S60R till att dina skott \u00e4r precisa och tar h\u00e4nsyn till alla faktorer f\u00f6r perfekt tr\u00e4ffs\u00e4kerhet.<\/p>\n<p>Designad med j\u00e4gare i \u00e5tanke har Nocpix ACE S60R \u00e4ven ett dubbelt batterisystem med ett inbyggt 4000 mAh-batteri och ett l\u00f6stagbart 18650-batteri f\u00f6r ut\u00f6kad anv\u00e4ndning i f\u00e4lt. Slipp oro f\u00f6r batteriutl\u00f6sning mitt under jakten &#8211; detta system \u00e4r utformat f\u00f6r att h\u00e5lla s\u00e5 l\u00e4nge som ditt \u00e4ventyr. Funktioner som automatisk sk\u00e4rmavst\u00e4ngning, vibrationskontrollerad videoinspelning och ett t\u00e4ckdesign g\u00f6r denna termiska kikare till en sann banbrytare p\u00e5 f\u00e4ltet.<\/p>\n<p>Byggd f\u00f6r de tuffaste utomhusmilj\u00f6erna \u00e4r ACE S60R tillverkad av en l\u00e4ttmetallslegering, noggrant testad f\u00f6r att t\u00e5la extrema st\u00f6tar och grov anv\u00e4ndning. Med IP67-klassning f\u00f6r vattent\u00e5lighet presterar den felfritt i regn, damm och utmanande milj\u00f6er, vilket s\u00e4kerst\u00e4ller att din kikare \u00e4r lika h\u00e5llbar som dina jaktinstinkter.<\/p>\n<p>Nocpix ACE S60R \u00e4r mer \u00e4n bara en termisk sikt &#8211; det \u00e4r den ultimata jaktkompanjon. Med banbrytande teknik, exceptionell h\u00e5llbarhet och ett antal avancerade funktioner som utformats f\u00f6r att f\u00f6rb\u00e4ttra din jaktupplevelse, kommer denna sikt att omdefiniera vad du f\u00f6rv\u00e4ntar dig av din utrustning. F\u00f6rbered dig p\u00e5 att beh\u00e4rska natten.<\/p>\n","protected":false},"excerpt":{"rendered":"<p>Nocpix ACE S60R-v\u00e4rmesiktet \u00e4r ett banbrytande verktyg f\u00f6r elitj\u00e4gare som erbjuder enast\u00e5ende klarhet, precision och tillf\u00f6rlitlighet i de mest kr\u00e4vande milj\u00f6erna. Dess Gen-2 HD-v\u00e4rmesensor, 60 mm\/F1.0-objektiv och avancerade Vision+-system levererar exceptionell bildkvalitet, medan den integrerade laserm\u00e4taren, balistiska ber\u00e4kningar och dubbla batterisystemet ger precision och ut\u00f6kad anv\u00e4ndning. Tillverkad av h\u00e5llbar aluminiumlegering och klassad IP67 \u00e4r ACE S60R byggd f\u00f6r att t\u00e5la de tuffaste f\u00f6rh\u00e5llandena.<\/p>\n","protected":false},"featured_media":687948,"template":"","meta":{"_acf_changed":false},"product_brand":[14465],"product_cat":[16104],"product_tag":[],"class_list":{"0":"post-687816","1":"product","2":"type-product","3":"status-publish","4":"has-post-thumbnail","6":"product_brand-nocpix","7":"product_cat-thermal-cameras-sv","9":"first","10":"instock","11":"taxable","12":"shipping-taxable","13":"purchasable","14":"product-type-simple"},"acf":[],"_links":{"self":[{"href":"https:\/\/nbg.eu\/sv\/wp-json\/wp\/v2\/product\/687816","targetHints":{"allow":["GET"]}}],"collection":[{"href":"https:\/\/nbg.eu\/sv\/wp-json\/wp\/v2\/product"}],"about":[{"href":"https:\/\/nbg.eu\/sv\/wp-json\/wp\/v2\/types\/product"}],"wp:featuredmedia":[{"embeddable":true,"href":"https:\/\/nbg.eu\/sv\/wp-json\/wp\/v2\/media\/687948"}],"wp:attachment":[{"href":"https:\/\/nbg.eu\/sv\/wp-json\/wp\/v2\/media?parent=687816"}],"wp:term":[{"taxonomy":"product_brand","embeddable":true,"href":"https:\/\/nbg.eu\/sv\/wp-json\/wp\/v2\/product_brand?post=687816"},{"taxonomy":"product_cat","embeddable":true,"href":"https:\/\/nbg.eu\/sv\/wp-json\/wp\/v2\/product_cat?post=687816"},{"taxonomy":"product_tag","embeddable":true,"href":"https:\/\/nbg.eu\/sv\/wp-json\/wp\/v2\/product_tag?post=687816"}],"curies":[{"name":"wp","href":"https:\/\/api.w.org\/{rel}","templated":true}]}}