{"id":688046,"date":"2025-10-17T23:10:38","date_gmt":"2025-10-17T20:10:38","guid":{"rendered":"https:\/\/nbg.eu\/product\/halvautomatisk-pistol-kmr-w-02-spectra-s-kaliber-9x19\/"},"modified":"2026-04-16T19:13:51","modified_gmt":"2026-04-16T16:13:51","slug":"halvautomatisk-pistol-kmr-w-02-spectra-s-kaliber-9x19","status":"publish","type":"product","link":"https:\/\/nbg.eu\/sv\/produkt\/halvautomatisk-pistol-kmr-w-02-spectra-s-kaliber-9x19\/","title":{"rendered":"KMR Halvautomatisk Pistol W-02 SPECTRA S"},"content":{"rendered":"<h2>KMR W-02 SPECTRA S OR Delautomatisk Pistol &#8211; 9&#215;19 Kaliber<\/h2>\n<p>Snabbhet kombinerad med kompakthet. KMR W-02 SPECTRA S OR \u00e4r en pistol med en mer kompakt design med ett reducerat grepp. Som med v\u00e5ra andra modeller kan du f\u00f6rv\u00e4nta dig h\u00f6g precision och en smidig, flytande anv\u00e4ndning med denna pistol. Pistolen \u00e4r utrustad med BRS-pipstabiliseringssystem, KMR-tillbeh\u00f6r, fullt justerbar bakre riktsikte, t\u00e4vlingshane och optiksredo gr\u00e4nssnitt.<\/p>\n<p>Funktioner:<\/p>\n<ul>\n<li>5&#8243; Tung, R\u00e4fflad, Nitrerad Pipa<\/li>\n<li>BRS \u2013 Pipringens System \u2013 Pipstabiliseringssystem i Slutstycket<\/li>\n<li>Ram och Slutstycke av St\u00e5l, CNC-Bearbetad fr\u00e5n ett Fast \u00c4mne<\/li>\n<li>Nitrerad Ram och Slutstycke \u2013 svart<\/li>\n<li>Ram Reducerad i Greppomr\u00e5det<\/li>\n<li>Optiksredo Gr\u00e4nssnitt (OR)<\/li>\n<li>Fiber-Optiskt Fr\u00e4mre Riktsikte (1 mm)<\/li>\n<li>Fullt Justerbart OR Bakre Riktsikte<\/li>\n<li>SA\/DA Avtryckarmekanism<\/li>\n<li>St\u00e5lr\u00e4fflad SA\/DA Avtryckare med Justerbar \u00d6verr\u00f6relse \u2013 svart<\/li>\n<li>Kort \u00c5terst\u00e4llning<\/li>\n<li>T\u00e4vlings SA\/DA Hane<\/li>\n<li>F\u00f6rl\u00e4ngd Manuell S\u00e4kring till V\u00e4nster<\/li>\n<li>Platt Manuell S\u00e4kring till H\u00f6ger<\/li>\n<li>Duralumin WAVES Grepp \u2013 M\u00f6rkr\u00f6d<\/li>\n<li>Justerbar Duralumin Magasinsfrisl\u00e4ppningsknapp \u2013 svart<\/li>\n<li>Magasin 9\u00d719, 9\u00d721 med en kapacitet p\u00e5 17 patroner<\/li>\n<li>Magasin \u2013 3x<\/li>\n<li>KMR Pistolv\u00e4ska, Reng\u00f6ringssats, KMR-Olja, Pipmonteringverktyg, Huvudfj\u00e4der 14 lbs, Rekylfj\u00e4drar 11 lbs, 13 lbs, Buffertset, Insexnycklar, L\u00e5sv\u00e4tska, Garantikort, Anv\u00e4ndarmanual<\/li>\n<\/ul>\n<p>Specifikationer:<\/p>\n<ul>\n<li>Kaliber: 9\u00d719, 9\u00d721<\/li>\n<li>Total L\u00e4ngd: 220 mm \/ 8,7 tum<\/li>\n<li>Slutstyckets L\u00e4ngd: 194 mm \/ 7,6 tum<\/li>\n<li>Total Bredd: 39 mm \/ 1,5 tum<\/li>\n<li>Slutstyckets Bredd: 26 mm \/ 1 tum<\/li>\n<li>Total H\u00f6jd: 146 mm \/ 5,7 tum<\/li>\n<li>Sikte Linje: 177 mm \/ 7 tum<\/li>\n<li>Pipans L\u00e4ngd: 127 mm \/ 5 tum<\/li>\n<li>Magasinkapacitet: 17<\/li>\n<li>Avtryckarmekanism: SA \/ DA<\/li>\n<li>Avtryckartr\u00e4ck: 17,5 N \/ 45 N<\/li>\n<li>Rekylfj\u00e4der: 12 lbs<\/li>\n<li>Huvudfj\u00e4der: 17 lbs<\/li>\n<li>Vikt (utan magasin): 1230 g \/ 43,4 oz<\/li>\n<li>Vikt (med tomt magasin): 1320 g \/ 46,6 oz<\/li>\n<\/ul>\n","protected":false},"excerpt":{"rendered":"<p>Fart i kombination med kompakthet. KMR W-02 SPECTRA S OR \u00e4r en pistol med en mer kompakt design med ett reducerat grepp. Som med v\u00e5ra andra modeller kan du f\u00f6rv\u00e4nta dig h\u00f6g precision och en smidig, flytande funktion med denna pistol. Pistolen \u00e4r utrustad med BRS-barrelsystabiliseringssystem, KMR-tillbeh\u00f6r, fullt justerbar bakre sikte, t\u00e4vlingshane och gr\u00e4nssnitt redo f\u00f6r optik.<\/p>\n","protected":false},"featured_media":688135,"template":"","meta":{"_acf_changed":false},"product_brand":[11511],"product_cat":[13052],"product_tag":[],"class_list":{"0":"post-688046","1":"product","2":"type-product","3":"status-publish","4":"has-post-thumbnail","6":"product_brand-kmr-precision","7":"product_cat-pistoler","9":"first","10":"instock","11":"taxable","12":"shipping-taxable","13":"purchasable","14":"product-type-simple"},"acf":[],"_links":{"self":[{"href":"https:\/\/nbg.eu\/sv\/wp-json\/wp\/v2\/product\/688046","targetHints":{"allow":["GET"]}}],"collection":[{"href":"https:\/\/nbg.eu\/sv\/wp-json\/wp\/v2\/product"}],"about":[{"href":"https:\/\/nbg.eu\/sv\/wp-json\/wp\/v2\/types\/product"}],"wp:featuredmedia":[{"embeddable":true,"href":"https:\/\/nbg.eu\/sv\/wp-json\/wp\/v2\/media\/688135"}],"wp:attachment":[{"href":"https:\/\/nbg.eu\/sv\/wp-json\/wp\/v2\/media?parent=688046"}],"wp:term":[{"taxonomy":"product_brand","embeddable":true,"href":"https:\/\/nbg.eu\/sv\/wp-json\/wp\/v2\/product_brand?post=688046"},{"taxonomy":"product_cat","embeddable":true,"href":"https:\/\/nbg.eu\/sv\/wp-json\/wp\/v2\/product_cat?post=688046"},{"taxonomy":"product_tag","embeddable":true,"href":"https:\/\/nbg.eu\/sv\/wp-json\/wp\/v2\/product_tag?post=688046"}],"curies":[{"name":"wp","href":"https:\/\/api.w.org\/{rel}","templated":true}]}}