{"id":688142,"date":"2025-10-17T23:30:59","date_gmt":"2025-10-17T20:30:59","guid":{"rendered":"https:\/\/nbg.eu\/product\/halvautomatisk-pistol-kmr-umbra-w-02-kaliber-9x19-gangad-pipa\/"},"modified":"2026-04-16T19:13:47","modified_gmt":"2026-04-16T16:13:47","slug":"halvautomatisk-pistol-kmr-umbra-w-02-kaliber-9x19-gangad-pipa","status":"publish","type":"product","link":"https:\/\/nbg.eu\/sv\/produkt\/halvautomatisk-pistol-kmr-umbra-w-02-kaliber-9x19-gangad-pipa\/","title":{"rendered":"KMR Halvautomatisk Pistol W-02 UMBRA med G\u00e4ngat Lopp"},"content":{"rendered":"<h2>KMR W-02 UMBRA OR &#8211; Kraftfull och kompakt pistol f\u00f6r t\u00e4vlingsskytte<\/h2>\n<p>Med denna kompakta pistol kommer du inte att f\u00f6rsvinna i t\u00e4vlingen, tv\u00e4rtom kan du \u00f6verraska.<\/p>\n<p>Pistolen \u00e4r utrustad med KMR-tillbeh\u00f6r och BRS-pipstabiliseringssystem, vilket inneb\u00e4r ett tr\u00e4ff i tavlans mitt.<\/p>\n<p>Denna modell \u00e4r inte bara f\u00f6r sportskjutning, utan f\u00f6r varje passionerad skytt.<\/p>\n<h2>Nyckeldetaljer<\/h2>\n<ul>\n<li>4,5&#8243; tung, r\u00e4fflad, nitriderad pipa<\/li>\n<li>BRS &#8211; Barrel Ring System &#8211; pipstabiliseringssystem i slutstycket<\/li>\n<li>Ram och slutstycke av st\u00e5l, CNC-bearbetade fr\u00e5n en solid blank<\/li>\n<li>Nitriderad ram och slutstycke &#8211; svart<\/li>\n<li>Optik-kompatibel yta (OR)<\/li>\n<li>Fiber-optisk framsikte (1 mm)<\/li>\n<li>Fullt justerbart OR-baksiktesystem<\/li>\n<li>SA\/DA-avtryckarmekanism<\/li>\n<li>St\u00e5l, r\u00e4fflad SA\/DA-avtryckare med justerbar \u00f6vervandring &#8211; svart<\/li>\n<li>Kort \u00e5terst\u00e4llning<\/li>\n<li>T\u00e4vlings SA\/DA-hane<\/li>\n<li>F\u00f6rl\u00e4ngd manuell s\u00e4kring till v\u00e4nster<\/li>\n<li>Platt manuell s\u00e4kring till h\u00f6ger<\/li>\n<li>Duralumin WAVES-grepp &#8211; svart<\/li>\n<li>Justerbar duralumin magasinknapp &#8211; svart<\/li>\n<li>Magasin 9&#215;19, 9&#215;21 med kapacitet p\u00e5 17 patroner<\/li>\n<\/ul>\n<h2>Vad som ing\u00e5r<\/h2>\n<ul>\n<li>KMR W-02 UMBRA OR-pistol<\/li>\n<li>3 st magasin<\/li>\n<li>Reng\u00f6ringskit<\/li>\n<li>KMR-olja<\/li>\n<li>Verktyg f\u00f6r piph\u00e5llare<\/li>\n<li>Huvudfj\u00e4der 14 lbs<\/li>\n<li>\u00c5terfj\u00e4der 11 lbs, 13 lbs<\/li>\n<li>Buffertset<\/li>\n<li>Sexkantnycklar<\/li>\n<li>G\u00e4ngl\u00e5s<\/li>\n<li>Garantikort<\/li>\n<li>Anv\u00e4ndarmanual<\/li>\n<li>Set med KMR Precision Arms reklamklisterm\u00e4rken<\/li>\n<\/ul>\n<h2>Specifikationer<\/h2>\n<ul>\n<li>Kaliber: 9&#215;19, 9&#215;21<\/li>\n<li>Total l\u00e4ngd: 208 mm \/ 8,2 tum<\/li>\n<li>Slutstyckel\u00e4ngd: 181 mm \/ 7 tum<\/li>\n<li>Total bredd: 39 mm \/ 1,5 tum<\/li>\n<li>Slutstyckebredd: 26 mm \/ 1 tum<\/li>\n<li>Total h\u00f6jd: 143 mm \/ 5,6 tum<\/li>\n<li>Sikte linje: 164 mm \/ 6,5 tum<\/li>\n<li>Pipans l\u00e4ngd: 114 mm \/ 4,5 tum<\/li>\n<li>Magasinskapacitet: 17<\/li>\n<li>Avtryckarmekanism: SA \/ DA<\/li>\n<li>Avtryckarvikt: 17,5 N \/ 45 N<\/li>\n<li>\u00c5terfj\u00e4der: 12 lbs<\/li>\n<li>Huvudfj\u00e4der: 17 lbs<\/li>\n<li>Vikt (utan magasin): 1180 g \/ 41,6 uns<\/li>\n<li>Vikt (med tomt magasin): 1270 g \/ 44,8 uns<\/li>\n<\/ul>\n","protected":false},"excerpt":{"rendered":"<p>Liten och kompakt, men kraftfull KMR W-02 UMBRA OR 9&#215;19-pistol med g\u00e4ngad pipa och BRS-pipstabilisering.<\/p>\n","protected":false},"featured_media":0,"template":"","meta":{"_acf_changed":false},"product_brand":[],"product_cat":[13069],"product_tag":[],"class_list":{"0":"post-688142","1":"product","2":"type-product","3":"status-publish","5":"product_cat-okategoriserad","7":"first","8":"instock","9":"taxable","10":"shipping-taxable","11":"purchasable","12":"product-type-simple"},"acf":[],"_links":{"self":[{"href":"https:\/\/nbg.eu\/sv\/wp-json\/wp\/v2\/product\/688142","targetHints":{"allow":["GET"]}}],"collection":[{"href":"https:\/\/nbg.eu\/sv\/wp-json\/wp\/v2\/product"}],"about":[{"href":"https:\/\/nbg.eu\/sv\/wp-json\/wp\/v2\/types\/product"}],"wp:attachment":[{"href":"https:\/\/nbg.eu\/sv\/wp-json\/wp\/v2\/media?parent=688142"}],"wp:term":[{"taxonomy":"product_brand","embeddable":true,"href":"https:\/\/nbg.eu\/sv\/wp-json\/wp\/v2\/product_brand?post=688142"},{"taxonomy":"product_cat","embeddable":true,"href":"https:\/\/nbg.eu\/sv\/wp-json\/wp\/v2\/product_cat?post=688142"},{"taxonomy":"product_tag","embeddable":true,"href":"https:\/\/nbg.eu\/sv\/wp-json\/wp\/v2\/product_tag?post=688142"}],"curies":[{"name":"wp","href":"https:\/\/api.w.org\/{rel}","templated":true}]}}