{"id":688798,"date":"2025-12-22T15:23:07","date_gmt":"2025-12-22T12:23:07","guid":{"rendered":"https:\/\/nbg.eu\/product\/hyllus-duffel-militargron-65-liter\/"},"modified":"2026-04-15T14:46:43","modified_gmt":"2026-04-15T11:46:43","slug":"hyllus-duffel-militargron-65-liter","status":"publish","type":"product","link":"https:\/\/nbg.eu\/sv\/produkt\/hyllus-duffel-militargron-65-liter\/","title":{"rendered":"Eberlestock Duffelv\u00e4ska Hyllus &#8211; 65 Liter"},"content":{"rendered":"<h2>Hyllus Duffel &#8211; 65 Liter<\/h2>\n<p>Hyllus Duffeln \u00e4r en vattent\u00e5lig och extremt h\u00e5llbar duffelbag som \u00e4r perfekt f\u00f6r att samla utrustning i pickupen eller i handbagagefacket. Golvet och sidov\u00e4ggarna \u00e4r gjorda av 1000D TPU-belagd nylon och ovandelen \u00e4r av 500D TPU-belagd nylonripstopp.<\/p>\n<p>Inv\u00e4ndiga och utv\u00e4ndiga fickor med blixtl\u00e5s g\u00f6r det enkelt och s\u00e4kert att organisera sm\u00e5 saker, medan en stor \u00f6ppning till huvudfacket m\u00f6jligg\u00f6r snabb f\u00f6rvaring av kl\u00e4der och stora artiklar. Hyllus har en webbremsa f\u00f6r att enkelt kunna f\u00e4sta den p\u00e5 ett teleskopiskt bagagesk\u00e5p.<\/p>\n<h2>M\u00e5tt<\/h2>\n<p>65L Volym: 3966ci<br \/>\n65L Vikt: 2.5 Lb<br \/>\n65L M\u00e5tt: 11H x 27L x 13B<\/p>\n<h2>Funktioner<\/h2>\n<p>Vattent\u00e5lig konstruktion<br \/>\nStort huvudfack med fickor med blixtl\u00e5s f\u00f6r inre organisering<br \/>\nExterna fickor med blixtl\u00e5s p\u00e5 b\u00e5da sidorna och framsidan<br \/>\nHandtag f\u00f6r duffelbag<\/p>\n","protected":false},"excerpt":{"rendered":"<p>Hyllus Duffel- 65 liter \u00e4r en vattenresistent, extremt h\u00e5llbar v\u00e4ska med en volym p\u00e5 3966 kubiktum och en vikt p\u00e5 2,5 lb.<\/p>\n","protected":false},"featured_media":688895,"template":"","meta":{"_acf_changed":false},"product_brand":[15158],"product_cat":[12993],"product_tag":[],"class_list":{"0":"post-688798","1":"product","2":"type-product","3":"status-publish","4":"has-post-thumbnail","6":"product_brand-eberlestock","7":"product_cat-skjutvaeskor","9":"first","10":"instock","11":"taxable","12":"shipping-taxable","13":"purchasable","14":"product-type-variable","15":"wvs-archive-product-wrapper"},"acf":[],"_links":{"self":[{"href":"https:\/\/nbg.eu\/sv\/wp-json\/wp\/v2\/product\/688798","targetHints":{"allow":["GET"]}}],"collection":[{"href":"https:\/\/nbg.eu\/sv\/wp-json\/wp\/v2\/product"}],"about":[{"href":"https:\/\/nbg.eu\/sv\/wp-json\/wp\/v2\/types\/product"}],"wp:featuredmedia":[{"embeddable":true,"href":"https:\/\/nbg.eu\/sv\/wp-json\/wp\/v2\/media\/688895"}],"wp:attachment":[{"href":"https:\/\/nbg.eu\/sv\/wp-json\/wp\/v2\/media?parent=688798"}],"wp:term":[{"taxonomy":"product_brand","embeddable":true,"href":"https:\/\/nbg.eu\/sv\/wp-json\/wp\/v2\/product_brand?post=688798"},{"taxonomy":"product_cat","embeddable":true,"href":"https:\/\/nbg.eu\/sv\/wp-json\/wp\/v2\/product_cat?post=688798"},{"taxonomy":"product_tag","embeddable":true,"href":"https:\/\/nbg.eu\/sv\/wp-json\/wp\/v2\/product_tag?post=688798"}],"curies":[{"name":"wp","href":"https:\/\/api.w.org\/{rel}","templated":true}]}}