{"id":689078,"date":"2025-03-06T13:06:02","date_gmt":"2025-03-06T10:06:02","guid":{"rendered":"https:\/\/nbg.eu\/product\/clawgear-m-lok-qd-mount\/"},"modified":"2026-05-13T15:10:03","modified_gmt":"2026-05-13T12:10:03","slug":"clawgear-m-lok-qd-mount","status":"publish","type":"product","link":"https:\/\/nbg.eu\/sv\/produkt\/clawgear-m-lok-qd-mount\/","title":{"rendered":"Clawgear M-LOK QD Mount"},"content":{"rendered":"<h2>Clawgear M-LOK QD-f\u00e4ste: S\u00e4ker, utan att sn\u00e4rja fast slinganslutning<\/h2>\n<p>H\u00f6j din vapenutrustning med Clawgear M-LOK QD-f\u00e4ste, konstruerat f\u00f6r kompromissl\u00f6s prestanda och smidig slinganslutning. Tillverkad av h\u00f6gstyrka aluminium och f\u00e4rdigst\u00e4lld med en Mil-Spec-anodiserad bel\u00e4ggning, levererar detta l\u00e5gprofilmontage exceptionell h\u00e5llbarhet och korrosionsbest\u00e4ndighet, vilket s\u00e4kerst\u00e4ller l\u00e5ngvarig tillf\u00f6rlitlighet ute p\u00e5 f\u00e4ltet.<\/p>\n<p>Den direkta M-LOK-anslutningen ger ett s\u00e4kert, utan att sn\u00e4rja fast gr\u00e4nssnitt, medan anti-rotationsfunktionen ser till att din slingsvivel sitter fast ordentligt och f\u00f6rhindrar o\u00f6nskad r\u00f6relse eller f\u00f6rskjutning. Kompatibel med alla standard-QD-svivelkrokar, ger Clawgear M-LOK QD-f\u00e4ste m\u00f6jlighet till snabb och enkel slinganslutning och bortkoppling, vilket str\u00f6mlinjeformar dina \u00f6verg\u00e5ngar och f\u00f6rb\u00e4ttrar din \u00f6vergripande skjutupplevelse.<\/p>\n<p>Oavsett om du ger dig in i kr\u00e4vande taktiska scenarier eller ger dig ut p\u00e5 \u00e4ventyr i naturen, \u00e4r Clawgear M-LOK QD-f\u00e4ste den p\u00e5litliga och m\u00e5ngsidiga l\u00f6sningen f\u00f6r dina slinganslutningsbehov. H\u00f6j din vapenprestanda med denna robusta och anv\u00e4ndarv\u00e4nliga tillbeh\u00f6r.<\/p>\n","protected":false},"excerpt":{"rendered":"<p>Aluminiummontering av h\u00f6g kvalitet med M-LOK QD, med l\u00e5gprofil och antirotationsdesign f\u00f6r robust och surrningsfri slingf\u00e4stning.<\/p>\n","protected":false},"featured_media":240609,"template":"","meta":{"_acf_changed":false},"product_brand":[11235],"product_cat":[13053,13014,12989],"product_tag":[],"class_list":{"0":"post-689078","1":"product","2":"type-product","3":"status-publish","4":"has-post-thumbnail","6":"product_brand-clawgear","7":"product_cat-gevaer","8":"product_cat-gevaerstuning","9":"product_cat-remmar","11":"first","12":"outofstock","13":"taxable","14":"shipping-taxable","15":"purchasable","16":"product-type-simple"},"acf":[],"_links":{"self":[{"href":"https:\/\/nbg.eu\/sv\/wp-json\/wp\/v2\/product\/689078","targetHints":{"allow":["GET"]}}],"collection":[{"href":"https:\/\/nbg.eu\/sv\/wp-json\/wp\/v2\/product"}],"about":[{"href":"https:\/\/nbg.eu\/sv\/wp-json\/wp\/v2\/types\/product"}],"wp:featuredmedia":[{"embeddable":true,"href":"https:\/\/nbg.eu\/sv\/wp-json\/wp\/v2\/media\/240609"}],"wp:attachment":[{"href":"https:\/\/nbg.eu\/sv\/wp-json\/wp\/v2\/media?parent=689078"}],"wp:term":[{"taxonomy":"product_brand","embeddable":true,"href":"https:\/\/nbg.eu\/sv\/wp-json\/wp\/v2\/product_brand?post=689078"},{"taxonomy":"product_cat","embeddable":true,"href":"https:\/\/nbg.eu\/sv\/wp-json\/wp\/v2\/product_cat?post=689078"},{"taxonomy":"product_tag","embeddable":true,"href":"https:\/\/nbg.eu\/sv\/wp-json\/wp\/v2\/product_tag?post=689078"}],"curies":[{"name":"wp","href":"https:\/\/api.w.org\/{rel}","templated":true}]}}