{"id":689238,"date":"2024-08-18T11:35:41","date_gmt":"2024-08-18T08:35:41","guid":{"rendered":"https:\/\/nbg.eu\/product\/ejector-sa-da-kmr\/"},"modified":"2026-05-13T15:09:50","modified_gmt":"2026-05-13T12:09:50","slug":"ejector-sa-da-kmr","status":"publish","type":"product","link":"https:\/\/nbg.eu\/sv\/produkt\/ejector-sa-da-kmr\/","title":{"rendered":"KMR Utkastare SA\/DA"},"content":{"rendered":"<h2>Ejector SA\/DA KMR f\u00f6r Weapons KMR<\/h2>\n<p>Ejector SA\/DA KMR \u00e4r ett m\u00e5ngsidigt och tillf\u00f6rlitligt tillbeh\u00f6r designat f\u00f6r anv\u00e4ndning med olika Weapons KMR-modeller. Den har en enkelverkande (SA) och dubbelverkande (DA) mekanism, vilket ger anv\u00e4ndare \u00f6kad flexibilitet och kontroll under anv\u00e4ndning. Kompatibel med f\u00f6ljande modeller:<\/p>\n<ul>\n<li>KMR L-02 EMIQ<\/li>\n<li>KMR L-02 EMIQ (OR)<\/li>\n<li>KMR L-02 ORCA FROM 2024<\/li>\n<li>KMR L-02 ORCA UNTIL 2023<\/li>\n<li>KMR L-02 SPECTRA FROM 2024<\/li>\n<li>KMR L-02 SPECTRA UNTIL 2023<\/li>\n<li>KMR L-02 UMBRA (OR) SR<\/li>\n<li>KMR W-02 CUDA (OR)<\/li>\n<li>KMR W-02 UMBRA<\/li>\n<li>KMR W-02 UMBRA (OR)<\/li>\n<\/ul>\n<p>Referensnummer 1060-00701-0401<\/p>\n","protected":false},"excerpt":{"rendered":"<p>Ejektorenhet SA\/DA KMR &#8211; p\u00e5litligt och m\u00e5ngsidig vapenkomponent f\u00f6r KMR.<\/p>\n","protected":false},"featured_media":25696,"template":"","meta":{"_acf_changed":false},"product_brand":[11511],"product_cat":[13003],"product_tag":[],"class_list":{"0":"post-689238","1":"product","2":"type-product","3":"status-publish","4":"has-post-thumbnail","6":"product_brand-kmr-precision","7":"product_cat-kmr-delar","9":"first","10":"instock","11":"taxable","12":"shipping-taxable","13":"product-type-simple"},"acf":[],"_links":{"self":[{"href":"https:\/\/nbg.eu\/sv\/wp-json\/wp\/v2\/product\/689238","targetHints":{"allow":["GET"]}}],"collection":[{"href":"https:\/\/nbg.eu\/sv\/wp-json\/wp\/v2\/product"}],"about":[{"href":"https:\/\/nbg.eu\/sv\/wp-json\/wp\/v2\/types\/product"}],"wp:featuredmedia":[{"embeddable":true,"href":"https:\/\/nbg.eu\/sv\/wp-json\/wp\/v2\/media\/25696"}],"wp:attachment":[{"href":"https:\/\/nbg.eu\/sv\/wp-json\/wp\/v2\/media?parent=689238"}],"wp:term":[{"taxonomy":"product_brand","embeddable":true,"href":"https:\/\/nbg.eu\/sv\/wp-json\/wp\/v2\/product_brand?post=689238"},{"taxonomy":"product_cat","embeddable":true,"href":"https:\/\/nbg.eu\/sv\/wp-json\/wp\/v2\/product_cat?post=689238"},{"taxonomy":"product_tag","embeddable":true,"href":"https:\/\/nbg.eu\/sv\/wp-json\/wp\/v2\/product_tag?post=689238"}],"curies":[{"name":"wp","href":"https:\/\/api.w.org\/{rel}","templated":true}]}}