{"id":689260,"date":"2024-08-17T17:58:41","date_gmt":"2024-08-17T14:58:41","guid":{"rendered":"https:\/\/nbg.eu\/product\/ejector-spring-kmr\/"},"modified":"2026-05-13T16:02:32","modified_gmt":"2026-05-13T13:02:32","slug":"ejector-spring-kmr","status":"publish","type":"product","link":"https:\/\/nbg.eu\/sv\/produkt\/ejector-spring-kmr\/","title":{"rendered":"KMR Utkastarefj\u00e4der"},"content":{"rendered":"<h2>Ejector Spring KMR<\/h2>\n<p>Ejector Spring KMR \u00e4r en viktig komponent f\u00f6r en m\u00e4ngd olika vapenmodeller, utformad f\u00f6r att tillhandah\u00e5lla p\u00e5litlig och konsekvent utkastning av f\u00f6rbrukade patroner.<\/p>\n<p>Konstruerad med precision och h\u00e5llbarhet i \u00e5tanke, denna fj\u00e4der s\u00e4kerst\u00e4ller p\u00e5litlig extraktion och utkastning av f\u00f6rbrukade patroner, vilket uppr\u00e4tth\u00e5ller den smidiga och konsekventa funktionen av ditt vapen. Tillverkad av h\u00f6gkvalitativa material, \u00e4r denna fj\u00e4der utformad f\u00f6r att klara p\u00e5frestningarna av regelbunden anv\u00e4ndning och leverera l\u00e5ngvariga prestanda.<\/p>\n<p>Oavsett om du \u00e4r en professionell skytt eller entusiastisk amat\u00f6r, \u00e4r denna komponent en viktig tillbeh\u00f6r f\u00f6r att uppr\u00e4tth\u00e5lla optimal prestanda f\u00f6r dina KMR-kompatibla vapen. Investera i denna p\u00e5litliga komponent och upplev skillnaden den kan g\u00f6ra i din skjutupplevelse.<\/p>\n<p>F\u00f6r vapen KMR:<\/p>\n<p>KMR L-02 EMIQ<\/p>\n<p>KMR L-02 EMIQ (OR)<\/p>\n<p>KMR L-02 ORCA FROM 2024<\/p>\n<p>KMR L-02 ORCA UNTIL 2023<\/p>\n<p>KMR L-02 SPECTRA FROM 2024<\/p>\n<p>KMR L-02 SPECTRA UNTIL 2023<\/p>\n<p>KMR L-02 UMBRA (OR) SR<\/p>\n<p>KMR S-02 FROM 2024<\/p>\n<p>KMR W-02 CUDA (OR)<\/p>\n<p>KMR W-02 UMBRA<\/p>\n<p>KMR W-02 UMBRA (OR)<\/p>\n","protected":false},"excerpt":{"rendered":"<p>Utskjutningsfj\u00e4der f\u00f6r KMR-vapen, kompatibel med flera modeller.<\/p>\n","protected":false},"featured_media":24744,"template":"","meta":{"_acf_changed":false},"product_brand":[11511],"product_cat":[13021,13003],"product_tag":[],"class_list":{"0":"post-689260","1":"product","2":"type-product","3":"status-publish","4":"has-post-thumbnail","6":"product_brand-kmr-precision","7":"product_cat-fjaedrar","8":"product_cat-kmr-delar","10":"first","11":"instock","12":"taxable","13":"shipping-taxable","14":"product-type-simple"},"acf":[],"_links":{"self":[{"href":"https:\/\/nbg.eu\/sv\/wp-json\/wp\/v2\/product\/689260","targetHints":{"allow":["GET"]}}],"collection":[{"href":"https:\/\/nbg.eu\/sv\/wp-json\/wp\/v2\/product"}],"about":[{"href":"https:\/\/nbg.eu\/sv\/wp-json\/wp\/v2\/types\/product"}],"wp:featuredmedia":[{"embeddable":true,"href":"https:\/\/nbg.eu\/sv\/wp-json\/wp\/v2\/media\/24744"}],"wp:attachment":[{"href":"https:\/\/nbg.eu\/sv\/wp-json\/wp\/v2\/media?parent=689260"}],"wp:term":[{"taxonomy":"product_brand","embeddable":true,"href":"https:\/\/nbg.eu\/sv\/wp-json\/wp\/v2\/product_brand?post=689260"},{"taxonomy":"product_cat","embeddable":true,"href":"https:\/\/nbg.eu\/sv\/wp-json\/wp\/v2\/product_cat?post=689260"},{"taxonomy":"product_tag","embeddable":true,"href":"https:\/\/nbg.eu\/sv\/wp-json\/wp\/v2\/product_tag?post=689260"}],"curies":[{"name":"wp","href":"https:\/\/api.w.org\/{rel}","templated":true}]}}