{"id":689351,"date":"2024-08-16T23:18:23","date_gmt":"2024-08-16T20:18:23","guid":{"rendered":"https:\/\/nbg.eu\/product\/extractor-pin-kmr\/"},"modified":"2026-05-13T16:02:07","modified_gmt":"2026-05-13T13:02:07","slug":"extractor-pin-kmr","status":"publish","type":"product","link":"https:\/\/nbg.eu\/sv\/produkt\/extractor-pin-kmr\/","title":{"rendered":"KMR Utdragarstift"},"content":{"rendered":"<h2>Extractor-stift f\u00f6r KMR-pistoler<\/h2>\n<p>F\u00f6rb\u00e4ttra prestandan och tillf\u00f6rlitligheten i din KMR-pistol med Extractor-stiftet. Tillverkat av h\u00e5rdnat verktygsst\u00e5l och konstruerat enligt exakta fabriksm\u00e5tt, denna komponent s\u00e4kerst\u00e4ller en perfekt passform i ditt slutstycke. Den slitagebest\u00e4ndiga ytan garanterar en l\u00e5ngvarig h\u00e5llbarhet, medan den h\u00f6ga dragh\u00e5llfastheten skyddar det viktiga extractor-pivotsystemet.<\/p>\n<p>Som axel f\u00f6r extractorns r\u00f6relse spelar detta stift en avg\u00f6rande roll i extraktionscykeln. Genom att uppr\u00e4tth\u00e5lla en j\u00e4mn fj\u00e4dersp\u00e4nning f\u00f6rhindrar det mekaniska fel och s\u00e4kerst\u00e4ller en smidig och tillf\u00f6rlitlig funktion vid varje skott. Oavsett om du \u00e4r en flitig t\u00e4vlingsskytt eller en entusiast inom personligt f\u00f6rsvar, \u00e4r Extractor-stiftet en viktig uppgradering f\u00f6r din KMR-pistol och ger dig den prestanda och trygghet du f\u00f6rv\u00e4ntar dig.<\/p>\n","protected":false},"excerpt":{"rendered":"<p>H\u00f6gh\u00e5llfasthets extraktorsv\u00e4xelpinne f\u00f6r KMR-pistoler; exakt passform och h\u00e5llbar finish.<\/p>\n","protected":false},"featured_media":23791,"template":"","meta":{"_acf_changed":false},"product_brand":[11511],"product_cat":[13003],"product_tag":[],"class_list":{"0":"post-689351","1":"product","2":"type-product","3":"status-publish","4":"has-post-thumbnail","6":"product_brand-kmr-precision","7":"product_cat-kmr-delar","9":"first","10":"instock","11":"taxable","12":"shipping-taxable","13":"product-type-simple"},"acf":[],"_links":{"self":[{"href":"https:\/\/nbg.eu\/sv\/wp-json\/wp\/v2\/product\/689351","targetHints":{"allow":["GET"]}}],"collection":[{"href":"https:\/\/nbg.eu\/sv\/wp-json\/wp\/v2\/product"}],"about":[{"href":"https:\/\/nbg.eu\/sv\/wp-json\/wp\/v2\/types\/product"}],"wp:featuredmedia":[{"embeddable":true,"href":"https:\/\/nbg.eu\/sv\/wp-json\/wp\/v2\/media\/23791"}],"wp:attachment":[{"href":"https:\/\/nbg.eu\/sv\/wp-json\/wp\/v2\/media?parent=689351"}],"wp:term":[{"taxonomy":"product_brand","embeddable":true,"href":"https:\/\/nbg.eu\/sv\/wp-json\/wp\/v2\/product_brand?post=689351"},{"taxonomy":"product_cat","embeddable":true,"href":"https:\/\/nbg.eu\/sv\/wp-json\/wp\/v2\/product_cat?post=689351"},{"taxonomy":"product_tag","embeddable":true,"href":"https:\/\/nbg.eu\/sv\/wp-json\/wp\/v2\/product_tag?post=689351"}],"curies":[{"name":"wp","href":"https:\/\/api.w.org\/{rel}","templated":true}]}}