{"id":689396,"date":"2024-08-17T17:59:06","date_gmt":"2024-08-17T14:59:06","guid":{"rendered":"https:\/\/nbg.eu\/product\/extractor-spring-kmr-s\/"},"modified":"2026-05-13T16:02:41","modified_gmt":"2026-05-13T13:02:41","slug":"extractor-spring-kmr-s","status":"publish","type":"product","link":"https:\/\/nbg.eu\/sv\/produkt\/extractor-spring-kmr-s\/","title":{"rendered":"KMR Utdragarfj\u00e4der S"},"content":{"rendered":"<h2>Extractor Spring KMR S: Precision konstruerad f\u00f6r optimal vapenprestanda<\/h2>\n<p>Extraktorn \u00e4r en noggrant konstruerad komponent som utformats f\u00f6r att s\u00e4kerst\u00e4lla exceptionell prestanda och tillf\u00f6rlitlighet i ett antal KMR-vapensystem.<\/p>\n<p>Konstruerad med precision och h\u00e5llbarhet i \u00e5tanke spelar denna fj\u00e4der en avg\u00f6rande roll f\u00f6r den smidiga och p\u00e5litliga funktionen hos dessa avancerade vapensystem. Dess noggrant kalibrerade design s\u00e4kerst\u00e4ller konsekvent och tillf\u00f6rlitlig utmatning, vilket ger anv\u00e4ndarna f\u00f6rtroende f\u00f6r sin utrustning i de mest kr\u00e4vande situationer.<\/p>\n<p>F\u00f6r vapen KMR:<\/p>\n<p>KMR S-01 LANCE (OR)<\/p>\n<p>KMR S-02 10 (OR) SR ADA<\/p>\n<p>KMR S-02 75 (OR) SR ADA<\/p>\n<p>KMR S-02 FROM 2024<\/p>\n<p>KMR S-02 SH1 (OR) SR ADA<\/p>\n<p>KMR S-02 SH2 (OR) SR ADA<\/p>\n<p>KMR S-02 TS (OR) SR ADA<\/p>\n<p>KMR S-02 UNTIL 2023<\/p>\n","protected":false},"excerpt":{"rendered":"<p>Uttagsfj\u00e4der f\u00f6r olika KMR-vapen, kompatibel fr\u00e5n 2024.<\/p>\n","protected":false},"featured_media":24767,"template":"","meta":{"_acf_changed":false},"product_brand":[11511],"product_cat":[13021,13003],"product_tag":[],"class_list":{"0":"post-689396","1":"product","2":"type-product","3":"status-publish","4":"has-post-thumbnail","6":"product_brand-kmr-precision","7":"product_cat-fjaedrar","8":"product_cat-kmr-delar","10":"first","11":"instock","12":"taxable","13":"shipping-taxable","14":"product-type-simple"},"acf":[],"_links":{"self":[{"href":"https:\/\/nbg.eu\/sv\/wp-json\/wp\/v2\/product\/689396","targetHints":{"allow":["GET"]}}],"collection":[{"href":"https:\/\/nbg.eu\/sv\/wp-json\/wp\/v2\/product"}],"about":[{"href":"https:\/\/nbg.eu\/sv\/wp-json\/wp\/v2\/types\/product"}],"wp:featuredmedia":[{"embeddable":true,"href":"https:\/\/nbg.eu\/sv\/wp-json\/wp\/v2\/media\/24767"}],"wp:attachment":[{"href":"https:\/\/nbg.eu\/sv\/wp-json\/wp\/v2\/media?parent=689396"}],"wp:term":[{"taxonomy":"product_brand","embeddable":true,"href":"https:\/\/nbg.eu\/sv\/wp-json\/wp\/v2\/product_brand?post=689396"},{"taxonomy":"product_cat","embeddable":true,"href":"https:\/\/nbg.eu\/sv\/wp-json\/wp\/v2\/product_cat?post=689396"},{"taxonomy":"product_tag","embeddable":true,"href":"https:\/\/nbg.eu\/sv\/wp-json\/wp\/v2\/product_tag?post=689396"}],"curies":[{"name":"wp","href":"https:\/\/api.w.org\/{rel}","templated":true}]}}